{"id":8631,"date":"2016-03-30T21:26:46","date_gmt":"2016-03-30T21:26:46","guid":{"rendered":"http:\/\/50.22.11.12\/~grietaor\/?page_id=8631"},"modified":"2016-05-07T23:24:11","modified_gmt":"2016-05-07T23:24:11","slug":"presa-la-maroma-slp","status":"publish","type":"page","link":"https:\/\/www.grieta.org.mx\/index.php\/proyectos-hidricos\/presa-la-maroma-slp\/","title":{"rendered":"Presa La Maroma (SLP)"},"content":{"rendered":"<p><img loading=\"lazy\" decoding=\"async\" data-attachment-id=\"8633\" data-permalink=\"https:\/\/www.grieta.org.mx\/index.php\/proyectos-hidricos\/presa-la-maroma-slp\/lamaroma\/\" data-orig-file=\"https:\/\/www.grieta.org.mx\/wp-content\/uploads\/2016\/03\/lamaroma.jpg\" data-orig-size=\"403,455\" data-comments-opened=\"0\" data-image-meta=\"{&quot;aperture&quot;:&quot;0&quot;,&quot;credit&quot;:&quot;&quot;,&quot;camera&quot;:&quot;&quot;,&quot;caption&quot;:&quot;&quot;,&quot;created_timestamp&quot;:&quot;0&quot;,&quot;copyright&quot;:&quot;&quot;,&quot;focal_length&quot;:&quot;0&quot;,&quot;iso&quot;:&quot;0&quot;,&quot;shutter_speed&quot;:&quot;0&quot;,&quot;title&quot;:&quot;&quot;,&quot;orientation&quot;:&quot;0&quot;}\" data-image-title=\"lamaroma\" data-image-description=\"\" data-image-caption=\"\" data-medium-file=\"https:\/\/www.grieta.org.mx\/wp-content\/uploads\/2016\/03\/lamaroma-266x300.jpg\" data-large-file=\"https:\/\/www.grieta.org.mx\/wp-content\/uploads\/2016\/03\/lamaroma.jpg\" class=\"alignnone size-full wp-image-8633 alignleft\" src=\"http:\/\/grieta.org.mx\/wp-content\/uploads\/2016\/03\/lamaroma.jpg\" alt=\"lamaroma\" width=\"403\" height=\"455\" srcset=\"https:\/\/www.grieta.org.mx\/wp-content\/uploads\/2016\/03\/lamaroma.jpg 403w, https:\/\/www.grieta.org.mx\/wp-content\/uploads\/2016\/03\/lamaroma-266x300.jpg 266w\" sizes=\"auto, (max-width: 403px) 100vw, 403px\" \/><\/p>\n<p>El proyecto consiste en la construcci\u00f3n de una presa de almacenamiento de agua para uso domiciliario y agr\u00edcola que tendr\u00eda una capacidad aproximada de 3Mm3 y que aprovechar\u00eda los escurrimientos superficiales del r\u00edo Jord\u00e1n.<\/p>\n<p>El proyecto contempla adem\u00e1s la construcci\u00f3n de un acueducto de 30km de longitud, 0,12m de di\u00e1metro y con capacidad de 100l\/s, el cual se usar\u00eda para abastecer a las localidades aleda\u00f1as al acueducto y a la ciudad de Matehuala. Asimismo comprende\u00a0 la perforaci\u00f3n y equipamiento de cinco pozos profundos para agua potable en el trayecto desde el acueducto, hasta la ciudad de Matehuala; as\u00ed como la modernizaci\u00f3n de la zona de riego de las zonas de San Bartolo, La Presa y La Biznaga, a trav\u00e9s de la construcci\u00f3n de un acueducto de 7km de longitud aproximada y 0.30m de di\u00e1metro; permitiendo cubrir en total 406HA.<\/p>\n<p>Localizada en territorio del pueblo Wix\u00e1rika, la construcci\u00f3n de la presa La Maroma implicar\u00e1 da\u00f1os profundos en los bosques de encino del \u00e1rea natural protegida de Wirikuta.<\/p>\n<p>Con informaci\u00f3n de:<br \/>\nwww.bnamericas.com\/project-profile\/es\/la-maroma-dam-presa-la-maroma<\/p>\n","protected":false},"excerpt":{"rendered":"<p>El proyecto consiste en la construcci\u00f3n de una presa de almacenamiento de agua para uso domiciliario y agr\u00edcola que tendr\u00eda una capacidad aproximada de 3Mm3 y que aprovechar\u00eda los escurrimientos &hellip; <a href=\"https:\/\/www.grieta.org.mx\/index.php\/proyectos-hidricos\/presa-la-maroma-slp\/\" class=\"more-link\">Leer m\u00e1s<\/a><\/p>\n","protected":false},"author":2,"featured_media":21928,"parent":8572,"menu_order":0,"comment_status":"closed","ping_status":"closed","template":"","meta":{"ngg_post_thumbnail":0,"footnotes":""},"class_list":["post-8631","page","type-page","status-publish","has-post-thumbnail","hentry","entry"],"jetpack_sharing_enabled":true,"jetpack_shortlink":"https:\/\/wp.me\/P7ZJR4-2fd","jetpack_likes_enabled":false,"jetpack-related-posts":[{"id":8595,"url":"https:\/\/www.grieta.org.mx\/index.php\/proyectos-hidricos\/acueducto-independencia-sonora\/","url_meta":{"origin":8631,"position":0},"title":"Acueducto Independencia (Sonora)","author":"grieta","date":"30 marzo, 2016","format":false,"excerpt":"En 2010 el gobierno de Sonora impuls\u00f3 la licitaci\u00f3n y la concesi\u00f3n para la construcci\u00f3n del Acueducto Independencia, de 172 kil\u00f3metros de longitud, con el que se pretenden entubar m\u00e1s de 60 millones de metros c\u00fabicos de agua anuales desde la presa Plutarco El\u00edas Calles \u201cEl Novillo\u201d, localizada en el\u2026","rel":"","context":"Entrada similar ","block_context":{"text":"Entrada similar ","link":""},"img":{"alt_text":"","src":"https:\/\/i0.wp.com\/www.grieta.org.mx\/wp-content\/uploads\/2018\/03\/14524434_1106112876131411_958039263622046936_o.jpg?resize=350%2C200&ssl=1","width":350,"height":200,"srcset":"https:\/\/i0.wp.com\/www.grieta.org.mx\/wp-content\/uploads\/2018\/03\/14524434_1106112876131411_958039263622046936_o.jpg?resize=350%2C200&ssl=1 1x, https:\/\/i0.wp.com\/www.grieta.org.mx\/wp-content\/uploads\/2018\/03\/14524434_1106112876131411_958039263622046936_o.jpg?resize=525%2C300&ssl=1 1.5x, https:\/\/i0.wp.com\/www.grieta.org.mx\/wp-content\/uploads\/2018\/03\/14524434_1106112876131411_958039263622046936_o.jpg?resize=700%2C400&ssl=1 2x"},"classes":[]},{"id":8623,"url":"https:\/\/www.grieta.org.mx\/index.php\/proyectos-hidricos\/presa-y-acueducto-del-zapotillo-jalisco\/","url_meta":{"origin":8631,"position":1},"title":"Presa y Acueducto del Zapotillo (Jalisco)","author":"grieta","date":"30 marzo, 2016","format":false,"excerpt":"El proyecto El Zapotillo incluye la construcci\u00f3n sobre el R\u00edo Verde, en los municipios de ca\u00f1adas de Obreg\u00f3n y Yahualica de Gonz\u00e1lez Gallo, Jalisco, de una cortina de gravedad de 105 metros de concreto, acueducto de 140 kil\u00f3metros y 2.54 metros de di\u00e1metro, y una planta potabilizadora, dos plantas de\u2026","rel":"","context":"Entrada similar ","block_context":{"text":"Entrada similar ","link":""},"img":{"alt_text":"","src":"https:\/\/i0.wp.com\/www.grieta.org.mx\/wp-content\/uploads\/2018\/03\/14524434_1106112876131411_958039263622046936_o.jpg?resize=350%2C200&ssl=1","width":350,"height":200,"srcset":"https:\/\/i0.wp.com\/www.grieta.org.mx\/wp-content\/uploads\/2018\/03\/14524434_1106112876131411_958039263622046936_o.jpg?resize=350%2C200&ssl=1 1x, https:\/\/i0.wp.com\/www.grieta.org.mx\/wp-content\/uploads\/2018\/03\/14524434_1106112876131411_958039263622046936_o.jpg?resize=525%2C300&ssl=1 1.5x, https:\/\/i0.wp.com\/www.grieta.org.mx\/wp-content\/uploads\/2018\/03\/14524434_1106112876131411_958039263622046936_o.jpg?resize=700%2C400&ssl=1 2x"},"classes":[]},{"id":8599,"url":"https:\/\/www.grieta.org.mx\/index.php\/proyectos-hidricos\/acueducto-el-realito-slp\/","url_meta":{"origin":8631,"position":2},"title":"Acueducto El Realito (SLP)","author":"grieta","date":"30 marzo, 2016","format":false,"excerpt":"Ubicado en la Zona Centro del Estado de San Luis Potos\u00ed, el acueducto se divide en tres tramos principales: uno por impulsi\u00f3n de agua cruda (14.5 kms), otro por gravedad que va desde este tanque a la planta potabilizadora (19.83 kms) y el tercero a partir de la planta y\u2026","rel":"","context":"Entrada similar ","block_context":{"text":"Entrada similar ","link":""},"img":{"alt_text":"","src":"https:\/\/i0.wp.com\/www.grieta.org.mx\/wp-content\/uploads\/2018\/03\/14524434_1106112876131411_958039263622046936_o.jpg?resize=350%2C200&ssl=1","width":350,"height":200,"srcset":"https:\/\/i0.wp.com\/www.grieta.org.mx\/wp-content\/uploads\/2018\/03\/14524434_1106112876131411_958039263622046936_o.jpg?resize=350%2C200&ssl=1 1x, https:\/\/i0.wp.com\/www.grieta.org.mx\/wp-content\/uploads\/2018\/03\/14524434_1106112876131411_958039263622046936_o.jpg?resize=525%2C300&ssl=1 1.5x, https:\/\/i0.wp.com\/www.grieta.org.mx\/wp-content\/uploads\/2018\/03\/14524434_1106112876131411_958039263622046936_o.jpg?resize=700%2C400&ssl=1 2x"},"classes":[]},{"id":8614,"url":"https:\/\/www.grieta.org.mx\/index.php\/proyectos-hidricos\/proyecto-hidraulico-monterrey-vi\/","url_meta":{"origin":8631,"position":3},"title":"Proyecto Hidr\u00e1ulico Monterrey VI","author":"grieta","date":"30 marzo, 2016","format":false,"excerpt":"El proyecto hidr\u00e1ulico Monterrey VI consiste en la construcci\u00f3n de un acueducto de 372 kil\u00f3metros, que iniciar\u00e1 en el r\u00edo Tampa\u00f3n, afluente del r\u00edo P\u00e1nuco, en San Luis Potos\u00ed, hasta la presa Cerro Prieto en el municipio de Linares. La obra est\u00e1 dise\u00f1ada para dotar de agua potable a Nuevo\u2026","rel":"","context":"Entrada similar ","block_context":{"text":"Entrada similar ","link":""},"img":{"alt_text":"","src":"https:\/\/i0.wp.com\/www.grieta.org.mx\/wp-content\/uploads\/2018\/03\/14524434_1106112876131411_958039263622046936_o.jpg?resize=350%2C200&ssl=1","width":350,"height":200,"srcset":"https:\/\/i0.wp.com\/www.grieta.org.mx\/wp-content\/uploads\/2018\/03\/14524434_1106112876131411_958039263622046936_o.jpg?resize=350%2C200&ssl=1 1x, https:\/\/i0.wp.com\/www.grieta.org.mx\/wp-content\/uploads\/2018\/03\/14524434_1106112876131411_958039263622046936_o.jpg?resize=525%2C300&ssl=1 1.5x, https:\/\/i0.wp.com\/www.grieta.org.mx\/wp-content\/uploads\/2018\/03\/14524434_1106112876131411_958039263622046936_o.jpg?resize=700%2C400&ssl=1 2x"},"classes":[]},{"id":8604,"url":"https:\/\/www.grieta.org.mx\/index.php\/proyectos-hidricos\/presa-los-pilares-sonora\/","url_meta":{"origin":8631,"position":4},"title":"Presa Los Pilares (Sonora)","author":"grieta","date":"30 marzo, 2016","format":false,"excerpt":"En 2014 inici\u00f3 la construcci\u00f3n de la presa Los Pilares, tambi\u00e9n conocida como Presa Bicentenario, en el r\u00edo Mayo. Actualmente el proyecto tiene un avance del 30%.Esta presa, que forma parte del Plan Sonora Sistema Integral cuyo proyecto insignia es el Acueducto Independencia, se localiza justo en medio del territorio\u2026","rel":"","context":"Entrada similar ","block_context":{"text":"Entrada similar ","link":""},"img":{"alt_text":"","src":"https:\/\/i0.wp.com\/www.grieta.org.mx\/wp-content\/uploads\/2018\/03\/14524434_1106112876131411_958039263622046936_o.jpg?resize=350%2C200&ssl=1","width":350,"height":200,"srcset":"https:\/\/i0.wp.com\/www.grieta.org.mx\/wp-content\/uploads\/2018\/03\/14524434_1106112876131411_958039263622046936_o.jpg?resize=350%2C200&ssl=1 1x, https:\/\/i0.wp.com\/www.grieta.org.mx\/wp-content\/uploads\/2018\/03\/14524434_1106112876131411_958039263622046936_o.jpg?resize=525%2C300&ssl=1 1.5x, https:\/\/i0.wp.com\/www.grieta.org.mx\/wp-content\/uploads\/2018\/03\/14524434_1106112876131411_958039263622046936_o.jpg?resize=700%2C400&ssl=1 2x"},"classes":[]},{"id":6977,"url":"https:\/\/www.grieta.org.mx\/index.php\/proyecto-integral-morelos-pim\/","url_meta":{"origin":8631,"position":5},"title":"Proyecto Integral Morelos (PIM)","author":"grieta","date":"28 marzo, 2016","format":false,"excerpt":"El PIM consta de dos centrales termoel\u00e9ctricas ubicadas en la comunidad de Huexca, Morelos, las cuales han sido concesionadas a la empresa ABENGOA de origen espa\u00f1ol; un gasoducto de aproximadamente 160 kil\u00f3metros de longitud que pretende transportar diariamente 9 mil millones de litros de gas natural, para dichas termoel\u00e9ctricas, pasando\u2026","rel":"","context":"Entrada similar ","block_context":{"text":"Entrada similar ","link":""},"img":{"alt_text":"","src":"https:\/\/i0.wp.com\/www.grieta.org.mx\/wp-content\/uploads\/2020\/03\/La-Huexca-Foto-Margarito-Perez-Retana.jpeg?resize=350%2C200&ssl=1","width":350,"height":200,"srcset":"https:\/\/i0.wp.com\/www.grieta.org.mx\/wp-content\/uploads\/2020\/03\/La-Huexca-Foto-Margarito-Perez-Retana.jpeg?resize=350%2C200&ssl=1 1x, https:\/\/i0.wp.com\/www.grieta.org.mx\/wp-content\/uploads\/2020\/03\/La-Huexca-Foto-Margarito-Perez-Retana.jpeg?resize=525%2C300&ssl=1 1.5x, https:\/\/i0.wp.com\/www.grieta.org.mx\/wp-content\/uploads\/2020\/03\/La-Huexca-Foto-Margarito-Perez-Retana.jpeg?resize=700%2C400&ssl=1 2x"},"classes":[]}],"_links":{"self":[{"href":"https:\/\/www.grieta.org.mx\/index.php\/wp-json\/wp\/v2\/pages\/8631","targetHints":{"allow":["GET"]}}],"collection":[{"href":"https:\/\/www.grieta.org.mx\/index.php\/wp-json\/wp\/v2\/pages"}],"about":[{"href":"https:\/\/www.grieta.org.mx\/index.php\/wp-json\/wp\/v2\/types\/page"}],"author":[{"embeddable":true,"href":"https:\/\/www.grieta.org.mx\/index.php\/wp-json\/wp\/v2\/users\/2"}],"replies":[{"embeddable":true,"href":"https:\/\/www.grieta.org.mx\/index.php\/wp-json\/wp\/v2\/comments?post=8631"}],"version-history":[{"count":1,"href":"https:\/\/www.grieta.org.mx\/index.php\/wp-json\/wp\/v2\/pages\/8631\/revisions"}],"predecessor-version":[{"id":8634,"href":"https:\/\/www.grieta.org.mx\/index.php\/wp-json\/wp\/v2\/pages\/8631\/revisions\/8634"}],"up":[{"embeddable":true,"href":"https:\/\/www.grieta.org.mx\/index.php\/wp-json\/wp\/v2\/pages\/8572"}],"wp:featuredmedia":[{"embeddable":true,"href":"https:\/\/www.grieta.org.mx\/index.php\/wp-json\/wp\/v2\/media\/21928"}],"wp:attachment":[{"href":"https:\/\/www.grieta.org.mx\/index.php\/wp-json\/wp\/v2\/media?parent=8631"}],"curies":[{"name":"wp","href":"https:\/\/api.w.org\/{rel}","templated":true}]}}