{"id":8623,"date":"2016-03-30T21:24:15","date_gmt":"2016-03-30T21:24:15","guid":{"rendered":"http:\/\/50.22.11.12\/~grietaor\/?page_id=8623"},"modified":"2016-05-07T23:24:54","modified_gmt":"2016-05-07T23:24:54","slug":"presa-y-acueducto-del-zapotillo-jalisco","status":"publish","type":"page","link":"https:\/\/www.grieta.org.mx\/index.php\/proyectos-hidricos\/presa-y-acueducto-del-zapotillo-jalisco\/","title":{"rendered":"Presa y Acueducto del Zapotillo (Jalisco)"},"content":{"rendered":"<p>El proyecto El Zapotillo incluye la construcci\u00f3n sobre el R\u00edo Verde, en los municipios de ca\u00f1adas de Obreg\u00f3n y Yahualica de Gonz\u00e1lez Gallo, Jalisco, de una cortina de gravedad de 105 metros de concreto, acueducto de 140 kil\u00f3metros y 2.54 metros de di\u00e1metro, y una planta potabilizadora, dos plantas de bombeo, un tanque de almacenamiento de 100 mil m3 y un macro-circuito de distribuci\u00f3n de 43 kil\u00f3metros en la ciudad de Le\u00f3n, Guanajuato.<br \/>\nEste proyecto representa un negocio importante de privatizaci\u00f3n del agua en donde los principales beneficiarios son, en primer t\u00e9rmino, las empresas constructoras trasnacionales FCC y Abengoa, y las nacionales La Peninsular y Grupo Hermes, as\u00ed como las empresas y compa\u00f1\u00edas nacionales y trasnacionales inversionistas del proyecto Puerto Seco o \u201cGuanajuato puerto interior\u201d y las agroindustrias de los empresarios de esta regi\u00f3n quienes recibir\u00edan el agua del trasvase.<\/p>\n<p><img loading=\"lazy\" decoding=\"async\" data-attachment-id=\"8629\" data-permalink=\"https:\/\/www.grieta.org.mx\/index.php\/proyectos-hidricos\/presa-y-acueducto-del-zapotillo-jalisco\/zapo-1\/\" data-orig-file=\"https:\/\/www.grieta.org.mx\/wp-content\/uploads\/2016\/03\/zapo-1.png\" data-orig-size=\"953,627\" data-comments-opened=\"0\" data-image-meta=\"{&quot;aperture&quot;:&quot;0&quot;,&quot;credit&quot;:&quot;&quot;,&quot;camera&quot;:&quot;&quot;,&quot;caption&quot;:&quot;&quot;,&quot;created_timestamp&quot;:&quot;0&quot;,&quot;copyright&quot;:&quot;&quot;,&quot;focal_length&quot;:&quot;0&quot;,&quot;iso&quot;:&quot;0&quot;,&quot;shutter_speed&quot;:&quot;0&quot;,&quot;title&quot;:&quot;&quot;,&quot;orientation&quot;:&quot;0&quot;}\" data-image-title=\"zapo 1\" data-image-description=\"\" data-image-caption=\"\" data-medium-file=\"https:\/\/www.grieta.org.mx\/wp-content\/uploads\/2016\/03\/zapo-1-300x197.png\" data-large-file=\"https:\/\/www.grieta.org.mx\/wp-content\/uploads\/2016\/03\/zapo-1.png\" class=\"alignnone size-full wp-image-8629\" src=\"http:\/\/grieta.org.mx\/wp-content\/uploads\/2016\/03\/zapo-1.png\" alt=\"zapo 1\" width=\"953\" height=\"627\" srcset=\"https:\/\/www.grieta.org.mx\/wp-content\/uploads\/2016\/03\/zapo-1.png 953w, https:\/\/www.grieta.org.mx\/wp-content\/uploads\/2016\/03\/zapo-1-300x197.png 300w, https:\/\/www.grieta.org.mx\/wp-content\/uploads\/2016\/03\/zapo-1-768x505.png 768w\" sizes=\"auto, (max-width: 953px) 100vw, 953px\" \/><\/p>\n<p>Con informaci\u00f3n de:<br \/>\nwww.conagua.gob.mx\/conagua07\/contenido\/Documentos\/LIBROS%20BLANCOS\/CONAGUA-03%20Proyecto%20presa%20y%20acueducto%20El%20Zapotillo.pdf<br \/>\nwww.conagua.gob.mx\/CONAGUA07\/Noticias\/SeguimientoPNI.pdf<\/p>\n","protected":false},"excerpt":{"rendered":"<p>El proyecto El Zapotillo incluye la construcci\u00f3n sobre el R\u00edo Verde, en los municipios de ca\u00f1adas de Obreg\u00f3n y Yahualica de Gonz\u00e1lez Gallo, Jalisco, de una cortina de gravedad de &hellip; <a href=\"https:\/\/www.grieta.org.mx\/index.php\/proyectos-hidricos\/presa-y-acueducto-del-zapotillo-jalisco\/\" class=\"more-link\">Leer m\u00e1s<\/a><\/p>\n","protected":false},"author":2,"featured_media":21928,"parent":8572,"menu_order":0,"comment_status":"closed","ping_status":"closed","template":"","meta":{"ngg_post_thumbnail":0,"footnotes":""},"class_list":["post-8623","page","type-page","status-publish","has-post-thumbnail","hentry","entry"],"jetpack_sharing_enabled":true,"jetpack_shortlink":"https:\/\/wp.me\/P7ZJR4-2f5","jetpack_likes_enabled":false,"jetpack-related-posts":[{"id":8614,"url":"https:\/\/www.grieta.org.mx\/index.php\/proyectos-hidricos\/proyecto-hidraulico-monterrey-vi\/","url_meta":{"origin":8623,"position":0},"title":"Proyecto Hidr\u00e1ulico Monterrey VI","author":"grieta","date":"30 marzo, 2016","format":false,"excerpt":"El proyecto hidr\u00e1ulico Monterrey VI consiste en la construcci\u00f3n de un acueducto de 372 kil\u00f3metros, que iniciar\u00e1 en el r\u00edo Tampa\u00f3n, afluente del r\u00edo P\u00e1nuco, en San Luis Potos\u00ed, hasta la presa Cerro Prieto en el municipio de Linares. La obra est\u00e1 dise\u00f1ada para dotar de agua potable a Nuevo\u2026","rel":"","context":"Entrada similar ","block_context":{"text":"Entrada similar ","link":""},"img":{"alt_text":"","src":"https:\/\/i0.wp.com\/www.grieta.org.mx\/wp-content\/uploads\/2018\/03\/14524434_1106112876131411_958039263622046936_o.jpg?resize=350%2C200&ssl=1","width":350,"height":200,"srcset":"https:\/\/i0.wp.com\/www.grieta.org.mx\/wp-content\/uploads\/2018\/03\/14524434_1106112876131411_958039263622046936_o.jpg?resize=350%2C200&ssl=1 1x, https:\/\/i0.wp.com\/www.grieta.org.mx\/wp-content\/uploads\/2018\/03\/14524434_1106112876131411_958039263622046936_o.jpg?resize=525%2C300&ssl=1 1.5x, https:\/\/i0.wp.com\/www.grieta.org.mx\/wp-content\/uploads\/2018\/03\/14524434_1106112876131411_958039263622046936_o.jpg?resize=700%2C400&ssl=1 2x"},"classes":[]},{"id":8595,"url":"https:\/\/www.grieta.org.mx\/index.php\/proyectos-hidricos\/acueducto-independencia-sonora\/","url_meta":{"origin":8623,"position":1},"title":"Acueducto Independencia (Sonora)","author":"grieta","date":"30 marzo, 2016","format":false,"excerpt":"En 2010 el gobierno de Sonora impuls\u00f3 la licitaci\u00f3n y la concesi\u00f3n para la construcci\u00f3n del Acueducto Independencia, de 172 kil\u00f3metros de longitud, con el que se pretenden entubar m\u00e1s de 60 millones de metros c\u00fabicos de agua anuales desde la presa Plutarco El\u00edas Calles \u201cEl Novillo\u201d, localizada en el\u2026","rel":"","context":"Entrada similar ","block_context":{"text":"Entrada similar ","link":""},"img":{"alt_text":"","src":"https:\/\/i0.wp.com\/www.grieta.org.mx\/wp-content\/uploads\/2018\/03\/14524434_1106112876131411_958039263622046936_o.jpg?resize=350%2C200&ssl=1","width":350,"height":200,"srcset":"https:\/\/i0.wp.com\/www.grieta.org.mx\/wp-content\/uploads\/2018\/03\/14524434_1106112876131411_958039263622046936_o.jpg?resize=350%2C200&ssl=1 1x, https:\/\/i0.wp.com\/www.grieta.org.mx\/wp-content\/uploads\/2018\/03\/14524434_1106112876131411_958039263622046936_o.jpg?resize=525%2C300&ssl=1 1.5x, https:\/\/i0.wp.com\/www.grieta.org.mx\/wp-content\/uploads\/2018\/03\/14524434_1106112876131411_958039263622046936_o.jpg?resize=700%2C400&ssl=1 2x"},"classes":[]},{"id":5867,"url":"https:\/\/www.grieta.org.mx\/index.php\/hidrocarburos\/proyecto-aceites-terciarios-del-golfo-veracruz-y-puebla\/","url_meta":{"origin":8623,"position":2},"title":"Proyecto Aceites Terciarios del Golfo  (Veracruz y Puebla)","author":"grieta","date":"28 marzo, 2016","format":false,"excerpt":"Inaugurado en 2010 por la Comisi\u00f3n Nacional de Hidrocarburos, el Proyecto Paleocanal de Chicontepec (o campo de Chicontepec), y ahora llamado Proyecto de Aceites Terciarios del Norte, ha resultado ser la puerta de entrada para la actividad extractiva por fractura hidr\u00e1ulica en Veracruz y Puebla. Para mediados de 2014 este\u2026","rel":"","context":"Entrada similar ","block_context":{"text":"Entrada similar ","link":""},"img":{"alt_text":"","src":"https:\/\/i0.wp.com\/www.grieta.org.mx\/wp-content\/uploads\/2018\/03\/14524434_1106112876131411_958039263622046936_o.jpg?resize=350%2C200&ssl=1","width":350,"height":200,"srcset":"https:\/\/i0.wp.com\/www.grieta.org.mx\/wp-content\/uploads\/2018\/03\/14524434_1106112876131411_958039263622046936_o.jpg?resize=350%2C200&ssl=1 1x, https:\/\/i0.wp.com\/www.grieta.org.mx\/wp-content\/uploads\/2018\/03\/14524434_1106112876131411_958039263622046936_o.jpg?resize=525%2C300&ssl=1 1.5x, https:\/\/i0.wp.com\/www.grieta.org.mx\/wp-content\/uploads\/2018\/03\/14524434_1106112876131411_958039263622046936_o.jpg?resize=700%2C400&ssl=1 2x"},"classes":[]},{"id":6977,"url":"https:\/\/www.grieta.org.mx\/index.php\/proyecto-integral-morelos-pim\/","url_meta":{"origin":8623,"position":3},"title":"Proyecto Integral Morelos (PIM)","author":"grieta","date":"28 marzo, 2016","format":false,"excerpt":"El PIM consta de dos centrales termoel\u00e9ctricas ubicadas en la comunidad de Huexca, Morelos, las cuales han sido concesionadas a la empresa ABENGOA de origen espa\u00f1ol; un gasoducto de aproximadamente 160 kil\u00f3metros de longitud que pretende transportar diariamente 9 mil millones de litros de gas natural, para dichas termoel\u00e9ctricas, pasando\u2026","rel":"","context":"Entrada similar ","block_context":{"text":"Entrada similar ","link":""},"img":{"alt_text":"","src":"https:\/\/i0.wp.com\/www.grieta.org.mx\/wp-content\/uploads\/2020\/03\/La-Huexca-Foto-Margarito-Perez-Retana.jpeg?resize=350%2C200&ssl=1","width":350,"height":200,"srcset":"https:\/\/i0.wp.com\/www.grieta.org.mx\/wp-content\/uploads\/2020\/03\/La-Huexca-Foto-Margarito-Perez-Retana.jpeg?resize=350%2C200&ssl=1 1x, https:\/\/i0.wp.com\/www.grieta.org.mx\/wp-content\/uploads\/2020\/03\/La-Huexca-Foto-Margarito-Perez-Retana.jpeg?resize=525%2C300&ssl=1 1.5x, https:\/\/i0.wp.com\/www.grieta.org.mx\/wp-content\/uploads\/2020\/03\/La-Huexca-Foto-Margarito-Perez-Retana.jpeg?resize=700%2C400&ssl=1 2x"},"classes":[]},{"id":8647,"url":"https:\/\/www.grieta.org.mx\/index.php\/proyectos-hidricos\/acueducto-rio-san-pedro-guerrero\/","url_meta":{"origin":8623,"position":4},"title":"Acueducto R\u00edo San Pedro (Guerrero)","author":"grieta","date":"30 marzo, 2016","format":false,"excerpt":"El r\u00edo San Pedro nace cerca del poblado El Coyuil, municipio de Metlat\u00f3noc, y pasa por los poblados: San Pedro, San Isidro, San Mart\u00edn, Huehuet\u00f3noc, Las Minas, Xochistlahuaca, Tlacoachistlahuaca, Tierra Colorada, Plan Fuste, Cosoyoapa, Plan Maguey y Arroyo Nuevo, en el estado de Guerrero. El proyecto, impulsado por el gobierno\u2026","rel":"","context":"Entrada similar ","block_context":{"text":"Entrada similar ","link":""},"img":{"alt_text":"","src":"https:\/\/i0.wp.com\/www.grieta.org.mx\/wp-content\/uploads\/2018\/03\/14524434_1106112876131411_958039263622046936_o.jpg?resize=350%2C200&ssl=1","width":350,"height":200,"srcset":"https:\/\/i0.wp.com\/www.grieta.org.mx\/wp-content\/uploads\/2018\/03\/14524434_1106112876131411_958039263622046936_o.jpg?resize=350%2C200&ssl=1 1x, https:\/\/i0.wp.com\/www.grieta.org.mx\/wp-content\/uploads\/2018\/03\/14524434_1106112876131411_958039263622046936_o.jpg?resize=525%2C300&ssl=1 1.5x, https:\/\/i0.wp.com\/www.grieta.org.mx\/wp-content\/uploads\/2018\/03\/14524434_1106112876131411_958039263622046936_o.jpg?resize=700%2C400&ssl=1 2x"},"classes":[]},{"id":8650,"url":"https:\/\/www.grieta.org.mx\/index.php\/proyectos-hidricos\/la-parota-guerrero\/","url_meta":{"origin":8623,"position":5},"title":"Hidroel\u00e9ctrica La Parota (Guerrero)","author":"grieta","date":"30 marzo, 2016","format":false,"excerpt":"El proyecto hidroel\u00e9ctrico La Parota se ubica en la cuenca del r\u00edo Papagayo, en los municipios Acapulco, San Marcos, Juan R. Escudero y Tecoanapa, del estado de Guerrero y es uno de los proyectos hidroel\u00e9ctricos m\u00e1s grandes que se plantea construir en el hemisferio. \u00c9ste consiste en una central hidroel\u00e9ctrica\u2026","rel":"","context":"Entrada similar ","block_context":{"text":"Entrada similar ","link":""},"img":{"alt_text":"","src":"https:\/\/i0.wp.com\/www.grieta.org.mx\/wp-content\/uploads\/2018\/03\/14524434_1106112876131411_958039263622046936_o.jpg?resize=350%2C200&ssl=1","width":350,"height":200,"srcset":"https:\/\/i0.wp.com\/www.grieta.org.mx\/wp-content\/uploads\/2018\/03\/14524434_1106112876131411_958039263622046936_o.jpg?resize=350%2C200&ssl=1 1x, https:\/\/i0.wp.com\/www.grieta.org.mx\/wp-content\/uploads\/2018\/03\/14524434_1106112876131411_958039263622046936_o.jpg?resize=525%2C300&ssl=1 1.5x, https:\/\/i0.wp.com\/www.grieta.org.mx\/wp-content\/uploads\/2018\/03\/14524434_1106112876131411_958039263622046936_o.jpg?resize=700%2C400&ssl=1 2x"},"classes":[]}],"_links":{"self":[{"href":"https:\/\/www.grieta.org.mx\/index.php\/wp-json\/wp\/v2\/pages\/8623","targetHints":{"allow":["GET"]}}],"collection":[{"href":"https:\/\/www.grieta.org.mx\/index.php\/wp-json\/wp\/v2\/pages"}],"about":[{"href":"https:\/\/www.grieta.org.mx\/index.php\/wp-json\/wp\/v2\/types\/page"}],"author":[{"embeddable":true,"href":"https:\/\/www.grieta.org.mx\/index.php\/wp-json\/wp\/v2\/users\/2"}],"replies":[{"embeddable":true,"href":"https:\/\/www.grieta.org.mx\/index.php\/wp-json\/wp\/v2\/comments?post=8623"}],"version-history":[{"count":1,"href":"https:\/\/www.grieta.org.mx\/index.php\/wp-json\/wp\/v2\/pages\/8623\/revisions"}],"predecessor-version":[{"id":8630,"href":"https:\/\/www.grieta.org.mx\/index.php\/wp-json\/wp\/v2\/pages\/8623\/revisions\/8630"}],"up":[{"embeddable":true,"href":"https:\/\/www.grieta.org.mx\/index.php\/wp-json\/wp\/v2\/pages\/8572"}],"wp:featuredmedia":[{"embeddable":true,"href":"https:\/\/www.grieta.org.mx\/index.php\/wp-json\/wp\/v2\/media\/21928"}],"wp:attachment":[{"href":"https:\/\/www.grieta.org.mx\/index.php\/wp-json\/wp\/v2\/media?parent=8623"}],"curies":[{"name":"wp","href":"https:\/\/api.w.org\/{rel}","templated":true}]}}