{"id":8604,"date":"2016-03-30T21:16:38","date_gmt":"2016-03-30T21:16:38","guid":{"rendered":"http:\/\/50.22.11.12\/~grietaor\/?page_id=8604"},"modified":"2016-05-07T23:24:23","modified_gmt":"2016-05-07T23:24:23","slug":"presa-los-pilares-sonora","status":"publish","type":"page","link":"https:\/\/www.grieta.org.mx\/index.php\/proyectos-hidricos\/presa-los-pilares-sonora\/","title":{"rendered":"Presa Los Pilares (Sonora)"},"content":{"rendered":"<p>En 2014 inici\u00f3 la construcci\u00f3n de la presa Los Pilares, tambi\u00e9n conocida como Presa Bicentenario, en el r\u00edo Mayo. Actualmente el proyecto tiene un avance del 30%.Esta presa, que forma parte del Plan Sonora Sistema Integral cuyo proyecto insignia es el Acueducto Independencia, se localiza justo en medio del territorio de la tribu Guarij\u00eda (Mahkurawe) que cuenta con aproximadamente 1800 habitantes tan s\u00f3lo en el estado de Sonora, y a quienes pretenden desplazar de sus territorios debido a la construcci\u00f3n del proyecto h\u00eddrico.<\/p>\n<p><img loading=\"lazy\" decoding=\"async\" data-attachment-id=\"8605\" data-permalink=\"https:\/\/www.grieta.org.mx\/index.php\/proyectos-hidricos\/presa-los-pilares-sonora\/mapa-zona-guarijc3ada\/\" data-orig-file=\"https:\/\/www.grieta.org.mx\/wp-content\/uploads\/2016\/03\/mapa-zona-guarijc3ada.png\" data-orig-size=\"585,355\" data-comments-opened=\"0\" data-image-meta=\"{&quot;aperture&quot;:&quot;0&quot;,&quot;credit&quot;:&quot;&quot;,&quot;camera&quot;:&quot;&quot;,&quot;caption&quot;:&quot;&quot;,&quot;created_timestamp&quot;:&quot;0&quot;,&quot;copyright&quot;:&quot;&quot;,&quot;focal_length&quot;:&quot;0&quot;,&quot;iso&quot;:&quot;0&quot;,&quot;shutter_speed&quot;:&quot;0&quot;,&quot;title&quot;:&quot;&quot;,&quot;orientation&quot;:&quot;0&quot;}\" data-image-title=\"mapa-zona-guarijc3ada\" data-image-description=\"\" data-image-caption=\"\" data-medium-file=\"https:\/\/www.grieta.org.mx\/wp-content\/uploads\/2016\/03\/mapa-zona-guarijc3ada-300x182.png\" data-large-file=\"https:\/\/www.grieta.org.mx\/wp-content\/uploads\/2016\/03\/mapa-zona-guarijc3ada.png\" class=\"size-full wp-image-8605 aligncenter\" src=\"http:\/\/grieta.org.mx\/wp-content\/uploads\/2016\/03\/mapa-zona-guarijc3ada.png\" alt=\"mapa-zona-guarijc3ada\" width=\"585\" height=\"355\" srcset=\"https:\/\/www.grieta.org.mx\/wp-content\/uploads\/2016\/03\/mapa-zona-guarijc3ada.png 585w, https:\/\/www.grieta.org.mx\/wp-content\/uploads\/2016\/03\/mapa-zona-guarijc3ada-300x182.png 300w\" sizes=\"auto, (max-width: 585px) 100vw, 585px\" \/><\/p>\n<p>Con informaci\u00f3n de:<br \/>\nEspejo 23<br \/>\npulsoslp.com.mx\/2015\/03\/02\/presa-los-pilares-despojo-y-desplazamiento-del-pueblo-guarijio\/<br \/>\nh.canalsonora.com\/invierte-conagua-1042-9-mdp-en-infraestructura-hidroagricola-al-sur-de-sonora\/<\/p>\n","protected":false},"excerpt":{"rendered":"<p>En 2014 inici\u00f3 la construcci\u00f3n de la presa Los Pilares, tambi\u00e9n conocida como Presa Bicentenario, en el r\u00edo Mayo. Actualmente el proyecto tiene un avance del 30%.Esta presa, que forma &hellip; <a href=\"https:\/\/www.grieta.org.mx\/index.php\/proyectos-hidricos\/presa-los-pilares-sonora\/\" class=\"more-link\">Leer m\u00e1s<\/a><\/p>\n","protected":false},"author":2,"featured_media":21928,"parent":8572,"menu_order":0,"comment_status":"closed","ping_status":"closed","template":"","meta":{"ngg_post_thumbnail":0,"footnotes":""},"class_list":["post-8604","page","type-page","status-publish","has-post-thumbnail","hentry","entry"],"jetpack_sharing_enabled":true,"jetpack_shortlink":"https:\/\/wp.me\/P7ZJR4-2eM","jetpack_likes_enabled":false,"jetpack-related-posts":[{"id":8595,"url":"https:\/\/www.grieta.org.mx\/index.php\/proyectos-hidricos\/acueducto-independencia-sonora\/","url_meta":{"origin":8604,"position":0},"title":"Acueducto Independencia (Sonora)","author":"grieta","date":"30 marzo, 2016","format":false,"excerpt":"En 2010 el gobierno de Sonora impuls\u00f3 la licitaci\u00f3n y la concesi\u00f3n para la construcci\u00f3n del Acueducto Independencia, de 172 kil\u00f3metros de longitud, con el que se pretenden entubar m\u00e1s de 60 millones de metros c\u00fabicos de agua anuales desde la presa Plutarco El\u00edas Calles \u201cEl Novillo\u201d, localizada en el\u2026","rel":"","context":"Entrada similar ","block_context":{"text":"Entrada similar ","link":""},"img":{"alt_text":"","src":"https:\/\/i0.wp.com\/www.grieta.org.mx\/wp-content\/uploads\/2018\/03\/14524434_1106112876131411_958039263622046936_o.jpg?resize=350%2C200&ssl=1","width":350,"height":200,"srcset":"https:\/\/i0.wp.com\/www.grieta.org.mx\/wp-content\/uploads\/2018\/03\/14524434_1106112876131411_958039263622046936_o.jpg?resize=350%2C200&ssl=1 1x, https:\/\/i0.wp.com\/www.grieta.org.mx\/wp-content\/uploads\/2018\/03\/14524434_1106112876131411_958039263622046936_o.jpg?resize=525%2C300&ssl=1 1.5x, https:\/\/i0.wp.com\/www.grieta.org.mx\/wp-content\/uploads\/2018\/03\/14524434_1106112876131411_958039263622046936_o.jpg?resize=700%2C400&ssl=1 2x"},"classes":[]},{"id":8610,"url":"https:\/\/www.grieta.org.mx\/index.php\/proyectos-hidricos\/presa-picachos-sinaloa\/","url_meta":{"origin":8604,"position":1},"title":"Presa Picachos (Sinaloa)","author":"grieta","date":"30 marzo, 2016","format":false,"excerpt":"La Presa Picachos, inaugurada en noviembre de 2012, se ubica al sur de Sinaloa sobre la cuenca del r\u00edo Presidio en los municipios de Mazatl\u00e1n y Concordia. Esta presa forma parte del Plan Hidrol\u00f3gico del Noreste (PLINHO) el cual propone la interconexi\u00f3n de las cuencas hidrol\u00f3gicas de 16 r\u00edos consecutivos\u2026","rel":"","context":"Entrada similar ","block_context":{"text":"Entrada similar ","link":""},"img":{"alt_text":"","src":"https:\/\/i0.wp.com\/www.grieta.org.mx\/wp-content\/uploads\/2018\/03\/14524434_1106112876131411_958039263622046936_o.jpg?resize=350%2C200&ssl=1","width":350,"height":200,"srcset":"https:\/\/i0.wp.com\/www.grieta.org.mx\/wp-content\/uploads\/2018\/03\/14524434_1106112876131411_958039263622046936_o.jpg?resize=350%2C200&ssl=1 1x, https:\/\/i0.wp.com\/www.grieta.org.mx\/wp-content\/uploads\/2018\/03\/14524434_1106112876131411_958039263622046936_o.jpg?resize=525%2C300&ssl=1 1.5x, https:\/\/i0.wp.com\/www.grieta.org.mx\/wp-content\/uploads\/2018\/03\/14524434_1106112876131411_958039263622046936_o.jpg?resize=700%2C400&ssl=1 2x"},"classes":[]},{"id":8631,"url":"https:\/\/www.grieta.org.mx\/index.php\/proyectos-hidricos\/presa-la-maroma-slp\/","url_meta":{"origin":8604,"position":2},"title":"Presa La Maroma (SLP)","author":"grieta","date":"30 marzo, 2016","format":false,"excerpt":"El proyecto consiste en la construcci\u00f3n de una presa de almacenamiento de agua para uso domiciliario y agr\u00edcola que tendr\u00eda una capacidad aproximada de 3Mm3 y que aprovechar\u00eda los escurrimientos superficiales del r\u00edo Jord\u00e1n. El proyecto contempla adem\u00e1s la construcci\u00f3n de un acueducto de 30km de longitud, 0,12m de di\u00e1metro\u2026","rel":"","context":"Entrada similar ","block_context":{"text":"Entrada similar ","link":""},"img":{"alt_text":"","src":"https:\/\/i0.wp.com\/www.grieta.org.mx\/wp-content\/uploads\/2018\/03\/14524434_1106112876131411_958039263622046936_o.jpg?resize=350%2C200&ssl=1","width":350,"height":200,"srcset":"https:\/\/i0.wp.com\/www.grieta.org.mx\/wp-content\/uploads\/2018\/03\/14524434_1106112876131411_958039263622046936_o.jpg?resize=350%2C200&ssl=1 1x, https:\/\/i0.wp.com\/www.grieta.org.mx\/wp-content\/uploads\/2018\/03\/14524434_1106112876131411_958039263622046936_o.jpg?resize=525%2C300&ssl=1 1.5x, https:\/\/i0.wp.com\/www.grieta.org.mx\/wp-content\/uploads\/2018\/03\/14524434_1106112876131411_958039263622046936_o.jpg?resize=700%2C400&ssl=1 2x"},"classes":[]},{"id":8623,"url":"https:\/\/www.grieta.org.mx\/index.php\/proyectos-hidricos\/presa-y-acueducto-del-zapotillo-jalisco\/","url_meta":{"origin":8604,"position":3},"title":"Presa y Acueducto del Zapotillo (Jalisco)","author":"grieta","date":"30 marzo, 2016","format":false,"excerpt":"El proyecto El Zapotillo incluye la construcci\u00f3n sobre el R\u00edo Verde, en los municipios de ca\u00f1adas de Obreg\u00f3n y Yahualica de Gonz\u00e1lez Gallo, Jalisco, de una cortina de gravedad de 105 metros de concreto, acueducto de 140 kil\u00f3metros y 2.54 metros de di\u00e1metro, y una planta potabilizadora, dos plantas de\u2026","rel":"","context":"Entrada similar ","block_context":{"text":"Entrada similar ","link":""},"img":{"alt_text":"","src":"https:\/\/i0.wp.com\/www.grieta.org.mx\/wp-content\/uploads\/2018\/03\/14524434_1106112876131411_958039263622046936_o.jpg?resize=350%2C200&ssl=1","width":350,"height":200,"srcset":"https:\/\/i0.wp.com\/www.grieta.org.mx\/wp-content\/uploads\/2018\/03\/14524434_1106112876131411_958039263622046936_o.jpg?resize=350%2C200&ssl=1 1x, https:\/\/i0.wp.com\/www.grieta.org.mx\/wp-content\/uploads\/2018\/03\/14524434_1106112876131411_958039263622046936_o.jpg?resize=525%2C300&ssl=1 1.5x, https:\/\/i0.wp.com\/www.grieta.org.mx\/wp-content\/uploads\/2018\/03\/14524434_1106112876131411_958039263622046936_o.jpg?resize=700%2C400&ssl=1 2x"},"classes":[]},{"id":8644,"url":"https:\/\/www.grieta.org.mx\/index.php\/proyecto-de-propositos-multiples-xalapa\/","url_meta":{"origin":8604,"position":4},"title":"Proyecto de Prop\u00f3sitos M\u00faltiples Xalapa","author":"grieta","date":"30 marzo, 2016","format":false,"excerpt":"Al publicarse en 2010 el Programa de Obras e Inversiones del Sector El\u00e9ctrico 2011-2025, a cargo de la Comisi\u00f3n Federal de Electricidad (CFE), se dieron a conocer 510 proyectos hidroel\u00e9ctricos a nivel nacional, de los cuales 112 corresponden a Veracruz. Entre estas obras se encuentra la construcci\u00f3n de una presa-hidroel\u00e9ctrica\u2026","rel":"","context":"Entrada similar ","block_context":{"text":"Entrada similar ","link":""},"img":{"alt_text":"","src":"https:\/\/i0.wp.com\/www.grieta.org.mx\/wp-content\/uploads\/2018\/03\/14524434_1106112876131411_958039263622046936_o.jpg?resize=350%2C200&ssl=1","width":350,"height":200,"srcset":"https:\/\/i0.wp.com\/www.grieta.org.mx\/wp-content\/uploads\/2018\/03\/14524434_1106112876131411_958039263622046936_o.jpg?resize=350%2C200&ssl=1 1x, https:\/\/i0.wp.com\/www.grieta.org.mx\/wp-content\/uploads\/2018\/03\/14524434_1106112876131411_958039263622046936_o.jpg?resize=525%2C300&ssl=1 1.5x, https:\/\/i0.wp.com\/www.grieta.org.mx\/wp-content\/uploads\/2018\/03\/14524434_1106112876131411_958039263622046936_o.jpg?resize=700%2C400&ssl=1 2x"},"classes":[]},{"id":8650,"url":"https:\/\/www.grieta.org.mx\/index.php\/proyectos-hidricos\/la-parota-guerrero\/","url_meta":{"origin":8604,"position":5},"title":"Hidroel\u00e9ctrica La Parota (Guerrero)","author":"grieta","date":"30 marzo, 2016","format":false,"excerpt":"El proyecto hidroel\u00e9ctrico La Parota se ubica en la cuenca del r\u00edo Papagayo, en los municipios Acapulco, San Marcos, Juan R. Escudero y Tecoanapa, del estado de Guerrero y es uno de los proyectos hidroel\u00e9ctricos m\u00e1s grandes que se plantea construir en el hemisferio. \u00c9ste consiste en una central hidroel\u00e9ctrica\u2026","rel":"","context":"Entrada similar ","block_context":{"text":"Entrada similar ","link":""},"img":{"alt_text":"","src":"https:\/\/i0.wp.com\/www.grieta.org.mx\/wp-content\/uploads\/2018\/03\/14524434_1106112876131411_958039263622046936_o.jpg?resize=350%2C200&ssl=1","width":350,"height":200,"srcset":"https:\/\/i0.wp.com\/www.grieta.org.mx\/wp-content\/uploads\/2018\/03\/14524434_1106112876131411_958039263622046936_o.jpg?resize=350%2C200&ssl=1 1x, https:\/\/i0.wp.com\/www.grieta.org.mx\/wp-content\/uploads\/2018\/03\/14524434_1106112876131411_958039263622046936_o.jpg?resize=525%2C300&ssl=1 1.5x, https:\/\/i0.wp.com\/www.grieta.org.mx\/wp-content\/uploads\/2018\/03\/14524434_1106112876131411_958039263622046936_o.jpg?resize=700%2C400&ssl=1 2x"},"classes":[]}],"_links":{"self":[{"href":"https:\/\/www.grieta.org.mx\/index.php\/wp-json\/wp\/v2\/pages\/8604","targetHints":{"allow":["GET"]}}],"collection":[{"href":"https:\/\/www.grieta.org.mx\/index.php\/wp-json\/wp\/v2\/pages"}],"about":[{"href":"https:\/\/www.grieta.org.mx\/index.php\/wp-json\/wp\/v2\/types\/page"}],"author":[{"embeddable":true,"href":"https:\/\/www.grieta.org.mx\/index.php\/wp-json\/wp\/v2\/users\/2"}],"replies":[{"embeddable":true,"href":"https:\/\/www.grieta.org.mx\/index.php\/wp-json\/wp\/v2\/comments?post=8604"}],"version-history":[{"count":1,"href":"https:\/\/www.grieta.org.mx\/index.php\/wp-json\/wp\/v2\/pages\/8604\/revisions"}],"predecessor-version":[{"id":8606,"href":"https:\/\/www.grieta.org.mx\/index.php\/wp-json\/wp\/v2\/pages\/8604\/revisions\/8606"}],"up":[{"embeddable":true,"href":"https:\/\/www.grieta.org.mx\/index.php\/wp-json\/wp\/v2\/pages\/8572"}],"wp:featuredmedia":[{"embeddable":true,"href":"https:\/\/www.grieta.org.mx\/index.php\/wp-json\/wp\/v2\/media\/21928"}],"wp:attachment":[{"href":"https:\/\/www.grieta.org.mx\/index.php\/wp-json\/wp\/v2\/media?parent=8604"}],"curies":[{"name":"wp","href":"https:\/\/api.w.org\/{rel}","templated":true}]}}