{"id":7442,"date":"2016-03-29T18:26:27","date_gmt":"2016-03-29T18:26:27","guid":{"rendered":"http:\/\/50.22.11.12\/~grietaor\/?page_id=7442"},"modified":"2021-04-14T17:50:05","modified_gmt":"2021-04-14T22:50:05","slug":"corredor-eolico-del-istmo-de-tehuantepec","status":"publish","type":"page","link":"https:\/\/www.grieta.org.mx\/index.php\/parques-eolicos\/corredor-eolico-del-istmo-de-tehuantepec\/","title":{"rendered":"Corredor E\u00f3lico del Istmo de Tehuantepec"},"content":{"rendered":"<p>El Istmo de Tehuantepec es una regi\u00f3n comprendida entre los estados de Oaxaca, Veracruz, Chiapas y Tabasco. Esta regi\u00f3n es la zona m\u00e1s angosta del territorio mexicano que comunica los dos oc\u00e9anos; Pac\u00edfico y Atl\u00e1ntico. En su punto m\u00e1s estrecho el Istmo tiene tan s\u00f3lo 200 km de distancia entre el Golfo de Tehuantepec y el Golfo de M\u00e9xico.<\/p>\n<p>La regi\u00f3n del Istmo cuenta con vastos recursos naturales. Tan s\u00f3lo en la regi\u00f3n de Los Chimalapas nacen m\u00e1s del 40% de los r\u00edos de M\u00e9xico. Asimismo alberga importantes yacimientos minerales entre los que destacan los de plata, cobre, hierro, grafito cristalino, carb\u00f3n, yeso y travertino. Los estados de Oaxaca, Chiapas y Veracruz registran adem\u00e1s, el mayor n\u00famero de especies animales y vegetales en el pa\u00eds, muchas de ellas ubicadas en la regi\u00f3n que comprende el Istmo. Es tambi\u00e9n una zona rica en petr\u00f3leo y en recursos maderables, al tiempo que cuenta con vastas planicies, ideales para la instalaci\u00f3n de parques e\u00f3licos.<\/p>\n<p>La regi\u00f3n del Istmo presenta uno de los mayores potenciales de generaci\u00f3n de energ\u00eda e\u00f3lica en todo el mundo, calculado entre 5000 y 7000 MW de capacidad anual. En esta regi\u00f3n destacan los Municipios de Juchit\u00e1n de Zaragoza, El Espinal, San Dionisio del Mar, Asunci\u00f3n Ixtaltepec, Uni\u00f3n Hidalgo y Santo Domingo Ingenio, en Oaxaca (Mapa), donde empresas e\u00f3licas trasnacionales e instituciones financieras internacionales, con el apoyo del Gobierno Federal, desarrollan parques e\u00f3licos terrestres a gran escala.<\/p>\n<p>Seg\u00fan datos de la Asociaci\u00f3n Mexicana de Energ\u00eda E\u00f3lica (AMNDEE), hasta el a\u00f1o 2014 exist\u00edan 28 parques construidos o proyectados. De estos proyectos, 3 pertenecer\u00edan a la Comisi\u00f3n Federal de Electricidad (CFE), 5 a empresas privadas nacionales, 3 mixtos (CFE y privada) y 17 a empresas extranjeras de capital privado.Algunas de las principales empresas privadas inversoras en los proyectos e\u00f3licos del Istmo son: la francesa EDF, la italiana ENEL, la australiana Fondo de Infraestructura MacQuaire, la holandesa PGGM, la japonesa Mitsubishi, las espa\u00f1olas Iberdrola, Gamesa, Acciona, Renovalia, Gas Natural Fenosa, Preneal, EYRA-ACS y las mexicanas Pe\u00f1oles, Grupomar, Cemex y Grupo Salinas, entre otras.<\/p>\n<p>Con informaci\u00f3n de:<br \/>\n<strong>Espejo 5<\/strong><br \/>\n<a href=\"http:\/\/www.sipaz.org\/enfoque-impactos-y-afectaciones-de-los-proyectos-de-energia-eolica-en-el-istmo-de-tehuantepec\/\" target=\"_blank\" rel=\"noopener\">http:\/\/www.sipaz.org\/enfoque-impactos-y-afectaciones-de-los-proyectos-de-energia-eolica-en-el-istmo-de-tehuantepec\/<\/a><br \/>\n<a href=\"http:\/\/www.cdpim.gob.mx\/v4\/pdf\/eolico.pdf\" target=\"_blank\" rel=\"noopener\">www.cdpim.gob.mx\/v4\/pdf\/eolico.pdf<\/a><\/p>\n<p><img loading=\"lazy\" decoding=\"async\" data-attachment-id=\"7450\" data-permalink=\"https:\/\/www.grieta.org.mx\/index.php\/parques-eolicos\/corredor-eolico-del-istmo-de-tehuantepec\/istmo\/\" data-orig-file=\"https:\/\/www.grieta.org.mx\/wp-content\/uploads\/2016\/03\/istmo.jpg\" data-orig-size=\"720,759\" data-comments-opened=\"0\" data-image-meta=\"{&quot;aperture&quot;:&quot;0&quot;,&quot;credit&quot;:&quot;&quot;,&quot;camera&quot;:&quot;&quot;,&quot;caption&quot;:&quot;&quot;,&quot;created_timestamp&quot;:&quot;0&quot;,&quot;copyright&quot;:&quot;&quot;,&quot;focal_length&quot;:&quot;0&quot;,&quot;iso&quot;:&quot;0&quot;,&quot;shutter_speed&quot;:&quot;0&quot;,&quot;title&quot;:&quot;&quot;,&quot;orientation&quot;:&quot;0&quot;}\" data-image-title=\"istmo\" data-image-description=\"\" data-image-caption=\"\" data-medium-file=\"https:\/\/www.grieta.org.mx\/wp-content\/uploads\/2016\/03\/istmo-285x300.jpg\" data-large-file=\"https:\/\/www.grieta.org.mx\/wp-content\/uploads\/2016\/03\/istmo.jpg\" class=\"alignnone size-full wp-image-7450\" src=\"http:\/\/grieta.org.mx\/wp-content\/uploads\/2016\/03\/istmo.jpg\" alt=\"istmo\" width=\"720\" height=\"759\" srcset=\"https:\/\/www.grieta.org.mx\/wp-content\/uploads\/2016\/03\/istmo.jpg 720w, https:\/\/www.grieta.org.mx\/wp-content\/uploads\/2016\/03\/istmo-285x300.jpg 285w\" sizes=\"auto, (max-width: 720px) 100vw, 720px\" \/><\/p>\n","protected":false},"excerpt":{"rendered":"<p>El Istmo de Tehuantepec es una regi\u00f3n comprendida entre los estados de Oaxaca, Veracruz, Chiapas y Tabasco. Esta regi\u00f3n es la zona m\u00e1s angosta del territorio mexicano que comunica los &hellip; <a href=\"https:\/\/www.grieta.org.mx\/index.php\/parques-eolicos\/corredor-eolico-del-istmo-de-tehuantepec\/\" class=\"more-link\">Leer m\u00e1s<\/a><\/p>\n","protected":false},"author":2,"featured_media":58728,"parent":7423,"menu_order":0,"comment_status":"closed","ping_status":"closed","template":"","meta":{"ngg_post_thumbnail":0,"footnotes":""},"class_list":["post-7442","page","type-page","status-publish","has-post-thumbnail","hentry","entry"],"jetpack_sharing_enabled":true,"jetpack_shortlink":"https:\/\/wp.me\/P7ZJR4-1W2","jetpack_likes_enabled":false,"jetpack-related-posts":[{"id":8679,"url":"https:\/\/www.grieta.org.mx\/index.php\/mineria\/mineria-en-el-istmo-de-tehuantepec\/","url_meta":{"origin":7442,"position":0},"title":"Miner\u00eda en el Istmo de Tehuantepec","author":"grieta","date":"30 marzo, 2016","format":false,"excerpt":"El Istmo de Tehuantepec es una regi\u00f3n comprendida entre los estados de Oaxaca, Veracruz, Chiapas y Tabasco. Esta regi\u00f3n es la zona m\u00e1s angosta del territorio mexicano que comunica los dos oc\u00e9anos: Pac\u00edfico y Atl\u00e1ntico. En su punto m\u00e1s estrecho el Istmo tiene tan s\u00f3lo 200 km de distancia entre\u2026","rel":"","context":"Entrada similar ","block_context":{"text":"Entrada similar ","link":""},"img":{"alt_text":"","src":"https:\/\/i0.wp.com\/www.grieta.org.mx\/wp-content\/uploads\/2018\/03\/14524434_1106112876131411_958039263622046936_o.jpg?resize=350%2C200&ssl=1","width":350,"height":200,"srcset":"https:\/\/i0.wp.com\/www.grieta.org.mx\/wp-content\/uploads\/2018\/03\/14524434_1106112876131411_958039263622046936_o.jpg?resize=350%2C200&ssl=1 1x, https:\/\/i0.wp.com\/www.grieta.org.mx\/wp-content\/uploads\/2018\/03\/14524434_1106112876131411_958039263622046936_o.jpg?resize=525%2C300&ssl=1 1.5x, https:\/\/i0.wp.com\/www.grieta.org.mx\/wp-content\/uploads\/2018\/03\/14524434_1106112876131411_958039263622046936_o.jpg?resize=700%2C400&ssl=1 2x"},"classes":[]},{"id":7423,"url":"https:\/\/www.grieta.org.mx\/index.php\/parques-eolicos\/","url_meta":{"origin":7442,"position":1},"title":"Parques e\u00f3licos","author":"grieta","date":"29 marzo, 2016","format":false,"excerpt":"M\u00e9xico cuenta con uno de los potenciales m\u00e1s altos de generaci\u00f3n de energ\u00eda e\u00f3lica en el mundo. El principal recurso e\u00f3lico en M\u00e9xico se localiza en el Istmo de Tehuantepec, comprendido entre los estados de Oaxaca, Chiapas, Tabasco y Veracruz, donde actualmente se desarrollan los parques e\u00f3licos terrestres a gran\u2026","rel":"","context":"Entrada similar ","block_context":{"text":"Entrada similar ","link":""},"img":{"alt_text":"","src":"https:\/\/i0.wp.com\/www.grieta.org.mx\/wp-content\/uploads\/2018\/03\/14524434_1106112876131411_958039263622046936_o.jpg?resize=350%2C200&ssl=1","width":350,"height":200,"srcset":"https:\/\/i0.wp.com\/www.grieta.org.mx\/wp-content\/uploads\/2018\/03\/14524434_1106112876131411_958039263622046936_o.jpg?resize=350%2C200&ssl=1 1x, https:\/\/i0.wp.com\/www.grieta.org.mx\/wp-content\/uploads\/2018\/03\/14524434_1106112876131411_958039263622046936_o.jpg?resize=525%2C300&ssl=1 1.5x, https:\/\/i0.wp.com\/www.grieta.org.mx\/wp-content\/uploads\/2018\/03\/14524434_1106112876131411_958039263622046936_o.jpg?resize=700%2C400&ssl=1 2x"},"classes":[]},{"id":8684,"url":"https:\/\/www.grieta.org.mx\/index.php\/comunicaciones-y-transportes\/carreteras-oaxaca-costa-y-oaxaca-istmo-2\/","url_meta":{"origin":7442,"position":2},"title":"Carreteras Oaxaca-Costa y Oaxaca-Istmo","author":"grieta","date":"30 marzo, 2016","format":false,"excerpt":"El proyecto contempla la construcci\u00f3n de cinco ejes carreteros. 1. Oaxaca-Costa, con una longitud de 195 kil\u00f3metros. 2. Oaxaca-Tehuantepec, con 210 kil\u00f3metros de distancia. 3. Eje carretero n\u00famero 15, del tramo Puerto Escondido- Pochutla \u2013 Huatulco, con una extensi\u00f3n de 110 kil\u00f3metros. 4. Acayucan \u2013 La Ventosa.- con una longitud\u2026","rel":"","context":"Entrada similar ","block_context":{"text":"Entrada similar ","link":""},"img":{"alt_text":"","src":"https:\/\/i0.wp.com\/www.grieta.org.mx\/wp-content\/uploads\/2018\/03\/14524434_1106112876131411_958039263622046936_o.jpg?resize=350%2C200&ssl=1","width":350,"height":200,"srcset":"https:\/\/i0.wp.com\/www.grieta.org.mx\/wp-content\/uploads\/2018\/03\/14524434_1106112876131411_958039263622046936_o.jpg?resize=350%2C200&ssl=1 1x, https:\/\/i0.wp.com\/www.grieta.org.mx\/wp-content\/uploads\/2018\/03\/14524434_1106112876131411_958039263622046936_o.jpg?resize=525%2C300&ssl=1 1.5x, https:\/\/i0.wp.com\/www.grieta.org.mx\/wp-content\/uploads\/2018\/03\/14524434_1106112876131411_958039263622046936_o.jpg?resize=700%2C400&ssl=1 2x"},"classes":[]},{"id":13435,"url":"https:\/\/www.grieta.org.mx\/index.php\/comunicaciones-y-transportes\/carreteras-oaxaca-costa-y-oaxaca-istmo\/","url_meta":{"origin":7442,"position":3},"title":"Carreteras Oaxaca-Costa y Oaxaca-Istmo","author":"grieta","date":"2 junio, 2016","format":false,"excerpt":"El proyecto contempla la construcci\u00f3n de cinco ejes carreteros. 1. Oaxaca-Costa, con una longitud de 195 kil\u00f3metros. 2. Oaxaca-Tehuantepec, con 210 kil\u00f3metros de distancia. 3. Eje carretero n\u00famero 15, del tramo Puerto Escondido- Pochutla \u2013 Huatulco, con una extensi\u00f3n de 110 kil\u00f3metros. 4. Acayucan - La Ventosa.- con una longitud\u2026","rel":"","context":"Entrada similar ","block_context":{"text":"Entrada similar ","link":""},"img":{"alt_text":"","src":"https:\/\/i0.wp.com\/www.grieta.org.mx\/wp-content\/uploads\/2018\/03\/14524434_1106112876131411_958039263622046936_o.jpg?resize=350%2C200&ssl=1","width":350,"height":200,"srcset":"https:\/\/i0.wp.com\/www.grieta.org.mx\/wp-content\/uploads\/2018\/03\/14524434_1106112876131411_958039263622046936_o.jpg?resize=350%2C200&ssl=1 1x, https:\/\/i0.wp.com\/www.grieta.org.mx\/wp-content\/uploads\/2018\/03\/14524434_1106112876131411_958039263622046936_o.jpg?resize=525%2C300&ssl=1 1.5x, https:\/\/i0.wp.com\/www.grieta.org.mx\/wp-content\/uploads\/2018\/03\/14524434_1106112876131411_958039263622046936_o.jpg?resize=700%2C400&ssl=1 2x"},"classes":[]},{"id":28318,"url":"https:\/\/www.grieta.org.mx\/index.php\/megaproyectos\/megaproyecto-del-corredor-transistimico-en-mexico-un-muro-para-comunicar-al-gran-capital\/","url_meta":{"origin":7442,"position":4},"title":"Corredor trans\u00edstimico","author":"grieta","date":"10 enero, 2019","format":false,"excerpt":"\u00a0 UN MURO PARA COMUNICAR AL GRAN CAPITAL \u00a0 Uno de los llamados \u201cproyectos de desarrollo\u201d insignias del gobierno de L\u00f3pez Obrador es del Corredor trans\u00edstmico entre Salina Cruz, en Oaxaca, y Coatzacoalcos, en Veracruz. Este proyecto tiene su origen al menos un siglo atr\u00e1s, cuando Porfirio D\u00edaz intent\u00f3 convertir\u2026","rel":"","context":"Entrada similar ","block_context":{"text":"Entrada similar ","link":""},"img":{"alt_text":"","src":"https:\/\/i0.wp.com\/www.grieta.org.mx\/wp-content\/uploads\/2020\/07\/01-portada-ZEE-Corredor-y-Tren-Maya-MAPA_Geocomunes-1200x810-1.jpeg?resize=350%2C200&ssl=1","width":350,"height":200,"srcset":"https:\/\/i0.wp.com\/www.grieta.org.mx\/wp-content\/uploads\/2020\/07\/01-portada-ZEE-Corredor-y-Tren-Maya-MAPA_Geocomunes-1200x810-1.jpeg?resize=350%2C200&ssl=1 1x, https:\/\/i0.wp.com\/www.grieta.org.mx\/wp-content\/uploads\/2020\/07\/01-portada-ZEE-Corredor-y-Tren-Maya-MAPA_Geocomunes-1200x810-1.jpeg?resize=525%2C300&ssl=1 1.5x, https:\/\/i0.wp.com\/www.grieta.org.mx\/wp-content\/uploads\/2020\/07\/01-portada-ZEE-Corredor-y-Tren-Maya-MAPA_Geocomunes-1200x810-1.jpeg?resize=700%2C400&ssl=1 2x"},"classes":[]},{"id":6374,"url":"https:\/\/www.grieta.org.mx\/index.php\/zonas-economicas-especiales\/","url_meta":{"origin":7442,"position":5},"title":"Zonas Econ\u00f3micas Especiales","author":"grieta","date":"28 marzo, 2016","format":false,"excerpt":"El 27 de noviembre de 2014, un d\u00eda despu\u00e9s de que se cumplieran dos meses de la desaparici\u00f3n de 43 normalistas en Iguala, Enrique Pe\u00f1a Nieto anunci\u00f3 10 acciones para \u201cmejorar la seguridad, la justicia y el Estado de Derecho\u201d en el pa\u00eds. Asimismo anunci\u00f3 la puesta en marcha de\u2026","rel":"","context":"Entrada similar ","block_context":{"text":"Entrada similar ","link":""},"img":{"alt_text":"","src":"https:\/\/i0.wp.com\/www.grieta.org.mx\/wp-content\/uploads\/2018\/03\/14524434_1106112876131411_958039263622046936_o.jpg?resize=350%2C200&ssl=1","width":350,"height":200,"srcset":"https:\/\/i0.wp.com\/www.grieta.org.mx\/wp-content\/uploads\/2018\/03\/14524434_1106112876131411_958039263622046936_o.jpg?resize=350%2C200&ssl=1 1x, https:\/\/i0.wp.com\/www.grieta.org.mx\/wp-content\/uploads\/2018\/03\/14524434_1106112876131411_958039263622046936_o.jpg?resize=525%2C300&ssl=1 1.5x, https:\/\/i0.wp.com\/www.grieta.org.mx\/wp-content\/uploads\/2018\/03\/14524434_1106112876131411_958039263622046936_o.jpg?resize=700%2C400&ssl=1 2x"},"classes":[]}],"_links":{"self":[{"href":"https:\/\/www.grieta.org.mx\/index.php\/wp-json\/wp\/v2\/pages\/7442","targetHints":{"allow":["GET"]}}],"collection":[{"href":"https:\/\/www.grieta.org.mx\/index.php\/wp-json\/wp\/v2\/pages"}],"about":[{"href":"https:\/\/www.grieta.org.mx\/index.php\/wp-json\/wp\/v2\/types\/page"}],"author":[{"embeddable":true,"href":"https:\/\/www.grieta.org.mx\/index.php\/wp-json\/wp\/v2\/users\/2"}],"replies":[{"embeddable":true,"href":"https:\/\/www.grieta.org.mx\/index.php\/wp-json\/wp\/v2\/comments?post=7442"}],"version-history":[{"count":1,"href":"https:\/\/www.grieta.org.mx\/index.php\/wp-json\/wp\/v2\/pages\/7442\/revisions"}],"predecessor-version":[{"id":58729,"href":"https:\/\/www.grieta.org.mx\/index.php\/wp-json\/wp\/v2\/pages\/7442\/revisions\/58729"}],"up":[{"embeddable":true,"href":"https:\/\/www.grieta.org.mx\/index.php\/wp-json\/wp\/v2\/pages\/7423"}],"wp:featuredmedia":[{"embeddable":true,"href":"https:\/\/www.grieta.org.mx\/index.php\/wp-json\/wp\/v2\/media\/58728"}],"wp:attachment":[{"href":"https:\/\/www.grieta.org.mx\/index.php\/wp-json\/wp\/v2\/media?parent=7442"}],"curies":[{"name":"wp","href":"https:\/\/api.w.org\/{rel}","templated":true}]}}