{"id":5903,"date":"2016-03-31T02:25:42","date_gmt":"2016-03-31T02:25:42","guid":{"rendered":"http:\/\/50.22.11.12\/~grietaor\/?page_id=5903"},"modified":"2021-06-23T23:35:58","modified_gmt":"2021-06-24T04:35:58","slug":"gasoducto-jaltipan-salina-cruz","status":"publish","type":"page","link":"https:\/\/www.grieta.org.mx\/index.php\/hidrocarburos\/gasoducto-jaltipan-salina-cruz\/","title":{"rendered":"Gasoducto Jaltipan \u2013 Salina Cruz"},"content":{"rendered":"<p>El gasoducto tiene 36 pulgadas de di\u00e1metro y 247 kil\u00f3metros de longitud; abastecer\u00e1 de gas natural a 4 proyectos: (i) reconfiguraci\u00f3n de la refiner\u00eda de Salina Cruz; (ii) planta de cogeneraci\u00f3n en Salina Cruz; (iii) posible planta de licuefacci\u00f3n en Salina Cruz, y (iv) exportaci\u00f3n hacia Centroam\u00e9rica.<br \/>\nLa licitaci\u00f3n de este proyecto fue instruida por la SENER a PEMEX el 16 de diciembre de 2014.<\/p>\n<p>Dicho gasoducto forma parte de una red de v\u00edas de transportaci\u00f3n de gas natural a lo largo y ancho del territorio nacional, propuesta en el Plan Quinquenal de Expansi\u00f3n del Sistema de Transporte y Almacenamiento Nacional Integrado de Gas Natural 2015-2019. El gasoducto Jaltipan-Salina Cruz es de gran importancia en la red, ya que funciona como conexi\u00f3n entre el Golfo de M\u00e9xico y el oc\u00e9ano Pac\u00edfico, y entre el Golfo y Chiapas. Estas interconexiones permitir\u00e1n asegurar una v\u00eda de exportaci\u00f3n del hidrocarburo hacia China y Centroam\u00e9rica.<\/p>\n<p>Con informaci\u00f3n de:<br \/>\n<a href=\"http:\/\/www.gob.mx\/cms\/uploads\/attachment\/file\/43397\/Plan_Quinquenal_del_Sistema_de_Transporte_y_Almacenamiento_Nacional_Integrado_de_Gas_Natural_2015-2019.pdf\" target=\"_blank\" rel=\"noopener\">http:\/\/www.gob.mx\/cms\/uploads\/attachment\/file\/43397\/Plan_Quinquenal_del_Sistema_de_Transporte_y_Almacenamiento_Nacional_Integrado_de_Gas_Natural_2015-2019.pdf<\/a><\/p>\n<p><a href=\"http:\/\/www.veracruzenred.com\/noticia\/gasoducto-de-j%C3%A1ltipan-salina-cruz-la-revoluci%C3%B3n-del-%E2%80%9Cshale-gas%E2%80%9D-pe%C3%B1a-nieto-lo-reactiva-hoy\" target=\"_blank\" rel=\"noopener\">http:\/\/www.veracruzenred.com\/noticia\/gasoducto-de-j%C3%A1ltipan-salina-cruz-la-revoluci%C3%B3n-del-%E2%80%9Cshale-gas%E2%80%9D-pe%C3%B1a-nieto-lo-reactiva-hoy<\/a><\/p>\n","protected":false},"excerpt":{"rendered":"<p>El gasoducto tiene 36 pulgadas de di\u00e1metro y 247 kil\u00f3metros de longitud; abastecer\u00e1 de gas natural a 4 proyectos: (i) reconfiguraci\u00f3n de la refiner\u00eda de Salina Cruz; (ii) planta de &hellip; <a href=\"https:\/\/www.grieta.org.mx\/index.php\/hidrocarburos\/gasoducto-jaltipan-salina-cruz\/\" class=\"more-link\">Leer m\u00e1s<\/a><\/p>\n","protected":false},"author":2,"featured_media":5906,"parent":13521,"menu_order":0,"comment_status":"closed","ping_status":"closed","template":"","meta":{"ngg_post_thumbnail":0,"footnotes":""},"class_list":["post-5903","page","type-page","status-publish","has-post-thumbnail","hentry","entry"],"jetpack_sharing_enabled":true,"jetpack_shortlink":"https:\/\/wp.me\/P7ZJR4-1xd","jetpack_likes_enabled":false,"jetpack-related-posts":[{"id":5920,"url":"https:\/\/www.grieta.org.mx\/index.php\/hidrocarburos\/gasoducto-salina-cruz-tapachula\/","url_meta":{"origin":5903,"position":0},"title":"Gasoducto Salina Cruz &#8211; Tapachula","author":"grieta","date":"31 marzo, 2016","format":false,"excerpt":"Este gasoducto mide 20 pulgadas de di\u00e1metro y 440 kil\u00f3metros de longitud. Se pretende que contribuya al desarrollo econ\u00f3mico de los estados de Oaxaca y Chiapas, al atraer inversi\u00f3n para la instalaci\u00f3n de plantas productivas en la regi\u00f3n. El 28 de noviembre de 2014, la SENER determin\u00f3 este gasoducto como\u2026","rel":"","context":"Entrada similar ","block_context":{"text":"Entrada similar ","link":""},"img":{"alt_text":"","src":"https:\/\/i0.wp.com\/www.grieta.org.mx\/wp-content\/uploads\/2021\/06\/sc.jpg?resize=350%2C200&ssl=1","width":350,"height":200,"srcset":"https:\/\/i0.wp.com\/www.grieta.org.mx\/wp-content\/uploads\/2021\/06\/sc.jpg?resize=350%2C200&ssl=1 1x, https:\/\/i0.wp.com\/www.grieta.org.mx\/wp-content\/uploads\/2021\/06\/sc.jpg?resize=525%2C300&ssl=1 1.5x, https:\/\/i0.wp.com\/www.grieta.org.mx\/wp-content\/uploads\/2021\/06\/sc.jpg?resize=700%2C400&ssl=1 2x"},"classes":[]},{"id":5914,"url":"https:\/\/www.grieta.org.mx\/index.php\/hidrocarburos\/gasoducto-tuxpan-tula\/","url_meta":{"origin":5903,"position":1},"title":"Gasoducto Tuxpan &#8211; Tula","author":"grieta","date":"28 marzo, 2016","format":false,"excerpt":"Se trata de un gasoducto que transporta gas natural proveniente del Sur de Texas, para satisfacer los requerimientos de este combustible en las centrales de generaci\u00f3n de la CFE ubicadas en los estados de Veracruz, Puebla e Hidalgo, as\u00ed como en las regiones Centro y Occidente del pa\u00eds. Forma parte\u2026","rel":"","context":"Entrada similar ","block_context":{"text":"Entrada similar ","link":""},"img":{"alt_text":"","src":"https:\/\/i0.wp.com\/www.grieta.org.mx\/wp-content\/uploads\/2016\/03\/tt.jpg?resize=350%2C200&ssl=1","width":350,"height":200},"classes":[]},{"id":6977,"url":"https:\/\/www.grieta.org.mx\/index.php\/proyecto-integral-morelos-pim\/","url_meta":{"origin":5903,"position":2},"title":"Proyecto Integral Morelos (PIM)","author":"grieta","date":"28 marzo, 2016","format":false,"excerpt":"El PIM consta de dos centrales termoel\u00e9ctricas ubicadas en la comunidad de Huexca, Morelos, las cuales han sido concesionadas a la empresa ABENGOA de origen espa\u00f1ol; un gasoducto de aproximadamente 160 kil\u00f3metros de longitud que pretende transportar diariamente 9 mil millones de litros de gas natural, para dichas termoel\u00e9ctricas, pasando\u2026","rel":"","context":"Entrada similar ","block_context":{"text":"Entrada similar ","link":""},"img":{"alt_text":"","src":"https:\/\/i0.wp.com\/www.grieta.org.mx\/wp-content\/uploads\/2020\/03\/La-Huexca-Foto-Margarito-Perez-Retana.jpeg?resize=350%2C200&ssl=1","width":350,"height":200,"srcset":"https:\/\/i0.wp.com\/www.grieta.org.mx\/wp-content\/uploads\/2020\/03\/La-Huexca-Foto-Margarito-Perez-Retana.jpeg?resize=350%2C200&ssl=1 1x, https:\/\/i0.wp.com\/www.grieta.org.mx\/wp-content\/uploads\/2020\/03\/La-Huexca-Foto-Margarito-Perez-Retana.jpeg?resize=525%2C300&ssl=1 1.5x, https:\/\/i0.wp.com\/www.grieta.org.mx\/wp-content\/uploads\/2020\/03\/La-Huexca-Foto-Margarito-Perez-Retana.jpeg?resize=700%2C400&ssl=1 2x"},"classes":[]},{"id":5881,"url":"https:\/\/www.grieta.org.mx\/index.php\/hidrocarburos\/sistema-de-transporte-de-gas-natural-norte-noroeste\/","url_meta":{"origin":5903,"position":3},"title":"Sistema de Transporte de Gas Natural Norte-Noroeste","author":"grieta","date":"28 marzo, 2016","format":false,"excerpt":"En noviembre de 2012 la Secretar\u00eda de Energ\u00eda anunci\u00f3 el inicio del sistema de Transporte de Gas Natural Norte-Noroeste del pa\u00eds, que constar\u00e1 de cinco segmentos que ya han sido licitados y que tendr\u00e1n una longitud total de 2,324 kil\u00f3metros y una capacidad de transporte de 1,670 millones de pies\u2026","rel":"","context":"Entrada similar ","block_context":{"text":"Entrada similar ","link":""},"img":{"alt_text":"","src":"https:\/\/i0.wp.com\/www.grieta.org.mx\/wp-content\/uploads\/2018\/03\/14524434_1106112876131411_958039263622046936_o.jpg?resize=350%2C200&ssl=1","width":350,"height":200,"srcset":"https:\/\/i0.wp.com\/www.grieta.org.mx\/wp-content\/uploads\/2018\/03\/14524434_1106112876131411_958039263622046936_o.jpg?resize=350%2C200&ssl=1 1x, https:\/\/i0.wp.com\/www.grieta.org.mx\/wp-content\/uploads\/2018\/03\/14524434_1106112876131411_958039263622046936_o.jpg?resize=525%2C300&ssl=1 1.5x, https:\/\/i0.wp.com\/www.grieta.org.mx\/wp-content\/uploads\/2018\/03\/14524434_1106112876131411_958039263622046936_o.jpg?resize=700%2C400&ssl=1 2x"},"classes":[]},{"id":6374,"url":"https:\/\/www.grieta.org.mx\/index.php\/zonas-economicas-especiales\/","url_meta":{"origin":5903,"position":4},"title":"Zonas Econ\u00f3micas Especiales","author":"grieta","date":"28 marzo, 2016","format":false,"excerpt":"El 27 de noviembre de 2014, un d\u00eda despu\u00e9s de que se cumplieran dos meses de la desaparici\u00f3n de 43 normalistas en Iguala, Enrique Pe\u00f1a Nieto anunci\u00f3 10 acciones para \u201cmejorar la seguridad, la justicia y el Estado de Derecho\u201d en el pa\u00eds. Asimismo anunci\u00f3 la puesta en marcha de\u2026","rel":"","context":"Entrada similar ","block_context":{"text":"Entrada similar ","link":""},"img":{"alt_text":"","src":"https:\/\/i0.wp.com\/www.grieta.org.mx\/wp-content\/uploads\/2018\/03\/14524434_1106112876131411_958039263622046936_o.jpg?resize=350%2C200&ssl=1","width":350,"height":200,"srcset":"https:\/\/i0.wp.com\/www.grieta.org.mx\/wp-content\/uploads\/2018\/03\/14524434_1106112876131411_958039263622046936_o.jpg?resize=350%2C200&ssl=1 1x, https:\/\/i0.wp.com\/www.grieta.org.mx\/wp-content\/uploads\/2018\/03\/14524434_1106112876131411_958039263622046936_o.jpg?resize=525%2C300&ssl=1 1.5x, https:\/\/i0.wp.com\/www.grieta.org.mx\/wp-content\/uploads\/2018\/03\/14524434_1106112876131411_958039263622046936_o.jpg?resize=700%2C400&ssl=1 2x"},"classes":[]},{"id":7442,"url":"https:\/\/www.grieta.org.mx\/index.php\/parques-eolicos\/corredor-eolico-del-istmo-de-tehuantepec\/","url_meta":{"origin":5903,"position":5},"title":"Corredor E\u00f3lico del Istmo de Tehuantepec","author":"grieta","date":"29 marzo, 2016","format":false,"excerpt":"El Istmo de Tehuantepec es una regi\u00f3n comprendida entre los estados de Oaxaca, Veracruz, Chiapas y Tabasco. Esta regi\u00f3n es la zona m\u00e1s angosta del territorio mexicano que comunica los dos oc\u00e9anos; Pac\u00edfico y Atl\u00e1ntico. En su punto m\u00e1s estrecho el Istmo tiene tan s\u00f3lo 200 km de distancia entre\u2026","rel":"","context":"Entrada similar ","block_context":{"text":"Entrada similar ","link":""},"img":{"alt_text":"","src":"https:\/\/i0.wp.com\/www.grieta.org.mx\/wp-content\/uploads\/2021\/04\/istmo.jpg?resize=350%2C200&ssl=1","width":350,"height":200,"srcset":"https:\/\/i0.wp.com\/www.grieta.org.mx\/wp-content\/uploads\/2021\/04\/istmo.jpg?resize=350%2C200&ssl=1 1x, https:\/\/i0.wp.com\/www.grieta.org.mx\/wp-content\/uploads\/2021\/04\/istmo.jpg?resize=525%2C300&ssl=1 1.5x, https:\/\/i0.wp.com\/www.grieta.org.mx\/wp-content\/uploads\/2021\/04\/istmo.jpg?resize=700%2C400&ssl=1 2x"},"classes":[]}],"_links":{"self":[{"href":"https:\/\/www.grieta.org.mx\/index.php\/wp-json\/wp\/v2\/pages\/5903","targetHints":{"allow":["GET"]}}],"collection":[{"href":"https:\/\/www.grieta.org.mx\/index.php\/wp-json\/wp\/v2\/pages"}],"about":[{"href":"https:\/\/www.grieta.org.mx\/index.php\/wp-json\/wp\/v2\/types\/page"}],"author":[{"embeddable":true,"href":"https:\/\/www.grieta.org.mx\/index.php\/wp-json\/wp\/v2\/users\/2"}],"replies":[{"embeddable":true,"href":"https:\/\/www.grieta.org.mx\/index.php\/wp-json\/wp\/v2\/comments?post=5903"}],"version-history":[{"count":1,"href":"https:\/\/www.grieta.org.mx\/index.php\/wp-json\/wp\/v2\/pages\/5903\/revisions"}],"predecessor-version":[{"id":60023,"href":"https:\/\/www.grieta.org.mx\/index.php\/wp-json\/wp\/v2\/pages\/5903\/revisions\/60023"}],"up":[{"embeddable":true,"href":"https:\/\/www.grieta.org.mx\/index.php\/wp-json\/wp\/v2\/pages\/13521"}],"wp:featuredmedia":[{"embeddable":true,"href":"https:\/\/www.grieta.org.mx\/index.php\/wp-json\/wp\/v2\/media\/5906"}],"wp:attachment":[{"href":"https:\/\/www.grieta.org.mx\/index.php\/wp-json\/wp\/v2\/media?parent=5903"}],"curies":[{"name":"wp","href":"https:\/\/api.w.org\/{rel}","templated":true}]}}