{"id":5881,"date":"2016-03-28T01:12:21","date_gmt":"2016-03-28T01:12:21","guid":{"rendered":"http:\/\/50.22.11.12\/~grietaor\/?page_id=5881"},"modified":"2019-02-01T15:31:22","modified_gmt":"2019-02-01T21:31:22","slug":"sistema-de-transporte-de-gas-natural-norte-noroeste","status":"publish","type":"page","link":"https:\/\/www.grieta.org.mx\/index.php\/hidrocarburos\/sistema-de-transporte-de-gas-natural-norte-noroeste\/","title":{"rendered":"Sistema de Transporte de Gas Natural Norte-Noroeste"},"content":{"rendered":"<p>En noviembre de 2012 la Secretar\u00eda de Energ\u00eda anunci\u00f3 el inicio del sistema de Transporte de Gas Natural Norte-Noroeste del pa\u00eds, que constar\u00e1 de cinco segmentos que ya han sido licitados y que tendr\u00e1n una longitud total de 2,324 kil\u00f3metros y una capacidad de transporte de 1,670 millones de pies c\u00fabicos diarios. Su construcci\u00f3n inici\u00f3 oficialmente el 7 de octubre de 2013.<\/p>\n<p>El Sistema de Transporte de Gas Natural Norte-Noroeste representa la inversi\u00f3n f\u00edsica m\u00e1s alta en la historia de la CFE, pues en seis a\u00f1os, supera los 1.5 billones de pesos. El proyecto consta de cinco segmentos que son: el Corredor Chihuahua, con una longitud de 380 kil\u00f3metros y 36 pulgadas de di\u00e1metro, adjudicado a Tarahumara Pipeline; S\u00e1sabe-Guaymas, de 544 kil\u00f3metros y 36 pulgadas, adjudicado a Sempra; Guaymas-El Oro, de 364 kil\u00f3metros y 30 pulgadas, adjudicado tambi\u00e9n a Sempra; El Encino-Topolobampo, de 574 kil\u00f3metros y 30 pulgadas, adjudicado a TransCanada, y El Oro-Mazatl\u00e1n, de 462 kil\u00f3metros y 24 pulgadas, adjudicado tambi\u00e9n a TransCanada.<\/p>\n<p>Seg\u00fan la CFE, el Sistema de Gasoductos Norte- Noroeste \u201ctiene el objetivo de atender la creciente demanda de electricidad en esa regi\u00f3n del pa\u00eds, garantizando al abasto de gas natural para la operaci\u00f3n de las centrales el\u00e9ctricas actuales y futuras de la CFE en la zona, as\u00ed como suministrar el combustible a los sectores productivos que lo requieran, con el fin de detonar el desarrollo industrial y econ\u00f3mico\u201d.<\/p>\n<p>La red del gasoducto que ser\u00e1 distribuida por el noreste del territorio nacional, representa un peligro latente para las comunidades por las cuales atravesar\u00e1 su tuber\u00eda. Cualquier tuber\u00eda de combustible tiene un riesgo grande de explosiones y accidentes, sin embargo el gasoducto se vuelve m\u00e1s peligroso al situarse bajo comunidades pobladas. Esto se debe a que el gas natural metano es m\u00e1s explosivo y su impacto ya ha sido comprobado en estados como Tamaulipas, en el que un ducto fuera de operaci\u00f3n gener\u00f3 la instrucci\u00f3n y acumulaci\u00f3n de gas metano en el s\u00f3tano del edificio B2 de Pemex, provocando con ello una explosi\u00f3n que dej\u00f3 como saldo 31 muertos y 47 heridos. Por sus constituyentes qu\u00edmicos el metano por s\u00ed solo puede ocasionar incendios, es decir con cualquier efecto de rozamiento podr\u00eda ocasionar explosiones enormes.<\/p>\n<p>Otro factor de riesgo para las comunidades son las fugas, ya que el gas natural a diferencia del resto de los hidrocarburos, no posee olor, condici\u00f3n que complica su detecci\u00f3n en el caso de que \u00e9ste se filtre hac\u00eda la superficie. Lamentablemente en un terreno en el que exista fuga, podr\u00eda pasar mucho tiempo sin que \u00e9sta sea detectada, lentamente el suelo y la vegetaci\u00f3n de la zona comenzar\u00edan a resentir los efectos. El impacto ambiental del gasoducto se ver\u00e1 reflejado en la modificaci\u00f3n del entorno, resultando afectada la fauna de la zona y las tierras de cultivo en caso de haberlas.<\/p>\n<p>Por otro lado, el inicio de la construcci\u00f3n del Sistema de Transporte de Gas Natural se da en el contexto de un proceso de cierres de yacimientos de shale-gas debido a la caida en el precio del petr\u00f3leo y a la falta de rentabilidad de los yacimientos. Seg\u00fan la Organizaci\u00f3n de Pa\u00edses Exportadores de Petr\u00f3leo (OPEP), ya entre noviembre y los primeros d\u00edas de enero se han suspendido las perforaciones en 66 yacimientos de la cuenca de Permian, en el oeste de Texas, la zona tradicional de petr\u00f3leo en EEUU y que ahora ha resucitado con el fracking. Igualmente, se han cerrado otros 33 yacimientos en Willston, en Dakota del Norte, y otros 16 en Eagle Ford. Otro factor que influir\u00e1 en la desaceleraci\u00f3n de la producci\u00f3n de crudo tiene que ver con la aprobaci\u00f3n de nuevas normas medioambientales para el transporte m\u00e1s exigentes.<\/p>\n<p>El objetivo de esta inversi\u00f3n multimillonaria de la CFE es precisamente transportar el gas producido por estos yacimientos norteamericanos que empiezan a cerrar sus instalaciones debido a los problemas que se mencionan en el p\u00e1rrafo anterior.<\/p>\n<p>Con informaci\u00f3n de:<\/p>\n<p><a href=\"http:\/\/saladeprensa.cfe.gob.mx\/boletines\/show\/7986\/\" target=\"_blank\">saladeprensa.cfe.gob.mx\/boletines\/show\/7986\/<\/a><\/p>\n<p><a href=\"http:\/\/www.laipsinaloa.gob.mx\/images\/stories\/PROYECTOS%20ESTRATEGICOS\/PROGRAMAS%20Y%20SERVICIOS\/INFORME%20DE%20ACTIVIDADES\/2011\/Gas_Natural_1.0.pdf\" target=\"_blank\">www.laipsinaloa.gob.mx\/images\/stories\/PROYECTOS%20ESTRATEGICOS\/PROGRAMAS%20Y%20SERVICIOS\/INFORME%20DE%20ACTIVIDADES\/2011\/Gas_Natural_1.0.pdf<\/a><\/p>\n<p><a href=\"http:\/\/www.elconfidencial.com\/economia\/2015-01-16\/eeuu-comienza-cerrar-yacimientos-ante-el-derrumbe-de-los-precios-del-petroleo_622668\/\" target=\"_blank\">www.elconfidencial.com\/economia\/2015-01-16\/eeuu-comienza-cerrar-yacimientos-ante-el-derrumbe-de-los-precios-del-petroleo_622668\/<\/a><\/p>\n<p><a href=\"http:\/\/celestemundo.wordpress.com\/2014\/04\/30\/texas-nos-vendera-su-gas\/\" target=\"_blank\">celestemundo.wordpress.com\/2014\/04\/30\/texas-nos-vendera-su-gas\/<\/a><\/p>\n<p><a href=\"http:\/\/www.elfinanciero.com.mx\/monterrey\/mexico-con-apoyo-de-gas-texano-buscara-conquistar-asia-y-europa.html\" target=\"_blank\">www.elfinanciero.com.mx\/monterrey\/mexico-con-apoyo-de-gas-texano-buscara-conquistar-asia-y-europa.html<\/a><\/p>\n<p><img loading=\"lazy\" decoding=\"async\" data-attachment-id=\"5889\" data-permalink=\"https:\/\/www.grieta.org.mx\/index.php\/hidrocarburos\/sistema-de-transporte-de-gas-natural-norte-noroeste\/gasnaturalataraamexicoyestadosunidos-1\/\" data-orig-file=\"https:\/\/www.grieta.org.mx\/wp-content\/uploads\/2016\/03\/gasnaturalataraamexicoyestadosunidos-1.jpg\" data-orig-size=\"620,465\" data-comments-opened=\"0\" data-image-meta=\"{&quot;aperture&quot;:&quot;0&quot;,&quot;credit&quot;:&quot;&quot;,&quot;camera&quot;:&quot;&quot;,&quot;caption&quot;:&quot;&quot;,&quot;created_timestamp&quot;:&quot;0&quot;,&quot;copyright&quot;:&quot;&quot;,&quot;focal_length&quot;:&quot;0&quot;,&quot;iso&quot;:&quot;0&quot;,&quot;shutter_speed&quot;:&quot;0&quot;,&quot;title&quot;:&quot;&quot;,&quot;orientation&quot;:&quot;0&quot;}\" data-image-title=\"gasnaturalataraamexicoyestadosunidos-1\" data-image-description=\"\" data-image-caption=\"\" data-medium-file=\"https:\/\/www.grieta.org.mx\/wp-content\/uploads\/2016\/03\/gasnaturalataraamexicoyestadosunidos-1-300x225.jpg\" data-large-file=\"https:\/\/www.grieta.org.mx\/wp-content\/uploads\/2016\/03\/gasnaturalataraamexicoyestadosunidos-1.jpg\" src=\"http:\/\/grieta.org.mx\/wp-content\/uploads\/2016\/03\/gasnaturalataraamexicoyestadosunidos-1.jpg\" alt=\"gasnaturalataraamexicoyestadosunidos-1\" width=\"620\" height=\"465\" class=\"alignnone size-full wp-image-5889\" srcset=\"https:\/\/www.grieta.org.mx\/wp-content\/uploads\/2016\/03\/gasnaturalataraamexicoyestadosunidos-1.jpg 620w, https:\/\/www.grieta.org.mx\/wp-content\/uploads\/2016\/03\/gasnaturalataraamexicoyestadosunidos-1-300x225.jpg 300w\" sizes=\"auto, (max-width: 620px) 100vw, 620px\" \/><\/p>\n<p><img loading=\"lazy\" decoding=\"async\" data-attachment-id=\"5892\" data-permalink=\"https:\/\/www.grieta.org.mx\/index.php\/hidrocarburos\/sistema-de-transporte-de-gas-natural-norte-noroeste\/5-cfecomisin-federal-de-electricidad-jornada-mxico-19-638-1\/\" data-orig-file=\"https:\/\/www.grieta.org.mx\/wp-content\/uploads\/2016\/03\/5-cfecomisin-federal-de-electricidad-jornada-mxico-19-638-1.jpg\" data-orig-size=\"638,479\" data-comments-opened=\"0\" data-image-meta=\"{&quot;aperture&quot;:&quot;0&quot;,&quot;credit&quot;:&quot;&quot;,&quot;camera&quot;:&quot;&quot;,&quot;caption&quot;:&quot;&quot;,&quot;created_timestamp&quot;:&quot;0&quot;,&quot;copyright&quot;:&quot;&quot;,&quot;focal_length&quot;:&quot;0&quot;,&quot;iso&quot;:&quot;0&quot;,&quot;shutter_speed&quot;:&quot;0&quot;,&quot;title&quot;:&quot;&quot;,&quot;orientation&quot;:&quot;0&quot;}\" data-image-title=\"5-cfecomisin-federal-de-electricidad-jornada-mxico-19-638-1\" data-image-description=\"\" data-image-caption=\"\" data-medium-file=\"https:\/\/www.grieta.org.mx\/wp-content\/uploads\/2016\/03\/5-cfecomisin-federal-de-electricidad-jornada-mxico-19-638-1-300x225.jpg\" data-large-file=\"https:\/\/www.grieta.org.mx\/wp-content\/uploads\/2016\/03\/5-cfecomisin-federal-de-electricidad-jornada-mxico-19-638-1.jpg\" src=\"http:\/\/grieta.org.mx\/wp-content\/uploads\/2016\/03\/5-cfecomisin-federal-de-electricidad-jornada-mxico-19-638-1.jpg\" alt=\"5-cfecomisin-federal-de-electricidad-jornada-mxico-19-638-1\" width=\"638\" height=\"479\" class=\"alignnone size-full wp-image-5892\" srcset=\"https:\/\/www.grieta.org.mx\/wp-content\/uploads\/2016\/03\/5-cfecomisin-federal-de-electricidad-jornada-mxico-19-638-1.jpg 638w, https:\/\/www.grieta.org.mx\/wp-content\/uploads\/2016\/03\/5-cfecomisin-federal-de-electricidad-jornada-mxico-19-638-1-300x225.jpg 300w\" sizes=\"auto, (max-width: 638px) 100vw, 638px\" \/><\/p>\n","protected":false},"excerpt":{"rendered":"<p>En noviembre de 2012 la Secretar\u00eda de Energ\u00eda anunci\u00f3 el inicio del sistema de Transporte de Gas Natural Norte-Noroeste del pa\u00eds, que constar\u00e1 de cinco segmentos que ya han sido &hellip; <a href=\"https:\/\/www.grieta.org.mx\/index.php\/hidrocarburos\/sistema-de-transporte-de-gas-natural-norte-noroeste\/\" class=\"more-link\">Leer m\u00e1s<\/a><\/p>\n","protected":false},"author":2,"featured_media":21928,"parent":13521,"menu_order":0,"comment_status":"closed","ping_status":"closed","template":"sistema-de-transporte-de-gas-natural-norte-noroeste_page.php","meta":{"ngg_post_thumbnail":0,"footnotes":""},"class_list":["post-5881","page","type-page","status-publish","has-post-thumbnail","hentry","entry"],"jetpack_sharing_enabled":true,"jetpack_shortlink":"https:\/\/wp.me\/P7ZJR4-1wR","jetpack_likes_enabled":false,"jetpack-related-posts":[{"id":5903,"url":"https:\/\/www.grieta.org.mx\/index.php\/hidrocarburos\/gasoducto-jaltipan-salina-cruz\/","url_meta":{"origin":5881,"position":0},"title":"Gasoducto Jaltipan \u2013 Salina Cruz","author":"grieta","date":"31 marzo, 2016","format":false,"excerpt":"El gasoducto tiene 36 pulgadas de di\u00e1metro y 247 kil\u00f3metros de longitud; abastecer\u00e1 de gas natural a 4 proyectos: (i) reconfiguraci\u00f3n de la refiner\u00eda de Salina Cruz; (ii) planta de cogeneraci\u00f3n en Salina Cruz; (iii) posible planta de licuefacci\u00f3n en Salina Cruz, y (iv) exportaci\u00f3n hacia Centroam\u00e9rica. La licitaci\u00f3n de\u2026","rel":"","context":"Entrada similar ","block_context":{"text":"Entrada similar ","link":""},"img":{"alt_text":"","src":"https:\/\/i0.wp.com\/www.grieta.org.mx\/wp-content\/uploads\/2016\/03\/jalt1.jpg?resize=350%2C200&ssl=1","width":350,"height":200,"srcset":"https:\/\/i0.wp.com\/www.grieta.org.mx\/wp-content\/uploads\/2016\/03\/jalt1.jpg?resize=350%2C200&ssl=1 1x, https:\/\/i0.wp.com\/www.grieta.org.mx\/wp-content\/uploads\/2016\/03\/jalt1.jpg?resize=525%2C300&ssl=1 1.5x, https:\/\/i0.wp.com\/www.grieta.org.mx\/wp-content\/uploads\/2016\/03\/jalt1.jpg?resize=700%2C400&ssl=1 2x"},"classes":[]},{"id":5914,"url":"https:\/\/www.grieta.org.mx\/index.php\/hidrocarburos\/gasoducto-tuxpan-tula\/","url_meta":{"origin":5881,"position":1},"title":"Gasoducto Tuxpan &#8211; Tula","author":"grieta","date":"28 marzo, 2016","format":false,"excerpt":"Se trata de un gasoducto que transporta gas natural proveniente del Sur de Texas, para satisfacer los requerimientos de este combustible en las centrales de generaci\u00f3n de la CFE ubicadas en los estados de Veracruz, Puebla e Hidalgo, as\u00ed como en las regiones Centro y Occidente del pa\u00eds. Forma parte\u2026","rel":"","context":"Entrada similar ","block_context":{"text":"Entrada similar ","link":""},"img":{"alt_text":"","src":"https:\/\/i0.wp.com\/www.grieta.org.mx\/wp-content\/uploads\/2016\/03\/tt.jpg?resize=350%2C200&ssl=1","width":350,"height":200},"classes":[]},{"id":5920,"url":"https:\/\/www.grieta.org.mx\/index.php\/hidrocarburos\/gasoducto-salina-cruz-tapachula\/","url_meta":{"origin":5881,"position":2},"title":"Gasoducto Salina Cruz &#8211; Tapachula","author":"grieta","date":"31 marzo, 2016","format":false,"excerpt":"Este gasoducto mide 20 pulgadas de di\u00e1metro y 440 kil\u00f3metros de longitud. Se pretende que contribuya al desarrollo econ\u00f3mico de los estados de Oaxaca y Chiapas, al atraer inversi\u00f3n para la instalaci\u00f3n de plantas productivas en la regi\u00f3n. El 28 de noviembre de 2014, la SENER determin\u00f3 este gasoducto como\u2026","rel":"","context":"Entrada similar ","block_context":{"text":"Entrada similar ","link":""},"img":{"alt_text":"","src":"https:\/\/i0.wp.com\/www.grieta.org.mx\/wp-content\/uploads\/2021\/06\/sc.jpg?resize=350%2C200&ssl=1","width":350,"height":200,"srcset":"https:\/\/i0.wp.com\/www.grieta.org.mx\/wp-content\/uploads\/2021\/06\/sc.jpg?resize=350%2C200&ssl=1 1x, https:\/\/i0.wp.com\/www.grieta.org.mx\/wp-content\/uploads\/2021\/06\/sc.jpg?resize=525%2C300&ssl=1 1.5x, https:\/\/i0.wp.com\/www.grieta.org.mx\/wp-content\/uploads\/2021\/06\/sc.jpg?resize=700%2C400&ssl=1 2x"},"classes":[]},{"id":6977,"url":"https:\/\/www.grieta.org.mx\/index.php\/proyecto-integral-morelos-pim\/","url_meta":{"origin":5881,"position":3},"title":"Proyecto Integral Morelos (PIM)","author":"grieta","date":"28 marzo, 2016","format":false,"excerpt":"El PIM consta de dos centrales termoel\u00e9ctricas ubicadas en la comunidad de Huexca, Morelos, las cuales han sido concesionadas a la empresa ABENGOA de origen espa\u00f1ol; un gasoducto de aproximadamente 160 kil\u00f3metros de longitud que pretende transportar diariamente 9 mil millones de litros de gas natural, para dichas termoel\u00e9ctricas, pasando\u2026","rel":"","context":"Entrada similar ","block_context":{"text":"Entrada similar ","link":""},"img":{"alt_text":"","src":"https:\/\/i0.wp.com\/www.grieta.org.mx\/wp-content\/uploads\/2020\/03\/La-Huexca-Foto-Margarito-Perez-Retana.jpeg?resize=350%2C200&ssl=1","width":350,"height":200,"srcset":"https:\/\/i0.wp.com\/www.grieta.org.mx\/wp-content\/uploads\/2020\/03\/La-Huexca-Foto-Margarito-Perez-Retana.jpeg?resize=350%2C200&ssl=1 1x, https:\/\/i0.wp.com\/www.grieta.org.mx\/wp-content\/uploads\/2020\/03\/La-Huexca-Foto-Margarito-Perez-Retana.jpeg?resize=525%2C300&ssl=1 1.5x, https:\/\/i0.wp.com\/www.grieta.org.mx\/wp-content\/uploads\/2020\/03\/La-Huexca-Foto-Margarito-Perez-Retana.jpeg?resize=700%2C400&ssl=1 2x"},"classes":[]},{"id":8684,"url":"https:\/\/www.grieta.org.mx\/index.php\/comunicaciones-y-transportes\/carreteras-oaxaca-costa-y-oaxaca-istmo-2\/","url_meta":{"origin":5881,"position":4},"title":"Carreteras Oaxaca-Costa y Oaxaca-Istmo","author":"grieta","date":"30 marzo, 2016","format":false,"excerpt":"El proyecto contempla la construcci\u00f3n de cinco ejes carreteros. 1. Oaxaca-Costa, con una longitud de 195 kil\u00f3metros. 2. Oaxaca-Tehuantepec, con 210 kil\u00f3metros de distancia. 3. Eje carretero n\u00famero 15, del tramo Puerto Escondido- Pochutla \u2013 Huatulco, con una extensi\u00f3n de 110 kil\u00f3metros. 4. Acayucan \u2013 La Ventosa.- con una longitud\u2026","rel":"","context":"Entrada similar ","block_context":{"text":"Entrada similar ","link":""},"img":{"alt_text":"","src":"https:\/\/i0.wp.com\/www.grieta.org.mx\/wp-content\/uploads\/2018\/03\/14524434_1106112876131411_958039263622046936_o.jpg?resize=350%2C200&ssl=1","width":350,"height":200,"srcset":"https:\/\/i0.wp.com\/www.grieta.org.mx\/wp-content\/uploads\/2018\/03\/14524434_1106112876131411_958039263622046936_o.jpg?resize=350%2C200&ssl=1 1x, https:\/\/i0.wp.com\/www.grieta.org.mx\/wp-content\/uploads\/2018\/03\/14524434_1106112876131411_958039263622046936_o.jpg?resize=525%2C300&ssl=1 1.5x, https:\/\/i0.wp.com\/www.grieta.org.mx\/wp-content\/uploads\/2018\/03\/14524434_1106112876131411_958039263622046936_o.jpg?resize=700%2C400&ssl=1 2x"},"classes":[]},{"id":13435,"url":"https:\/\/www.grieta.org.mx\/index.php\/comunicaciones-y-transportes\/carreteras-oaxaca-costa-y-oaxaca-istmo\/","url_meta":{"origin":5881,"position":5},"title":"Carreteras Oaxaca-Costa y Oaxaca-Istmo","author":"grieta","date":"2 junio, 2016","format":false,"excerpt":"El proyecto contempla la construcci\u00f3n de cinco ejes carreteros. 1. Oaxaca-Costa, con una longitud de 195 kil\u00f3metros. 2. Oaxaca-Tehuantepec, con 210 kil\u00f3metros de distancia. 3. Eje carretero n\u00famero 15, del tramo Puerto Escondido- Pochutla \u2013 Huatulco, con una extensi\u00f3n de 110 kil\u00f3metros. 4. Acayucan - La Ventosa.- con una longitud\u2026","rel":"","context":"Entrada similar ","block_context":{"text":"Entrada similar ","link":""},"img":{"alt_text":"","src":"https:\/\/i0.wp.com\/www.grieta.org.mx\/wp-content\/uploads\/2018\/03\/14524434_1106112876131411_958039263622046936_o.jpg?resize=350%2C200&ssl=1","width":350,"height":200,"srcset":"https:\/\/i0.wp.com\/www.grieta.org.mx\/wp-content\/uploads\/2018\/03\/14524434_1106112876131411_958039263622046936_o.jpg?resize=350%2C200&ssl=1 1x, https:\/\/i0.wp.com\/www.grieta.org.mx\/wp-content\/uploads\/2018\/03\/14524434_1106112876131411_958039263622046936_o.jpg?resize=525%2C300&ssl=1 1.5x, https:\/\/i0.wp.com\/www.grieta.org.mx\/wp-content\/uploads\/2018\/03\/14524434_1106112876131411_958039263622046936_o.jpg?resize=700%2C400&ssl=1 2x"},"classes":[]}],"_links":{"self":[{"href":"https:\/\/www.grieta.org.mx\/index.php\/wp-json\/wp\/v2\/pages\/5881","targetHints":{"allow":["GET"]}}],"collection":[{"href":"https:\/\/www.grieta.org.mx\/index.php\/wp-json\/wp\/v2\/pages"}],"about":[{"href":"https:\/\/www.grieta.org.mx\/index.php\/wp-json\/wp\/v2\/types\/page"}],"author":[{"embeddable":true,"href":"https:\/\/www.grieta.org.mx\/index.php\/wp-json\/wp\/v2\/users\/2"}],"replies":[{"embeddable":true,"href":"https:\/\/www.grieta.org.mx\/index.php\/wp-json\/wp\/v2\/comments?post=5881"}],"version-history":[{"count":1,"href":"https:\/\/www.grieta.org.mx\/index.php\/wp-json\/wp\/v2\/pages\/5881\/revisions"}],"predecessor-version":[{"id":11956,"href":"https:\/\/www.grieta.org.mx\/index.php\/wp-json\/wp\/v2\/pages\/5881\/revisions\/11956"}],"up":[{"embeddable":true,"href":"https:\/\/www.grieta.org.mx\/index.php\/wp-json\/wp\/v2\/pages\/13521"}],"wp:featuredmedia":[{"embeddable":true,"href":"https:\/\/www.grieta.org.mx\/index.php\/wp-json\/wp\/v2\/media\/21928"}],"wp:attachment":[{"href":"https:\/\/www.grieta.org.mx\/index.php\/wp-json\/wp\/v2\/media?parent=5881"}],"curies":[{"name":"wp","href":"https:\/\/api.w.org\/{rel}","templated":true}]}}