{"id":56,"date":"2016-02-25T06:39:40","date_gmt":"2016-02-25T06:39:40","guid":{"rendered":"http:\/\/50.22.11.12\/~grietaor\/?page_id=56"},"modified":"2019-01-09T12:27:15","modified_gmt":"2019-01-09T18:27:15","slug":"cerro-de-san-pedro","status":"publish","type":"page","link":"https:\/\/www.grieta.org.mx\/index.php\/mineria\/cerro-de-san-pedro\/","title":{"rendered":"Miner\u00eda en el Cerro de San Pedro"},"content":{"rendered":"<p>El sistema que Minera San Xavier, filial en M\u00e9xico de la empresa canadiense New Gold, ha aplicado durante m\u00e1s ocho a\u00f1os para la explotaci\u00f3n y beneficio de mineral en el Cerro de San Pedro, San Luis Potos\u00ed, es el conocido como tajo a cielo abierto y lixiviaci\u00f3n a montones. Es un procedimiento que est\u00e1 prohibido en muchos pa\u00edses por su gran poder destructivo y contaminante.<\/p>\n<p><iframe loading=\"lazy\" style=\"border: 1px solid black;\" src=\"http:\/\/www.openstreetmap.org\/export\/embed.html?bbox=-101.13361358642578%2C22.061459897251506%2C-100.68042755126953%2C22.33515102345632&amp;layer=mapquest\" width=\"700\" height=\"484\" frameborder=\"0\" marginwidth=\"0\" marginheight=\"0\" scrolling=\"no\"><\/iframe><br \/>\n<small><a href=\"http:\/\/www.openstreetmap.org\/#map=12\/22.1984\/-100.9070&amp;layers=Q\" target=\"_blank\">Ver mapa m\u00e1s grande<\/a><\/small><\/p>\n<p>La miner\u00eda a cielo abierto remueve la capa superficial o sobrecarga de la tierra para hacer accesibles los extensos yacimientos de mineral de baja calidad. Los modernos equipos de excavaci\u00f3n, las cintas transportadoras, la gran maquinaria, el uso de nuevos insumos y las tuber\u00edas de distribuci\u00f3n permiten hoy remover monta\u00f1as enteras en cuesti\u00f3n de horas, haciendo rentable la extracci\u00f3n de menos de un gramo de oro por tonelada de material removido.<\/p>\n<p>En s\u00f3lo siete a\u00f1os el otrora s\u00edmbolo de la fundaci\u00f3n de San Luis Potos\u00ed, el Cerro de San Pedro, desgajado a fuerza de explosivos para extraerle, luego de un proceso de lixiviaci\u00f3n con cianuro, lo que queda de oro y plata, desapareci\u00f3 de la faz de la tierra.<\/p>\n<p><iframe loading=\"lazy\" src=\"http:\/\/wikimapia.org\/#lat=22.221694&amp;lon=-100.800633&amp;z=15&amp;l=&amp;ifr=1&amp;m=b\" width=\"700\" height=\"484\" frameborder=\"0\"><\/iframe><\/p>\n<p>En su manifestaci\u00f3n de impacto ambiental, Minera San Xavier habla del peligro de contaminaci\u00f3n del acu\u00edfero por la inminente infiltraci\u00f3n de soluci\u00f3n cianurada, pero no concluye con ello que de inmediato se pone en peligro la salud de casi 2 millones de habitantes del valle de San Luis. Igualmente acepta que el consumo del l\u00edquido ser\u00e1 un impacto severo para el acu\u00edfero, pero no reconoce que esto acelera su ya de por s\u00ed peligroso abatimiento.<\/p>\n<p>En cuanto a suelos, cientos de hect\u00e1reas ser\u00e1n denudadas. Minera San Xavier declara en su manifestaci\u00f3n de impacto ambiental que las tierras quedar\u00e1n incapacitadas para cualquier actividad productiva, que los impactos en este rubro ser\u00e1n <i>severos, irreversibles y permanentes<\/i>.<\/p>\n<p>En cuanto a beneficios, Minera San Xavier ofrec\u00eda de 175 a 200 empleos directos, de los cuales, dice, 50 ser\u00e1n para el municipio y el resto para otros estados. A esto habr\u00e1 que agregar despu\u00e9s la p\u00e9rdida de miles de empleos provenientes de las actividades agr\u00edcolas y ganaderas de las zonas aleda\u00f1as que comenzar\u00e1n a verse afectadas por el proyecto minero y que el agua que consume Minera San Xavier durante sus procesos ser\u00eda suficiente para dotar a 300 mil personas con cien litros diarios.<\/p>\n<p>Y no s\u00f3lo, el resultado es tambi\u00e9n una gigantesca monta\u00f1a con 640 millones de metros c\u00fabicos, 80 millones de toneladas, de material saturado de cianuro en sus entra\u00f1as que cubren una superficie de 178 hect\u00e1reas a una altura de m\u00e1s de 50 metros, adem\u00e1s de los jales mineros en su alrededor que liberan toneladas de sulfuros los cuales combinados con la lluvia destruyen toda vida org\u00e1nica a su paso y cancelan todo tipo de actividad productiva para las generaciones futuras.<\/p>\n<p>Lo m\u00e1s significativo y peligroso, es que tal monta\u00f1a de material contaminado quedar\u00e1 a 9 kil\u00f3metros de la ciudad capital y muy cercana a otras comunidades. Adem\u00e1s en el ejido Palma de la Cruz quedar\u00edan otros 120 millones de toneladas de material con grandes contenidos de sulfuros, que no podr\u00eda ser lixiviable.<\/p>\n<p>Los impactos al ambiente son pr\u00e1cticamente innumerables. Minera San Xavier se\u00f1ala en su manifestaci\u00f3n de impacto ambiental (MIA) que su proyecto causar\u00eda contaminaci\u00f3n atmosf\u00e9rica por el tumbe y trituraci\u00f3n del mineral, pues toneladas de polvillo mezcladas con los gases del nitrato de amonio, as\u00ed como emanaciones de la maquinaria, quedar\u00edan en suspensi\u00f3n y viajar\u00edan por la acci\u00f3n de los vientos dominantes hacia el valle de San Luis, la ciudad capital y Soledad de Graciano S\u00e1nchez. A esta contaminaci\u00f3n habr\u00eda que sumarle la evaporaci\u00f3n cada d\u00eda de unos 8 millones de litros de la mezcla de cianuro y agua -32 millones de litros diarios-, convertidos en \u00e1cido cianh\u00eddrico, viajar\u00edan hacia la ciudad empujados por la misma acci\u00f3n de los vientos.<\/p>\n<p>Considerando que el acu\u00edfero del valle de San Luis es la principal fuente de agua de la ciudad capital (90 por ciento del consumo total), resulta particularmente grave y trascendente que la empresa minera ubique las piletas, patio de lixiviaci\u00f3n y planta de beneficio conteniendo cianuro de sodio, ars\u00e9nico y metales pesados al pie del monte de la sierra de Alvarez, precisamente en el \u00e1rea de recarga del acu\u00edfero de San Luis, donde el flujo horizontal de soluciones cobra particular importancia por la inclinaci\u00f3n natural del terreno y la cercan\u00eda al arroyo de San Pedro, en una regi\u00f3n de trombas e inundaciones peligrosas.<\/p>\n<p>Las poblaciones aleda\u00f1as ya han presentado enfermedades que antes no padec\u00edan sobre todo pulmonares, hep\u00e1ticas y por diabetes entre otros males pues como consecuencia de dinamitar las monta\u00f1as se liberan metales como ars\u00e9nico, plomo, cadmio con los cuales interact\u00faan diariamente los potosinos del valle del San Luis Potos\u00ed mientras las a?eas circundantes de lo que fue el Cerro de San Pedro yacen ya sin la flora y fauna end\u00e9micas que lo distinguieron.<br \/>\n<br style=\"clear: both;\" \/><iframe loading=\"lazy\" src=\"https:\/\/www.youtube.com\/embed\/On_Q-Sjldpo\" width=\"420\" height=\"315\" frameborder=\"0\" allowfullscreen=\"allowfullscreen\"><\/iframe><br \/>\n<iframe loading=\"lazy\" src=\"https:\/\/www.youtube.com\/embed\/nlufzXlIBjk\" width=\"560\" height=\"315\" frameborder=\"0\" allowfullscreen=\"allowfullscreen\"><\/iframe><\/p>\n<p>Con informaci\u00f3n de:<\/p>\n<blockquote class=\"wp-embedded-content\" data-secret=\"WohNoGLtw1\"><p><a href=\"https:\/\/historiaybiografias.com\/mineria\/\">Uso del Cianuro en la Mineria:Impacto y Efectos en el Medio Ambiente<\/a><\/p><\/blockquote>\n<p><iframe loading=\"lazy\" class=\"wp-embedded-content\" sandbox=\"allow-scripts\" security=\"restricted\" style=\"position: absolute; clip: rect(1px, 1px, 1px, 1px);\" title=\"\u00abUso del Cianuro en la Mineria:Impacto y Efectos en el Medio Ambiente\u00bb \u2014 BIOGRAF\u00cdAS e HISTORIA UNIVERSAL,ARGENTINA y de la CIENCIA\" src=\"https:\/\/historiaybiografias.com\/mineria\/embed\/#?secret=WohNoGLtw1\" data-secret=\"WohNoGLtw1\" width=\"600\" height=\"338\" frameborder=\"0\" marginwidth=\"0\" marginheight=\"0\" scrolling=\"no\"><\/iframe><\/p>\n<blockquote class=\"wp-embedded-content\" data-secret=\"K6syg6LHAZ\"><p><a href=\"https:\/\/subversiones.org\/archivos\/25845\">Destrucci\u00f3n a cielo abierto en San Luis Potos\u00ed<\/a><\/p><\/blockquote>\n<p><iframe loading=\"lazy\" class=\"wp-embedded-content\" sandbox=\"allow-scripts\" security=\"restricted\" style=\"position: absolute; clip: rect(1px, 1px, 1px, 1px);\" title=\"\u00abDestrucci\u00f3n a cielo abierto en San Luis Potos\u00ed\u00bb \u2014 SubVersiones\" src=\"https:\/\/subversiones.org\/archivos\/25845\/embed#?secret=K6syg6LHAZ\" data-secret=\"K6syg6LHAZ\" width=\"600\" height=\"338\" frameborder=\"0\" marginwidth=\"0\" marginheight=\"0\" scrolling=\"no\"><\/iframe><br \/>\nhttp:\/\/www.jornada.unam.mx\/2004\/10\/18\/056n1con.php<br \/>\nhttp:\/\/www.jornada.unam.mx\/2004\/10\/19\/018n1pol.php<br \/>\nhttp:\/\/www.jornada.unam.mx\/2004\/10\/20\/020n1pol.php<br \/>\nhttp:\/\/www.desdeelrincondeademuz.com\/2012\/10\/del-rincon-de-ademuz-luego-espanol.html<br \/>\nhttp:\/\/www.mas-bcs.org<br \/>\nhttp:\/\/proyectocerro.blogspot.mx\/<\/p>\n","protected":false},"excerpt":{"rendered":"<p>El sistema que Minera San Xavier, filial en M\u00e9xico de la empresa canadiense New Gold, ha aplicado durante m\u00e1s ocho a\u00f1os para la explotaci\u00f3n y beneficio de mineral en el &hellip; <a href=\"https:\/\/www.grieta.org.mx\/index.php\/mineria\/cerro-de-san-pedro\/\" class=\"more-link\">Leer m\u00e1s<\/a><\/p>\n","protected":false},"author":1,"featured_media":21928,"parent":5279,"menu_order":0,"comment_status":"closed","ping_status":"closed","template":"","meta":{"ngg_post_thumbnail":0,"footnotes":""},"class_list":["post-56","page","type-page","status-publish","has-post-thumbnail","hentry","entry"],"jetpack_sharing_enabled":true,"jetpack_shortlink":"https:\/\/wp.me\/P7ZJR4-U","jetpack_likes_enabled":false,"jetpack-related-posts":[{"id":5279,"url":"https:\/\/www.grieta.org.mx\/index.php\/mineria\/","url_meta":{"origin":56,"position":0},"title":"Miner\u00eda","author":"grieta","date":"26 marzo, 2016","format":false,"excerpt":"En t\u00e9rminos generales, los minerales se clasifican en met\u00e1licos, no met\u00e1licos y energ\u00e9ticos. El 70% del territorio mexicano tiene potencial geol\u00f3gico minero. M\u00e9xico ocupa el segundo lugar a nivel mundial en la producci\u00f3n de Plata, Bismuto y Fluorita; el quinto lugar en Plomo y Diatomita; el sexto lugar en producci\u00f3n\u2026","rel":"","context":"Entrada similar ","block_context":{"text":"Entrada similar ","link":""},"img":{"alt_text":"","src":"https:\/\/i0.wp.com\/www.grieta.org.mx\/wp-content\/uploads\/2018\/03\/14524434_1106112876131411_958039263622046936_o.jpg?resize=350%2C200&ssl=1","width":350,"height":200,"srcset":"https:\/\/i0.wp.com\/www.grieta.org.mx\/wp-content\/uploads\/2018\/03\/14524434_1106112876131411_958039263622046936_o.jpg?resize=350%2C200&ssl=1 1x, https:\/\/i0.wp.com\/www.grieta.org.mx\/wp-content\/uploads\/2018\/03\/14524434_1106112876131411_958039263622046936_o.jpg?resize=525%2C300&ssl=1 1.5x, https:\/\/i0.wp.com\/www.grieta.org.mx\/wp-content\/uploads\/2018\/03\/14524434_1106112876131411_958039263622046936_o.jpg?resize=700%2C400&ssl=1 2x"},"classes":[]},{"id":8679,"url":"https:\/\/www.grieta.org.mx\/index.php\/mineria\/mineria-en-el-istmo-de-tehuantepec\/","url_meta":{"origin":56,"position":1},"title":"Miner\u00eda en el Istmo de Tehuantepec","author":"grieta","date":"30 marzo, 2016","format":false,"excerpt":"El Istmo de Tehuantepec es una regi\u00f3n comprendida entre los estados de Oaxaca, Veracruz, Chiapas y Tabasco. Esta regi\u00f3n es la zona m\u00e1s angosta del territorio mexicano que comunica los dos oc\u00e9anos: Pac\u00edfico y Atl\u00e1ntico. En su punto m\u00e1s estrecho el Istmo tiene tan s\u00f3lo 200 km de distancia entre\u2026","rel":"","context":"Entrada similar ","block_context":{"text":"Entrada similar ","link":""},"img":{"alt_text":"","src":"https:\/\/i0.wp.com\/www.grieta.org.mx\/wp-content\/uploads\/2018\/03\/14524434_1106112876131411_958039263622046936_o.jpg?resize=350%2C200&ssl=1","width":350,"height":200,"srcset":"https:\/\/i0.wp.com\/www.grieta.org.mx\/wp-content\/uploads\/2018\/03\/14524434_1106112876131411_958039263622046936_o.jpg?resize=350%2C200&ssl=1 1x, https:\/\/i0.wp.com\/www.grieta.org.mx\/wp-content\/uploads\/2018\/03\/14524434_1106112876131411_958039263622046936_o.jpg?resize=525%2C300&ssl=1 1.5x, https:\/\/i0.wp.com\/www.grieta.org.mx\/wp-content\/uploads\/2018\/03\/14524434_1106112876131411_958039263622046936_o.jpg?resize=700%2C400&ssl=1 2x"},"classes":[]},{"id":8647,"url":"https:\/\/www.grieta.org.mx\/index.php\/proyectos-hidricos\/acueducto-rio-san-pedro-guerrero\/","url_meta":{"origin":56,"position":2},"title":"Acueducto R\u00edo San Pedro (Guerrero)","author":"grieta","date":"30 marzo, 2016","format":false,"excerpt":"El r\u00edo San Pedro nace cerca del poblado El Coyuil, municipio de Metlat\u00f3noc, y pasa por los poblados: San Pedro, San Isidro, San Mart\u00edn, Huehuet\u00f3noc, Las Minas, Xochistlahuaca, Tlacoachistlahuaca, Tierra Colorada, Plan Fuste, Cosoyoapa, Plan Maguey y Arroyo Nuevo, en el estado de Guerrero. El proyecto, impulsado por el gobierno\u2026","rel":"","context":"Entrada similar ","block_context":{"text":"Entrada similar ","link":""},"img":{"alt_text":"","src":"https:\/\/i0.wp.com\/www.grieta.org.mx\/wp-content\/uploads\/2018\/03\/14524434_1106112876131411_958039263622046936_o.jpg?resize=350%2C200&ssl=1","width":350,"height":200,"srcset":"https:\/\/i0.wp.com\/www.grieta.org.mx\/wp-content\/uploads\/2018\/03\/14524434_1106112876131411_958039263622046936_o.jpg?resize=350%2C200&ssl=1 1x, https:\/\/i0.wp.com\/www.grieta.org.mx\/wp-content\/uploads\/2018\/03\/14524434_1106112876131411_958039263622046936_o.jpg?resize=525%2C300&ssl=1 1.5x, https:\/\/i0.wp.com\/www.grieta.org.mx\/wp-content\/uploads\/2018\/03\/14524434_1106112876131411_958039263622046936_o.jpg?resize=700%2C400&ssl=1 2x"},"classes":[]},{"id":8656,"url":"https:\/\/www.grieta.org.mx\/index.php\/proyectos-hidricos\/hidorelectrica-paso-de-la-reina-oaxaca\/","url_meta":{"origin":56,"position":3},"title":"Hidroel\u00e9ctrica Paso de la Reina (Oaxaca)","author":"grieta","date":"30 marzo, 2016","format":false,"excerpt":"El 24 de marzo de 2006 la CFE anunci\u00f3 oficialmente la construcci\u00f3n de la presa denominada \u201cAprovechamiento Hidr\u00e1ulico de Usos M\u00faltiples Paso de la Reina\u201d en el estado de Oaxaca. La presa tendr\u00eda una cortina de 195 metros y afectar\u00eda directamente 3,100 hect\u00e1reas en 6 municipios y m\u00e1s de 40\u2026","rel":"","context":"Entrada similar ","block_context":{"text":"Entrada similar ","link":""},"img":{"alt_text":"","src":"https:\/\/i0.wp.com\/www.grieta.org.mx\/wp-content\/uploads\/2018\/03\/14524434_1106112876131411_958039263622046936_o.jpg?resize=350%2C200&ssl=1","width":350,"height":200,"srcset":"https:\/\/i0.wp.com\/www.grieta.org.mx\/wp-content\/uploads\/2018\/03\/14524434_1106112876131411_958039263622046936_o.jpg?resize=350%2C200&ssl=1 1x, https:\/\/i0.wp.com\/www.grieta.org.mx\/wp-content\/uploads\/2018\/03\/14524434_1106112876131411_958039263622046936_o.jpg?resize=525%2C300&ssl=1 1.5x, https:\/\/i0.wp.com\/www.grieta.org.mx\/wp-content\/uploads\/2018\/03\/14524434_1106112876131411_958039263622046936_o.jpg?resize=700%2C400&ssl=1 2x"},"classes":[]},{"id":8682,"url":"https:\/\/www.grieta.org.mx\/index.php\/proyectos-hidricos\/hidroelectrica-paso-de-la-reina-oaxaca\/","url_meta":{"origin":56,"position":4},"title":"Hidroel\u00e9ctrica Paso de la Reina (Oaxaca)","author":"grieta","date":"30 marzo, 2016","format":false,"excerpt":"El 24 de marzo de 2006 la CFE anunci\u00f3 oficialmente la construcci\u00f3n de la presa denominada \u201cAprovechamiento Hidr\u00e1ulico de Usos M\u00faltiples Paso de la Reina\u201d en el estado de Oaxaca. La presa tendr\u00eda una cortina de 195 metros y afectar\u00eda directamente 3,100 hect\u00e1reas en 6 municipios y m\u00e1s de 40\u2026","rel":"","context":"Entrada similar ","block_context":{"text":"Entrada similar ","link":""},"img":{"alt_text":"","src":"https:\/\/i0.wp.com\/www.grieta.org.mx\/wp-content\/uploads\/2018\/03\/14524434_1106112876131411_958039263622046936_o.jpg?resize=350%2C200&ssl=1","width":350,"height":200,"srcset":"https:\/\/i0.wp.com\/www.grieta.org.mx\/wp-content\/uploads\/2018\/03\/14524434_1106112876131411_958039263622046936_o.jpg?resize=350%2C200&ssl=1 1x, https:\/\/i0.wp.com\/www.grieta.org.mx\/wp-content\/uploads\/2018\/03\/14524434_1106112876131411_958039263622046936_o.jpg?resize=525%2C300&ssl=1 1.5x, https:\/\/i0.wp.com\/www.grieta.org.mx\/wp-content\/uploads\/2018\/03\/14524434_1106112876131411_958039263622046936_o.jpg?resize=700%2C400&ssl=1 2x"},"classes":[]},{"id":8614,"url":"https:\/\/www.grieta.org.mx\/index.php\/proyectos-hidricos\/proyecto-hidraulico-monterrey-vi\/","url_meta":{"origin":56,"position":5},"title":"Proyecto Hidr\u00e1ulico Monterrey VI","author":"grieta","date":"30 marzo, 2016","format":false,"excerpt":"El proyecto hidr\u00e1ulico Monterrey VI consiste en la construcci\u00f3n de un acueducto de 372 kil\u00f3metros, que iniciar\u00e1 en el r\u00edo Tampa\u00f3n, afluente del r\u00edo P\u00e1nuco, en San Luis Potos\u00ed, hasta la presa Cerro Prieto en el municipio de Linares. La obra est\u00e1 dise\u00f1ada para dotar de agua potable a Nuevo\u2026","rel":"","context":"Entrada similar ","block_context":{"text":"Entrada similar ","link":""},"img":{"alt_text":"","src":"https:\/\/i0.wp.com\/www.grieta.org.mx\/wp-content\/uploads\/2018\/03\/14524434_1106112876131411_958039263622046936_o.jpg?resize=350%2C200&ssl=1","width":350,"height":200,"srcset":"https:\/\/i0.wp.com\/www.grieta.org.mx\/wp-content\/uploads\/2018\/03\/14524434_1106112876131411_958039263622046936_o.jpg?resize=350%2C200&ssl=1 1x, https:\/\/i0.wp.com\/www.grieta.org.mx\/wp-content\/uploads\/2018\/03\/14524434_1106112876131411_958039263622046936_o.jpg?resize=525%2C300&ssl=1 1.5x, https:\/\/i0.wp.com\/www.grieta.org.mx\/wp-content\/uploads\/2018\/03\/14524434_1106112876131411_958039263622046936_o.jpg?resize=700%2C400&ssl=1 2x"},"classes":[]}],"_links":{"self":[{"href":"https:\/\/www.grieta.org.mx\/index.php\/wp-json\/wp\/v2\/pages\/56","targetHints":{"allow":["GET"]}}],"collection":[{"href":"https:\/\/www.grieta.org.mx\/index.php\/wp-json\/wp\/v2\/pages"}],"about":[{"href":"https:\/\/www.grieta.org.mx\/index.php\/wp-json\/wp\/v2\/types\/page"}],"author":[{"embeddable":true,"href":"https:\/\/www.grieta.org.mx\/index.php\/wp-json\/wp\/v2\/users\/1"}],"replies":[{"embeddable":true,"href":"https:\/\/www.grieta.org.mx\/index.php\/wp-json\/wp\/v2\/comments?post=56"}],"version-history":[{"count":1,"href":"https:\/\/www.grieta.org.mx\/index.php\/wp-json\/wp\/v2\/pages\/56\/revisions"}],"predecessor-version":[{"id":28249,"href":"https:\/\/www.grieta.org.mx\/index.php\/wp-json\/wp\/v2\/pages\/56\/revisions\/28249"}],"up":[{"embeddable":true,"href":"https:\/\/www.grieta.org.mx\/index.php\/wp-json\/wp\/v2\/pages\/5279"}],"wp:featuredmedia":[{"embeddable":true,"href":"https:\/\/www.grieta.org.mx\/index.php\/wp-json\/wp\/v2\/media\/21928"}],"wp:attachment":[{"href":"https:\/\/www.grieta.org.mx\/index.php\/wp-json\/wp\/v2\/media?parent=56"}],"curies":[{"name":"wp","href":"https:\/\/api.w.org\/{rel}","templated":true}]}}