{"id":21809,"date":"2018-02-23T08:55:23","date_gmt":"2018-02-23T14:55:23","guid":{"rendered":"http:\/\/www.grieta.org.mx\/?page_id=21809"},"modified":"2018-02-23T08:55:23","modified_gmt":"2018-02-23T14:55:23","slug":"veracruz","status":"publish","type":"page","link":"https:\/\/www.grieta.org.mx\/index.php\/veracruz\/","title":{"rendered":"Veracruz"},"content":{"rendered":"","protected":false},"excerpt":{"rendered":"","protected":false},"author":1,"featured_media":21928,"parent":0,"menu_order":0,"comment_status":"closed","ping_status":"closed","template":"veracruz_page.php","meta":{"ngg_post_thumbnail":0,"footnotes":""},"class_list":["post-21809","page","type-page","status-publish","has-post-thumbnail","hentry","entry"],"jetpack_sharing_enabled":true,"jetpack_shortlink":"https:\/\/wp.me\/P7ZJR4-5FL","jetpack_likes_enabled":false,"jetpack-related-posts":[{"id":5867,"url":"https:\/\/www.grieta.org.mx\/index.php\/hidrocarburos\/proyecto-aceites-terciarios-del-golfo-veracruz-y-puebla\/","url_meta":{"origin":21809,"position":0},"title":"Proyecto Aceites Terciarios del Golfo  (Veracruz y Puebla)","author":"grieta","date":"28 marzo, 2016","format":false,"excerpt":"Inaugurado en 2010 por la Comisi\u00f3n Nacional de Hidrocarburos, el Proyecto Paleocanal de Chicontepec (o campo de Chicontepec), y ahora llamado Proyecto de Aceites Terciarios del Norte, ha resultado ser la puerta de entrada para la actividad extractiva por fractura hidr\u00e1ulica en Veracruz y Puebla. Para mediados de 2014 este\u2026","rel":"","context":"Entrada similar ","block_context":{"text":"Entrada similar ","link":""},"img":{"alt_text":"","src":"https:\/\/i0.wp.com\/www.grieta.org.mx\/wp-content\/uploads\/2018\/03\/14524434_1106112876131411_958039263622046936_o.jpg?resize=350%2C200&ssl=1","width":350,"height":200,"srcset":"https:\/\/i0.wp.com\/www.grieta.org.mx\/wp-content\/uploads\/2018\/03\/14524434_1106112876131411_958039263622046936_o.jpg?resize=350%2C200&ssl=1 1x, https:\/\/i0.wp.com\/www.grieta.org.mx\/wp-content\/uploads\/2018\/03\/14524434_1106112876131411_958039263622046936_o.jpg?resize=525%2C300&ssl=1 1.5x, https:\/\/i0.wp.com\/www.grieta.org.mx\/wp-content\/uploads\/2018\/03\/14524434_1106112876131411_958039263622046936_o.jpg?resize=700%2C400&ssl=1 2x"},"classes":[]},{"id":8635,"url":"https:\/\/www.grieta.org.mx\/index.php\/proyectos-hidricos\/proyecto-hidrico-el-naranjal-veracruz\/","url_meta":{"origin":21809,"position":1},"title":"Proyecto H\u00eddrico el Naranjal (Veracruz)","author":"grieta","date":"30 marzo, 2016","format":false,"excerpt":"El proyecto h\u00eddrico El Naranjal se ubica dentro de la cuenca del r\u00edo Papaloapan, que representa la octava parte del volumen de agua que escurre el pa\u00eds, y dentro de la subcuenca R\u00edo Blanco, que representa el 5% del volumen aprovechable. La veda a la que estaba sujeto el aprovechamiento\u2026","rel":"","context":"Entrada similar ","block_context":{"text":"Entrada similar ","link":""},"img":{"alt_text":"","src":"https:\/\/i0.wp.com\/www.grieta.org.mx\/wp-content\/uploads\/2018\/03\/14524434_1106112876131411_958039263622046936_o.jpg?resize=350%2C200&ssl=1","width":350,"height":200,"srcset":"https:\/\/i0.wp.com\/www.grieta.org.mx\/wp-content\/uploads\/2018\/03\/14524434_1106112876131411_958039263622046936_o.jpg?resize=350%2C200&ssl=1 1x, https:\/\/i0.wp.com\/www.grieta.org.mx\/wp-content\/uploads\/2018\/03\/14524434_1106112876131411_958039263622046936_o.jpg?resize=525%2C300&ssl=1 1.5x, https:\/\/i0.wp.com\/www.grieta.org.mx\/wp-content\/uploads\/2018\/03\/14524434_1106112876131411_958039263622046936_o.jpg?resize=700%2C400&ssl=1 2x"},"classes":[]},{"id":7423,"url":"https:\/\/www.grieta.org.mx\/index.php\/parques-eolicos\/","url_meta":{"origin":21809,"position":2},"title":"Parques e\u00f3licos","author":"grieta","date":"29 marzo, 2016","format":false,"excerpt":"M\u00e9xico cuenta con uno de los potenciales m\u00e1s altos de generaci\u00f3n de energ\u00eda e\u00f3lica en el mundo. El principal recurso e\u00f3lico en M\u00e9xico se localiza en el Istmo de Tehuantepec, comprendido entre los estados de Oaxaca, Chiapas, Tabasco y Veracruz, donde actualmente se desarrollan los parques e\u00f3licos terrestres a gran\u2026","rel":"","context":"Entrada similar ","block_context":{"text":"Entrada similar ","link":""},"img":{"alt_text":"","src":"https:\/\/i0.wp.com\/www.grieta.org.mx\/wp-content\/uploads\/2018\/03\/14524434_1106112876131411_958039263622046936_o.jpg?resize=350%2C200&ssl=1","width":350,"height":200,"srcset":"https:\/\/i0.wp.com\/www.grieta.org.mx\/wp-content\/uploads\/2018\/03\/14524434_1106112876131411_958039263622046936_o.jpg?resize=350%2C200&ssl=1 1x, https:\/\/i0.wp.com\/www.grieta.org.mx\/wp-content\/uploads\/2018\/03\/14524434_1106112876131411_958039263622046936_o.jpg?resize=525%2C300&ssl=1 1.5x, https:\/\/i0.wp.com\/www.grieta.org.mx\/wp-content\/uploads\/2018\/03\/14524434_1106112876131411_958039263622046936_o.jpg?resize=700%2C400&ssl=1 2x"},"classes":[]},{"id":13358,"url":"https:\/\/www.grieta.org.mx\/index.php\/comunicaciones-y-transportes\/","url_meta":{"origin":21809,"position":3},"title":"Comunicaciones y Transportes","author":"grieta","date":"1 junio, 2016","format":false,"excerpt":"El Programa Nacional de Infraestructura (PNI) forma parte del Plan Nacional de Desarrollo cuya versi\u00f3n 2014 \u2013 2018 contempla seis sectores estrat\u00e9gicos: 1. Comunicaciones y transportes, 2. Energ\u00eda, 3. Hidr\u00e1ulico, 4. Salud, 5. Desarrollo urbano y vivienda, y 6. Turismo. En materia de Comunicaciones y Transportes \u00e9ste se divide en\u2026","rel":"","context":"Entrada similar ","block_context":{"text":"Entrada similar ","link":""},"img":{"alt_text":"","src":"https:\/\/i0.wp.com\/www.grieta.org.mx\/wp-content\/uploads\/2018\/03\/14524434_1106112876131411_958039263622046936_o.jpg?resize=350%2C200&ssl=1","width":350,"height":200,"srcset":"https:\/\/i0.wp.com\/www.grieta.org.mx\/wp-content\/uploads\/2018\/03\/14524434_1106112876131411_958039263622046936_o.jpg?resize=350%2C200&ssl=1 1x, https:\/\/i0.wp.com\/www.grieta.org.mx\/wp-content\/uploads\/2018\/03\/14524434_1106112876131411_958039263622046936_o.jpg?resize=525%2C300&ssl=1 1.5x, https:\/\/i0.wp.com\/www.grieta.org.mx\/wp-content\/uploads\/2018\/03\/14524434_1106112876131411_958039263622046936_o.jpg?resize=700%2C400&ssl=1 2x"},"classes":[]},{"id":5914,"url":"https:\/\/www.grieta.org.mx\/index.php\/hidrocarburos\/gasoducto-tuxpan-tula\/","url_meta":{"origin":21809,"position":4},"title":"Gasoducto Tuxpan &#8211; Tula","author":"grieta","date":"28 marzo, 2016","format":false,"excerpt":"Se trata de un gasoducto que transporta gas natural proveniente del Sur de Texas, para satisfacer los requerimientos de este combustible en las centrales de generaci\u00f3n de la CFE ubicadas en los estados de Veracruz, Puebla e Hidalgo, as\u00ed como en las regiones Centro y Occidente del pa\u00eds. Forma parte\u2026","rel":"","context":"Entrada similar ","block_context":{"text":"Entrada similar ","link":""},"img":{"alt_text":"","src":"https:\/\/i0.wp.com\/www.grieta.org.mx\/wp-content\/uploads\/2016\/03\/tt.jpg?resize=350%2C200&ssl=1","width":350,"height":200},"classes":[]},{"id":8644,"url":"https:\/\/www.grieta.org.mx\/index.php\/proyecto-de-propositos-multiples-xalapa\/","url_meta":{"origin":21809,"position":5},"title":"Proyecto de Prop\u00f3sitos M\u00faltiples Xalapa","author":"grieta","date":"30 marzo, 2016","format":false,"excerpt":"Al publicarse en 2010 el Programa de Obras e Inversiones del Sector El\u00e9ctrico 2011-2025, a cargo de la Comisi\u00f3n Federal de Electricidad (CFE), se dieron a conocer 510 proyectos hidroel\u00e9ctricos a nivel nacional, de los cuales 112 corresponden a Veracruz. Entre estas obras se encuentra la construcci\u00f3n de una presa-hidroel\u00e9ctrica\u2026","rel":"","context":"Entrada similar ","block_context":{"text":"Entrada similar ","link":""},"img":{"alt_text":"","src":"https:\/\/i0.wp.com\/www.grieta.org.mx\/wp-content\/uploads\/2018\/03\/14524434_1106112876131411_958039263622046936_o.jpg?resize=350%2C200&ssl=1","width":350,"height":200,"srcset":"https:\/\/i0.wp.com\/www.grieta.org.mx\/wp-content\/uploads\/2018\/03\/14524434_1106112876131411_958039263622046936_o.jpg?resize=350%2C200&ssl=1 1x, https:\/\/i0.wp.com\/www.grieta.org.mx\/wp-content\/uploads\/2018\/03\/14524434_1106112876131411_958039263622046936_o.jpg?resize=525%2C300&ssl=1 1.5x, https:\/\/i0.wp.com\/www.grieta.org.mx\/wp-content\/uploads\/2018\/03\/14524434_1106112876131411_958039263622046936_o.jpg?resize=700%2C400&ssl=1 2x"},"classes":[]}],"_links":{"self":[{"href":"https:\/\/www.grieta.org.mx\/index.php\/wp-json\/wp\/v2\/pages\/21809","targetHints":{"allow":["GET"]}}],"collection":[{"href":"https:\/\/www.grieta.org.mx\/index.php\/wp-json\/wp\/v2\/pages"}],"about":[{"href":"https:\/\/www.grieta.org.mx\/index.php\/wp-json\/wp\/v2\/types\/page"}],"author":[{"embeddable":true,"href":"https:\/\/www.grieta.org.mx\/index.php\/wp-json\/wp\/v2\/users\/1"}],"replies":[{"embeddable":true,"href":"https:\/\/www.grieta.org.mx\/index.php\/wp-json\/wp\/v2\/comments?post=21809"}],"version-history":[{"count":1,"href":"https:\/\/www.grieta.org.mx\/index.php\/wp-json\/wp\/v2\/pages\/21809\/revisions"}],"predecessor-version":[{"id":21810,"href":"https:\/\/www.grieta.org.mx\/index.php\/wp-json\/wp\/v2\/pages\/21809\/revisions\/21810"}],"wp:featuredmedia":[{"embeddable":true,"href":"https:\/\/www.grieta.org.mx\/index.php\/wp-json\/wp\/v2\/media\/21928"}],"wp:attachment":[{"href":"https:\/\/www.grieta.org.mx\/index.php\/wp-json\/wp\/v2\/media?parent=21809"}],"curies":[{"name":"wp","href":"https:\/\/api.w.org\/{rel}","templated":true}]}}