{"id":21783,"date":"2018-02-23T08:45:00","date_gmt":"2018-02-23T14:45:00","guid":{"rendered":"http:\/\/www.grieta.org.mx\/?page_id=21783"},"modified":"2018-02-23T08:45:00","modified_gmt":"2018-02-23T14:45:00","slug":"morelos","status":"publish","type":"page","link":"https:\/\/www.grieta.org.mx\/index.php\/morelos\/","title":{"rendered":"Morelos"},"content":{"rendered":"","protected":false},"excerpt":{"rendered":"","protected":false},"author":1,"featured_media":21928,"parent":0,"menu_order":0,"comment_status":"closed","ping_status":"closed","template":"morelos_page.php","meta":{"ngg_post_thumbnail":0,"footnotes":""},"class_list":["post-21783","page","type-page","status-publish","has-post-thumbnail","hentry","entry"],"jetpack_sharing_enabled":true,"jetpack_shortlink":"https:\/\/wp.me\/P7ZJR4-5Fl","jetpack_likes_enabled":false,"jetpack-related-posts":[{"id":6977,"url":"https:\/\/www.grieta.org.mx\/index.php\/proyecto-integral-morelos-pim\/","url_meta":{"origin":21783,"position":0},"title":"Proyecto Integral Morelos (PIM)","author":"grieta","date":"28 marzo, 2016","format":false,"excerpt":"El PIM consta de dos centrales termoel\u00e9ctricas ubicadas en la comunidad de Huexca, Morelos, las cuales han sido concesionadas a la empresa ABENGOA de origen espa\u00f1ol; un gasoducto de aproximadamente 160 kil\u00f3metros de longitud que pretende transportar diariamente 9 mil millones de litros de gas natural, para dichas termoel\u00e9ctricas, pasando\u2026","rel":"","context":"Entrada similar ","block_context":{"text":"Entrada similar ","link":""},"img":{"alt_text":"","src":"https:\/\/i0.wp.com\/www.grieta.org.mx\/wp-content\/uploads\/2020\/03\/La-Huexca-Foto-Margarito-Perez-Retana.jpeg?resize=350%2C200&ssl=1","width":350,"height":200,"srcset":"https:\/\/i0.wp.com\/www.grieta.org.mx\/wp-content\/uploads\/2020\/03\/La-Huexca-Foto-Margarito-Perez-Retana.jpeg?resize=350%2C200&ssl=1 1x, https:\/\/i0.wp.com\/www.grieta.org.mx\/wp-content\/uploads\/2020\/03\/La-Huexca-Foto-Margarito-Perez-Retana.jpeg?resize=525%2C300&ssl=1 1.5x, https:\/\/i0.wp.com\/www.grieta.org.mx\/wp-content\/uploads\/2020\/03\/La-Huexca-Foto-Margarito-Perez-Retana.jpeg?resize=700%2C400&ssl=1 2x"},"classes":[]},{"id":13415,"url":"https:\/\/www.grieta.org.mx\/index.php\/comunicaciones-y-transportes\/autopista-la-pera-cuautla\/","url_meta":{"origin":21783,"position":1},"title":"Autopista La Pera-Cuautla","author":"grieta","date":"2 junio, 2016","format":false,"excerpt":"El proyecto Modernizaci\u00f3n del tramo \u201cLa Pera-Cuautla\u201d del sistema carretero se ubica en los municipios de Tepoztl\u00e1n, Yautepec y Cuautla, en el Estado de Morelos. Con el objetivo de \u201cdesarrollar ejes interregionales que mejoren la comunicaci\u00f3n y la conectividad de la red carretera\u201d, estrategia definida en el Plan Nacional de\u2026","rel":"","context":"Entrada similar ","block_context":{"text":"Entrada similar ","link":""},"img":{"alt_text":"","src":"https:\/\/i0.wp.com\/www.grieta.org.mx\/wp-content\/uploads\/2018\/03\/14524434_1106112876131411_958039263622046936_o.jpg?resize=350%2C200&ssl=1","width":350,"height":200,"srcset":"https:\/\/i0.wp.com\/www.grieta.org.mx\/wp-content\/uploads\/2018\/03\/14524434_1106112876131411_958039263622046936_o.jpg?resize=350%2C200&ssl=1 1x, https:\/\/i0.wp.com\/www.grieta.org.mx\/wp-content\/uploads\/2018\/03\/14524434_1106112876131411_958039263622046936_o.jpg?resize=525%2C300&ssl=1 1.5x, https:\/\/i0.wp.com\/www.grieta.org.mx\/wp-content\/uploads\/2018\/03\/14524434_1106112876131411_958039263622046936_o.jpg?resize=700%2C400&ssl=1 2x"},"classes":[]},{"id":4579,"url":"https:\/\/www.grieta.org.mx\/index.php\/espejos-de-la-resistencia\/","url_meta":{"origin":21783,"position":2},"title":"Espejos de la resistencia","author":"Admin","date":"24 marzo, 2016","format":false,"excerpt":"2\u00aa. DECLARACI\u00d3N DE LA COMPARTICI\u00d3N CNI- EZLN. SOBRE EL DESPOJO A NUESTROS PUEBLOS, 16 DE AGOSTO 2014 \u201cLa tierra que nos vio nacer, que nos da la vida y finalmente descansamos en ella eternamente. Por eso somos todos los colores que somos, todas las lenguas que hablan nuestros corazones, por\u2026","rel":"","context":"Entrada similar ","block_context":{"text":"Entrada similar ","link":""},"img":{"alt_text":"","src":"https:\/\/i0.wp.com\/www.grieta.org.mx\/wp-content\/uploads\/2021\/06\/13901316_1058071340942172_7269987004380508662_n-1-660x330-600x300-1.jpg?resize=350%2C200&ssl=1","width":350,"height":200,"srcset":"https:\/\/i0.wp.com\/www.grieta.org.mx\/wp-content\/uploads\/2021\/06\/13901316_1058071340942172_7269987004380508662_n-1-660x330-600x300-1.jpg?resize=350%2C200&ssl=1 1x, https:\/\/i0.wp.com\/www.grieta.org.mx\/wp-content\/uploads\/2021\/06\/13901316_1058071340942172_7269987004380508662_n-1-660x330-600x300-1.jpg?resize=525%2C300&ssl=1 1.5x"},"classes":[]},{"id":4797,"url":"https:\/\/www.grieta.org.mx\/index.php\/jornaleros\/","url_meta":{"origin":21783,"position":3},"title":"Jornaleros","author":"Admin","date":"25 marzo, 2016","format":false,"excerpt":"Los jornaleros agr\u00edcolas son trabajadores temporales del campo que no poseen tierras y que se encargan de la siembra, la cosecha, la recolecci\u00f3n y la preparaci\u00f3n de productos del campo en propiedades ajenas. La contrataci\u00f3n de estos trabajadores est\u00e1 determianda por la estacionalidad en la actividad agr\u00edcola y los factores\u2026","rel":"","context":"Entrada similar ","block_context":{"text":"Entrada similar ","link":""},"img":{"alt_text":"","src":"https:\/\/i0.wp.com\/www.grieta.org.mx\/wp-content\/uploads\/2018\/03\/14524434_1106112876131411_958039263622046936_o.jpg?resize=350%2C200&ssl=1","width":350,"height":200,"srcset":"https:\/\/i0.wp.com\/www.grieta.org.mx\/wp-content\/uploads\/2018\/03\/14524434_1106112876131411_958039263622046936_o.jpg?resize=350%2C200&ssl=1 1x, https:\/\/i0.wp.com\/www.grieta.org.mx\/wp-content\/uploads\/2018\/03\/14524434_1106112876131411_958039263622046936_o.jpg?resize=525%2C300&ssl=1 1.5x, https:\/\/i0.wp.com\/www.grieta.org.mx\/wp-content\/uploads\/2018\/03\/14524434_1106112876131411_958039263622046936_o.jpg?resize=700%2C400&ssl=1 2x"},"classes":[]},{"id":5279,"url":"https:\/\/www.grieta.org.mx\/index.php\/mineria\/","url_meta":{"origin":21783,"position":4},"title":"Miner\u00eda","author":"grieta","date":"26 marzo, 2016","format":false,"excerpt":"En t\u00e9rminos generales, los minerales se clasifican en met\u00e1licos, no met\u00e1licos y energ\u00e9ticos. El 70% del territorio mexicano tiene potencial geol\u00f3gico minero. M\u00e9xico ocupa el segundo lugar a nivel mundial en la producci\u00f3n de Plata, Bismuto y Fluorita; el quinto lugar en Plomo y Diatomita; el sexto lugar en producci\u00f3n\u2026","rel":"","context":"Entrada similar ","block_context":{"text":"Entrada similar ","link":""},"img":{"alt_text":"","src":"https:\/\/i0.wp.com\/www.grieta.org.mx\/wp-content\/uploads\/2018\/03\/14524434_1106112876131411_958039263622046936_o.jpg?resize=350%2C200&ssl=1","width":350,"height":200,"srcset":"https:\/\/i0.wp.com\/www.grieta.org.mx\/wp-content\/uploads\/2018\/03\/14524434_1106112876131411_958039263622046936_o.jpg?resize=350%2C200&ssl=1 1x, https:\/\/i0.wp.com\/www.grieta.org.mx\/wp-content\/uploads\/2018\/03\/14524434_1106112876131411_958039263622046936_o.jpg?resize=525%2C300&ssl=1 1.5x, https:\/\/i0.wp.com\/www.grieta.org.mx\/wp-content\/uploads\/2018\/03\/14524434_1106112876131411_958039263622046936_o.jpg?resize=700%2C400&ssl=1 2x"},"classes":[]}],"_links":{"self":[{"href":"https:\/\/www.grieta.org.mx\/index.php\/wp-json\/wp\/v2\/pages\/21783","targetHints":{"allow":["GET"]}}],"collection":[{"href":"https:\/\/www.grieta.org.mx\/index.php\/wp-json\/wp\/v2\/pages"}],"about":[{"href":"https:\/\/www.grieta.org.mx\/index.php\/wp-json\/wp\/v2\/types\/page"}],"author":[{"embeddable":true,"href":"https:\/\/www.grieta.org.mx\/index.php\/wp-json\/wp\/v2\/users\/1"}],"replies":[{"embeddable":true,"href":"https:\/\/www.grieta.org.mx\/index.php\/wp-json\/wp\/v2\/comments?post=21783"}],"version-history":[{"count":1,"href":"https:\/\/www.grieta.org.mx\/index.php\/wp-json\/wp\/v2\/pages\/21783\/revisions"}],"predecessor-version":[{"id":21784,"href":"https:\/\/www.grieta.org.mx\/index.php\/wp-json\/wp\/v2\/pages\/21783\/revisions\/21784"}],"wp:featuredmedia":[{"embeddable":true,"href":"https:\/\/www.grieta.org.mx\/index.php\/wp-json\/wp\/v2\/media\/21928"}],"wp:attachment":[{"href":"https:\/\/www.grieta.org.mx\/index.php\/wp-json\/wp\/v2\/media?parent=21783"}],"curies":[{"name":"wp","href":"https:\/\/api.w.org\/{rel}","templated":true}]}}