{"id":8687,"date":"2016-03-30T23:45:14","date_gmt":"2016-03-30T23:45:14","guid":{"rendered":"http:\/\/50.22.11.12\/~grietaor\/?page_id=8687"},"modified":"2019-02-01T15:06:06","modified_gmt":"2019-02-01T21:06:06","slug":"supercarretera-mazatlan-durango-2","status":"publish","type":"page","link":"http:\/\/www.grieta.org.mx\/index.php\/comunicaciones-y-transportes\/supercarretera-mazatlan-durango-2\/","title":{"rendered":"Supercarretera Mazatl\u00e1n-Durango"},"content":{"rendered":"<p>La supercarretera Durango-Mazatl\u00e1n forma parte del corredor Golfo-Pac\u00edfico ubicado entre Matamoros, Tamaulipas y Mazatl\u00e1n, Sinaloa. Dicho corredor conecta a los estados de Sinaloa, Durango, Coahuila, Nuevo Le\u00f3n y Tamaulipas. Este tramo carretero, que atraviesa la Sierra Madre Occidental, tiene una longitud de 230km e incluy\u00f3 la construcci\u00f3n de 115 obras, tales como pasos a desnivel, t\u00faneles, viaductos, y el puente atirantado m\u00e1s alto del mundo, el puente Baluarte. Dicho puente tiene una longitud de 1.124 km, y est\u00e1 elevado a 395m sobre una barranca.<\/p>\n<p>Esta supercarretera fue la obra m\u00e1s importante del Plan Nacional de Infraestructura en el sexenio de Felipe Calder\u00f3n. Para su construcci\u00f3n fueron expropiadas grandes extensiones de tierras. Actualmente ejidatarios de Pueblo Nuevo, Chavarr\u00eda Nuevo, La Victoria y Chavarr\u00eda Viejo, as\u00ed como comunidades y peque\u00f1os propietarios de la regi\u00f3n siguen exigiendo el pago de indemnizaciones justas a ra\u00edz de la expropiaci\u00f3n de sus tierras debida a la construcci\u00f3n de esta obra.<\/p>\n<p><img loading=\"lazy\" decoding=\"async\" data-attachment-id=\"8688\" data-permalink=\"http:\/\/www.grieta.org.mx\/index.php\/comunicaciones-y-transportes\/supercarretera-mazatlan-durango-2\/durango-mazatlan\/\" data-orig-file=\"http:\/\/www.grieta.org.mx\/wp-content\/uploads\/2016\/03\/durango-mazatlan.jpg\" data-orig-size=\"960,720\" data-comments-opened=\"0\" data-image-meta=\"{&quot;aperture&quot;:&quot;0&quot;,&quot;credit&quot;:&quot;&quot;,&quot;camera&quot;:&quot;&quot;,&quot;caption&quot;:&quot;&quot;,&quot;created_timestamp&quot;:&quot;0&quot;,&quot;copyright&quot;:&quot;&quot;,&quot;focal_length&quot;:&quot;0&quot;,&quot;iso&quot;:&quot;0&quot;,&quot;shutter_speed&quot;:&quot;0&quot;,&quot;title&quot;:&quot;&quot;,&quot;orientation&quot;:&quot;0&quot;}\" data-image-title=\"durango-mazatlan\" data-image-description=\"\" data-image-caption=\"\" data-medium-file=\"http:\/\/www.grieta.org.mx\/wp-content\/uploads\/2016\/03\/durango-mazatlan-300x225.jpg\" data-large-file=\"http:\/\/www.grieta.org.mx\/wp-content\/uploads\/2016\/03\/durango-mazatlan.jpg\" src=\"http:\/\/grieta.org.mx\/wp-content\/uploads\/2016\/03\/durango-mazatlan.jpg\" alt=\"durango-mazatlan\" width=\"850\" height=\"700\" class=\"alignnone size-full wp-image-8688\" \/><\/p>\n<p>Con informaci\u00f3n de:<br \/>\n<a href=\"http:\/\/web.archive.org\/web\/20111013055719\/http:\/\/cicm.org.mx\/2030\/Proyeccion_Grupo%202030.pdf\" target=\"_blank\">web.archive.org\/web\/20111013055719\/http:\/\/cicm.org.mx\/2030\/Proyeccion_Grupo%202030.pdf<\/a><br \/>\n<a href=\"http:\/\/www.sct.gob.mx\/uploads\/media\/080722_Conferencia_de_prensa_-_Durango-Mazatlan.pdf\" target=\"_blank\">www.sct.gob.mx\/uploads\/media\/080722_Conferencia_de_prensa_-_Durango-Mazatlan.pdf<\/a><br \/>\n<a href=\"http:\/\/www.elsiglodedurango.com.mx\/noticia\/559370.audiencia-a-ejidatarios.html\" target=\"_blank\">www.elsiglodedurango.com.mx\/noticia\/559370.audiencia-a-ejidatarios.html<\/a><\/p>\n","protected":false},"excerpt":{"rendered":"<p>La supercarretera Durango-Mazatl\u00e1n forma parte del corredor Golfo-Pac\u00edfico ubicado entre Matamoros, Tamaulipas y Mazatl\u00e1n, Sinaloa. Dicho corredor conecta a los estados de Sinaloa, Durango, Coahuila, Nuevo Le\u00f3n y Tamaulipas. Este &hellip; <a href=\"http:\/\/www.grieta.org.mx\/index.php\/comunicaciones-y-transportes\/supercarretera-mazatlan-durango-2\/\" class=\"more-link\">Leer m\u00e1s<\/a><\/p>\n","protected":false},"author":2,"featured_media":21928,"parent":13358,"menu_order":0,"comment_status":"closed","ping_status":"closed","template":"supercarretera-mazatlan-durango_page.php","meta":{"ngg_post_thumbnail":0,"footnotes":""},"class_list":["post-8687","page","type-page","status-publish","has-post-thumbnail","hentry","entry"],"jetpack_sharing_enabled":true,"jetpack_shortlink":"https:\/\/wp.me\/P7ZJR4-2g7","jetpack_likes_enabled":false,"jetpack-related-posts":[{"id":8610,"url":"http:\/\/www.grieta.org.mx\/index.php\/proyectos-hidricos\/presa-picachos-sinaloa\/","url_meta":{"origin":8687,"position":0},"title":"Presa Picachos (Sinaloa)","author":"grieta","date":"30 marzo, 2016","format":false,"excerpt":"La Presa Picachos, inaugurada en noviembre de 2012, se ubica al sur de Sinaloa sobre la cuenca del r\u00edo Presidio en los municipios de Mazatl\u00e1n y Concordia. Esta presa forma parte del Plan Hidrol\u00f3gico del Noreste (PLINHO) el cual propone la interconexi\u00f3n de las cuencas hidrol\u00f3gicas de 16 r\u00edos consecutivos\u2026","rel":"","context":"Entrada similar ","block_context":{"text":"Entrada similar ","link":""},"img":{"alt_text":"","src":"https:\/\/i0.wp.com\/www.grieta.org.mx\/wp-content\/uploads\/2018\/03\/14524434_1106112876131411_958039263622046936_o.jpg?resize=350%2C200","width":350,"height":200,"srcset":"https:\/\/i0.wp.com\/www.grieta.org.mx\/wp-content\/uploads\/2018\/03\/14524434_1106112876131411_958039263622046936_o.jpg?resize=350%2C200 1x, https:\/\/i0.wp.com\/www.grieta.org.mx\/wp-content\/uploads\/2018\/03\/14524434_1106112876131411_958039263622046936_o.jpg?resize=525%2C300 1.5x, https:\/\/i0.wp.com\/www.grieta.org.mx\/wp-content\/uploads\/2018\/03\/14524434_1106112876131411_958039263622046936_o.jpg?resize=700%2C400 2x"},"classes":[]},{"id":13358,"url":"http:\/\/www.grieta.org.mx\/index.php\/comunicaciones-y-transportes\/","url_meta":{"origin":8687,"position":1},"title":"Comunicaciones y Transportes","author":"grieta","date":"1 junio, 2016","format":false,"excerpt":"El Programa Nacional de Infraestructura (PNI) forma parte del Plan Nacional de Desarrollo cuya versi\u00f3n 2014 \u2013 2018 contempla seis sectores estrat\u00e9gicos: 1. Comunicaciones y transportes, 2. Energ\u00eda, 3. Hidr\u00e1ulico, 4. Salud, 5. Desarrollo urbano y vivienda, y 6. Turismo. En materia de Comunicaciones y Transportes \u00e9ste se divide en\u2026","rel":"","context":"Entrada similar ","block_context":{"text":"Entrada similar ","link":""},"img":{"alt_text":"","src":"https:\/\/i0.wp.com\/www.grieta.org.mx\/wp-content\/uploads\/2018\/03\/14524434_1106112876131411_958039263622046936_o.jpg?resize=350%2C200","width":350,"height":200,"srcset":"https:\/\/i0.wp.com\/www.grieta.org.mx\/wp-content\/uploads\/2018\/03\/14524434_1106112876131411_958039263622046936_o.jpg?resize=350%2C200 1x, https:\/\/i0.wp.com\/www.grieta.org.mx\/wp-content\/uploads\/2018\/03\/14524434_1106112876131411_958039263622046936_o.jpg?resize=525%2C300 1.5x, https:\/\/i0.wp.com\/www.grieta.org.mx\/wp-content\/uploads\/2018\/03\/14524434_1106112876131411_958039263622046936_o.jpg?resize=700%2C400 2x"},"classes":[]},{"id":5881,"url":"http:\/\/www.grieta.org.mx\/index.php\/hidrocarburos\/sistema-de-transporte-de-gas-natural-norte-noroeste\/","url_meta":{"origin":8687,"position":2},"title":"Sistema de Transporte de Gas Natural Norte-Noroeste","author":"grieta","date":"28 marzo, 2016","format":false,"excerpt":"En noviembre de 2012 la Secretar\u00eda de Energ\u00eda anunci\u00f3 el inicio del sistema de Transporte de Gas Natural Norte-Noroeste del pa\u00eds, que constar\u00e1 de cinco segmentos que ya han sido licitados y que tendr\u00e1n una longitud total de 2,324 kil\u00f3metros y una capacidad de transporte de 1,670 millones de pies\u2026","rel":"","context":"Entrada similar ","block_context":{"text":"Entrada similar ","link":""},"img":{"alt_text":"","src":"https:\/\/i0.wp.com\/www.grieta.org.mx\/wp-content\/uploads\/2018\/03\/14524434_1106112876131411_958039263622046936_o.jpg?resize=350%2C200","width":350,"height":200,"srcset":"https:\/\/i0.wp.com\/www.grieta.org.mx\/wp-content\/uploads\/2018\/03\/14524434_1106112876131411_958039263622046936_o.jpg?resize=350%2C200 1x, https:\/\/i0.wp.com\/www.grieta.org.mx\/wp-content\/uploads\/2018\/03\/14524434_1106112876131411_958039263622046936_o.jpg?resize=525%2C300 1.5x, https:\/\/i0.wp.com\/www.grieta.org.mx\/wp-content\/uploads\/2018\/03\/14524434_1106112876131411_958039263622046936_o.jpg?resize=700%2C400 2x"},"classes":[]},{"id":6977,"url":"http:\/\/www.grieta.org.mx\/index.php\/proyecto-integral-morelos-pim\/","url_meta":{"origin":8687,"position":3},"title":"Proyecto Integral Morelos (PIM)","author":"grieta","date":"28 marzo, 2016","format":false,"excerpt":"El PIM consta de dos centrales termoel\u00e9ctricas ubicadas en la comunidad de Huexca, Morelos, las cuales han sido concesionadas a la empresa ABENGOA de origen espa\u00f1ol; un gasoducto de aproximadamente 160 kil\u00f3metros de longitud que pretende transportar diariamente 9 mil millones de litros de gas natural, para dichas termoel\u00e9ctricas, pasando\u2026","rel":"","context":"Entrada similar ","block_context":{"text":"Entrada similar ","link":""},"img":{"alt_text":"","src":"https:\/\/i0.wp.com\/www.grieta.org.mx\/wp-content\/uploads\/2020\/03\/La-Huexca-Foto-Margarito-Perez-Retana.jpeg?resize=350%2C200","width":350,"height":200,"srcset":"https:\/\/i0.wp.com\/www.grieta.org.mx\/wp-content\/uploads\/2020\/03\/La-Huexca-Foto-Margarito-Perez-Retana.jpeg?resize=350%2C200 1x, https:\/\/i0.wp.com\/www.grieta.org.mx\/wp-content\/uploads\/2020\/03\/La-Huexca-Foto-Margarito-Perez-Retana.jpeg?resize=525%2C300 1.5x, https:\/\/i0.wp.com\/www.grieta.org.mx\/wp-content\/uploads\/2020\/03\/La-Huexca-Foto-Margarito-Perez-Retana.jpeg?resize=700%2C400 2x"},"classes":[]},{"id":8572,"url":"http:\/\/www.grieta.org.mx\/index.php\/proyectos-hidricos\/","url_meta":{"origin":8687,"position":4},"title":"Proyectos H\u00eddricos","author":"grieta","date":"30 marzo, 2016","format":false,"excerpt":"M\u00e9xico posee 731 cuencas hidrol\u00f3gicas agrupadas en 37 regiones hidrol\u00f3gicas y 13 regiones mayores de tipo administrativo. De las 37 regiones hidrol\u00f3gicas, las m\u00e1s h\u00famedas son la regi\u00f3n 30: Grijalva\u2013Usumacinta, la 29: Coatzacoalcos, la 28: Papaloapan y la 23: Costa de Chiapas. Los r\u00edos y arroyos del pa\u00eds constituyen una\u2026","rel":"","context":"Entrada similar ","block_context":{"text":"Entrada similar ","link":""},"img":{"alt_text":"","src":"https:\/\/i0.wp.com\/www.grieta.org.mx\/wp-content\/uploads\/2018\/03\/14524434_1106112876131411_958039263622046936_o.jpg?resize=350%2C200","width":350,"height":200,"srcset":"https:\/\/i0.wp.com\/www.grieta.org.mx\/wp-content\/uploads\/2018\/03\/14524434_1106112876131411_958039263622046936_o.jpg?resize=350%2C200 1x, https:\/\/i0.wp.com\/www.grieta.org.mx\/wp-content\/uploads\/2018\/03\/14524434_1106112876131411_958039263622046936_o.jpg?resize=525%2C300 1.5x, https:\/\/i0.wp.com\/www.grieta.org.mx\/wp-content\/uploads\/2018\/03\/14524434_1106112876131411_958039263622046936_o.jpg?resize=700%2C400 2x"},"classes":[]},{"id":8607,"url":"http:\/\/www.grieta.org.mx\/index.php\/proyectos-hidricos\/hidroelectrica-las-cruces-nayarit\/","url_meta":{"origin":8687,"position":5},"title":"Hidroel\u00e9ctrica Las Cruces (Nayarit)","author":"grieta","date":"30 marzo, 2016","format":false,"excerpt":"La Comisi\u00f3n Federal de Electricidad (CFE) propone la construcci\u00f3n de la hidroel\u00e9ctrica \u2018Las Cruces\u2019 en la parte central del Estado de Nayarit (M\u00e9xico), sobre el r\u00edo San Pedro Mezquital, cuya cuenca nace en Durango y desemboca en el coraz\u00f3n de Marismas Nacionales, humedal de importancia internacional. El proyecto se localizar\u00e1\u2026","rel":"","context":"Entrada similar ","block_context":{"text":"Entrada similar ","link":""},"img":{"alt_text":"","src":"https:\/\/i0.wp.com\/www.grieta.org.mx\/wp-content\/uploads\/2018\/03\/14524434_1106112876131411_958039263622046936_o.jpg?resize=350%2C200","width":350,"height":200,"srcset":"https:\/\/i0.wp.com\/www.grieta.org.mx\/wp-content\/uploads\/2018\/03\/14524434_1106112876131411_958039263622046936_o.jpg?resize=350%2C200 1x, https:\/\/i0.wp.com\/www.grieta.org.mx\/wp-content\/uploads\/2018\/03\/14524434_1106112876131411_958039263622046936_o.jpg?resize=525%2C300 1.5x, https:\/\/i0.wp.com\/www.grieta.org.mx\/wp-content\/uploads\/2018\/03\/14524434_1106112876131411_958039263622046936_o.jpg?resize=700%2C400 2x"},"classes":[]}],"_links":{"self":[{"href":"http:\/\/www.grieta.org.mx\/index.php\/wp-json\/wp\/v2\/pages\/8687","targetHints":{"allow":["GET"]}}],"collection":[{"href":"http:\/\/www.grieta.org.mx\/index.php\/wp-json\/wp\/v2\/pages"}],"about":[{"href":"http:\/\/www.grieta.org.mx\/index.php\/wp-json\/wp\/v2\/types\/page"}],"author":[{"embeddable":true,"href":"http:\/\/www.grieta.org.mx\/index.php\/wp-json\/wp\/v2\/users\/2"}],"replies":[{"embeddable":true,"href":"http:\/\/www.grieta.org.mx\/index.php\/wp-json\/wp\/v2\/comments?post=8687"}],"version-history":[{"count":1,"href":"http:\/\/www.grieta.org.mx\/index.php\/wp-json\/wp\/v2\/pages\/8687\/revisions"}],"predecessor-version":[{"id":8692,"href":"http:\/\/www.grieta.org.mx\/index.php\/wp-json\/wp\/v2\/pages\/8687\/revisions\/8692"}],"up":[{"embeddable":true,"href":"http:\/\/www.grieta.org.mx\/index.php\/wp-json\/wp\/v2\/pages\/13358"}],"wp:featuredmedia":[{"embeddable":true,"href":"http:\/\/www.grieta.org.mx\/index.php\/wp-json\/wp\/v2\/media\/21928"}],"wp:attachment":[{"href":"http:\/\/www.grieta.org.mx\/index.php\/wp-json\/wp\/v2\/media?parent=8687"}],"curies":[{"name":"wp","href":"https:\/\/api.w.org\/{rel}","templated":true}]}}