{"id":8653,"date":"2016-03-30T21:38:47","date_gmt":"2016-03-30T21:38:47","guid":{"rendered":"http:\/\/50.22.11.12\/~grietaor\/?page_id=8653"},"modified":"2016-05-07T23:23:47","modified_gmt":"2016-05-07T23:23:47","slug":"hidroelectricas-en-la-sierra-norte-de-puebla","status":"publish","type":"page","link":"http:\/\/www.grieta.org.mx\/index.php\/proyectos-hidricos\/hidroelectricas-en-la-sierra-norte-de-puebla\/","title":{"rendered":"Hidroel\u00e9ctricas en la Sierra Norte de Puebla"},"content":{"rendered":"<p><img loading=\"lazy\" decoding=\"async\" data-attachment-id=\"8654\" data-permalink=\"http:\/\/www.grieta.org.mx\/index.php\/proyectos-hidricos\/hidroelectricas-en-la-sierra-norte-de-puebla\/mapa-de-puebla-hidro\/\" data-orig-file=\"http:\/\/www.grieta.org.mx\/wp-content\/uploads\/2016\/03\/mapa-de-puebla-HIDRO.jpg\" data-orig-size=\"584,722\" data-comments-opened=\"0\" data-image-meta=\"{&quot;aperture&quot;:&quot;0&quot;,&quot;credit&quot;:&quot;&quot;,&quot;camera&quot;:&quot;&quot;,&quot;caption&quot;:&quot;&quot;,&quot;created_timestamp&quot;:&quot;0&quot;,&quot;copyright&quot;:&quot;&quot;,&quot;focal_length&quot;:&quot;0&quot;,&quot;iso&quot;:&quot;0&quot;,&quot;shutter_speed&quot;:&quot;0&quot;,&quot;title&quot;:&quot;&quot;,&quot;orientation&quot;:&quot;0&quot;}\" data-image-title=\"mapa de puebla HIDRO\" data-image-description=\"\" data-image-caption=\"\" data-medium-file=\"http:\/\/www.grieta.org.mx\/wp-content\/uploads\/2016\/03\/mapa-de-puebla-HIDRO-243x300.jpg\" data-large-file=\"http:\/\/www.grieta.org.mx\/wp-content\/uploads\/2016\/03\/mapa-de-puebla-HIDRO.jpg\" class=\"wp-image-8654 size-medium alignleft\" src=\"http:\/\/grieta.org.mx\/wp-content\/uploads\/2016\/03\/mapa-de-puebla-HIDRO-243x300.jpg\" alt=\"mapa de puebla HIDRO\" width=\"243\" height=\"300\" srcset=\"http:\/\/www.grieta.org.mx\/wp-content\/uploads\/2016\/03\/mapa-de-puebla-HIDRO-243x300.jpg 243w, http:\/\/www.grieta.org.mx\/wp-content\/uploads\/2016\/03\/mapa-de-puebla-HIDRO.jpg 584w\" sizes=\"auto, (max-width: 243px) 100vw, 243px\" \/><\/p>\n<p>En enero de 2015 el Gobierno Federal confirm\u00f3 la instalaci\u00f3n de 9 Proyectos Hidroel\u00e9ctricos (PH) en el estado de Puebla, la mayor\u00eda de ellas ubicadas en la Sierra Norte del estado, en territorio Nahua y Totonaco.<br \/>\nLa construcci\u00f3n de estos PH afectara al menos 12 r\u00edos y una superficie de 123 mil hect\u00e1reas repartida en 18 municipios. Los municipios m\u00e1s afectados son: Zacapoaxtla, Cuetzalan del Progreso, Zoquiapan, Xochiapulco, Tetela de Ocampo, Zautla, Tlatlauquitepec, Ixtacamaxtitl\u00e1n, Olintla, Ahuacatl\u00e1n, San Felipe Tepatl\u00e1n, Zapotitl\u00e1n, Xochitl\u00e1n, Nauzontla, Tlapacoya, Zoquiapan y Libres, ubicados en las regiones Sierra Norte y Sierra Nororiental.<br \/>\nEntre los Proyectos Hidroel\u00e9ctricos proyectados en esta regi\u00f3n se encuentran los PH ANA, BOCA, DIEGO Y CONDE, todos operados por la empresa Controladora de Operaciones de Infraestructura S. A. de C.V., subsidiaria de Ingenieros Civiles Asociados (ICA) y el Proyecto Hidroel\u00e9ctrico Puebla, operado por la empresa Deselec que forma parte del corporativo Comexhidro.Adem\u00e1s de la generaci\u00f3n hidroel\u00e9ctrica, la instalaci\u00f3n de estos PH forma parte de un proyecto integral que comprende la construcci\u00f3n de carreteras y desv\u00edo de aguas, mismo que favorece directamente el desarrollo de los distintos proyectos mineros que se han instalado y pretenden instalar en la regi\u00f3n.<\/p>\n<p>Con informaci\u00f3n de:<br \/>\nEspejo 26<br \/>\nmunicipiospuebla.com.mx\/nota\/2015-01-12\/interiores\/san-mateo-rechaza-hidroel%C3%A9ctrica-en-la-sierra-norte<br \/>\napp1.semarnat.gob.mx\/dgiraDocs\/documentos\/pue\/estudios\/2011\/21PU2011E0018.pdf<br \/>\nwww.lajornadadeoriente.com.mx\/2015\/01\/02\/confirma-gobierno-federal-instalacion-de-nueve-hidroelectricas-para-puebla\/<br \/>\nmunicipiospuebla.com.mx\/nota\/2015-04-23\/huauchinango\/suspenden-hidroel%C3%A9ctricas-en-l%C3%ADmites-de-puebla-y-veracruz<br \/>\nwww.periodicocentral.mx\/2014\/gobierno\/ica-alista-edificacion-de-hidroelectrica-en-puebla<\/p>\n","protected":false},"excerpt":{"rendered":"<p>En enero de 2015 el Gobierno Federal confirm\u00f3 la instalaci\u00f3n de 9 Proyectos Hidroel\u00e9ctricos (PH) en el estado de Puebla, la mayor\u00eda de ellas ubicadas en la Sierra Norte del &hellip; <a href=\"http:\/\/www.grieta.org.mx\/index.php\/proyectos-hidricos\/hidroelectricas-en-la-sierra-norte-de-puebla\/\" class=\"more-link\">Leer m\u00e1s<\/a><\/p>\n","protected":false},"author":2,"featured_media":21928,"parent":8572,"menu_order":0,"comment_status":"closed","ping_status":"closed","template":"","meta":{"ngg_post_thumbnail":0,"footnotes":""},"class_list":["post-8653","page","type-page","status-publish","has-post-thumbnail","hentry","entry"],"jetpack_sharing_enabled":true,"jetpack_shortlink":"https:\/\/wp.me\/P7ZJR4-2fz","jetpack_likes_enabled":false,"jetpack-related-posts":[{"id":7499,"url":"http:\/\/www.grieta.org.mx\/index.php\/parques-eolicos\/parques-eolicos-en-baja-california-norte\/","url_meta":{"origin":8653,"position":0},"title":"Parques E\u00f3licos en Baja California Norte","author":"grieta","date":"29 marzo, 2016","format":false,"excerpt":"A partir de un estudio elaborado en 2003 por el Centro de Investigaci\u00f3n Cient\u00edfica y de Educaci\u00f3n Superior de Ensenada (CICESE) para el gobierno del estado, La Rumorosa fue seleccionada como una de las localidades potenciales para la generaci\u00f3n de energ\u00eda e\u00f3lica en Baja California Norte. Hasta enero de 2015\u2026","rel":"","context":"Entrada similar ","block_context":{"text":"Entrada similar ","link":""},"img":{"alt_text":"","src":"https:\/\/i0.wp.com\/www.grieta.org.mx\/wp-content\/uploads\/2018\/03\/14524434_1106112876131411_958039263622046936_o.jpg?resize=350%2C200","width":350,"height":200,"srcset":"https:\/\/i0.wp.com\/www.grieta.org.mx\/wp-content\/uploads\/2018\/03\/14524434_1106112876131411_958039263622046936_o.jpg?resize=350%2C200 1x, https:\/\/i0.wp.com\/www.grieta.org.mx\/wp-content\/uploads\/2018\/03\/14524434_1106112876131411_958039263622046936_o.jpg?resize=525%2C300 1.5x, https:\/\/i0.wp.com\/www.grieta.org.mx\/wp-content\/uploads\/2018\/03\/14524434_1106112876131411_958039263622046936_o.jpg?resize=700%2C400 2x"},"classes":[]},{"id":8572,"url":"http:\/\/www.grieta.org.mx\/index.php\/proyectos-hidricos\/","url_meta":{"origin":8653,"position":1},"title":"Proyectos H\u00eddricos","author":"grieta","date":"30 marzo, 2016","format":false,"excerpt":"M\u00e9xico posee 731 cuencas hidrol\u00f3gicas agrupadas en 37 regiones hidrol\u00f3gicas y 13 regiones mayores de tipo administrativo. De las 37 regiones hidrol\u00f3gicas, las m\u00e1s h\u00famedas son la regi\u00f3n 30: Grijalva\u2013Usumacinta, la 29: Coatzacoalcos, la 28: Papaloapan y la 23: Costa de Chiapas. Los r\u00edos y arroyos del pa\u00eds constituyen una\u2026","rel":"","context":"Entrada similar ","block_context":{"text":"Entrada similar ","link":""},"img":{"alt_text":"","src":"https:\/\/i0.wp.com\/www.grieta.org.mx\/wp-content\/uploads\/2018\/03\/14524434_1106112876131411_958039263622046936_o.jpg?resize=350%2C200","width":350,"height":200,"srcset":"https:\/\/i0.wp.com\/www.grieta.org.mx\/wp-content\/uploads\/2018\/03\/14524434_1106112876131411_958039263622046936_o.jpg?resize=350%2C200 1x, https:\/\/i0.wp.com\/www.grieta.org.mx\/wp-content\/uploads\/2018\/03\/14524434_1106112876131411_958039263622046936_o.jpg?resize=525%2C300 1.5x, https:\/\/i0.wp.com\/www.grieta.org.mx\/wp-content\/uploads\/2018\/03\/14524434_1106112876131411_958039263622046936_o.jpg?resize=700%2C400 2x"},"classes":[]},{"id":5914,"url":"http:\/\/www.grieta.org.mx\/index.php\/hidrocarburos\/gasoducto-tuxpan-tula\/","url_meta":{"origin":8653,"position":2},"title":"Gasoducto Tuxpan &#8211; Tula","author":"grieta","date":"28 marzo, 2016","format":false,"excerpt":"Se trata de un gasoducto que transporta gas natural proveniente del Sur de Texas, para satisfacer los requerimientos de este combustible en las centrales de generaci\u00f3n de la CFE ubicadas en los estados de Veracruz, Puebla e Hidalgo, as\u00ed como en las regiones Centro y Occidente del pa\u00eds. Forma parte\u2026","rel":"","context":"Entrada similar ","block_context":{"text":"Entrada similar ","link":""},"img":{"alt_text":"","src":"https:\/\/i0.wp.com\/www.grieta.org.mx\/wp-content\/uploads\/2016\/03\/tt.jpg?resize=350%2C200","width":350,"height":200},"classes":[]},{"id":8650,"url":"http:\/\/www.grieta.org.mx\/index.php\/proyectos-hidricos\/la-parota-guerrero\/","url_meta":{"origin":8653,"position":3},"title":"Hidroel\u00e9ctrica La Parota (Guerrero)","author":"grieta","date":"30 marzo, 2016","format":false,"excerpt":"El proyecto hidroel\u00e9ctrico La Parota se ubica en la cuenca del r\u00edo Papagayo, en los municipios Acapulco, San Marcos, Juan R. Escudero y Tecoanapa, del estado de Guerrero y es uno de los proyectos hidroel\u00e9ctricos m\u00e1s grandes que se plantea construir en el hemisferio. \u00c9ste consiste en una central hidroel\u00e9ctrica\u2026","rel":"","context":"Entrada similar ","block_context":{"text":"Entrada similar ","link":""},"img":{"alt_text":"","src":"https:\/\/i0.wp.com\/www.grieta.org.mx\/wp-content\/uploads\/2018\/03\/14524434_1106112876131411_958039263622046936_o.jpg?resize=350%2C200","width":350,"height":200,"srcset":"https:\/\/i0.wp.com\/www.grieta.org.mx\/wp-content\/uploads\/2018\/03\/14524434_1106112876131411_958039263622046936_o.jpg?resize=350%2C200 1x, https:\/\/i0.wp.com\/www.grieta.org.mx\/wp-content\/uploads\/2018\/03\/14524434_1106112876131411_958039263622046936_o.jpg?resize=525%2C300 1.5x, https:\/\/i0.wp.com\/www.grieta.org.mx\/wp-content\/uploads\/2018\/03\/14524434_1106112876131411_958039263622046936_o.jpg?resize=700%2C400 2x"},"classes":[]},{"id":4579,"url":"http:\/\/www.grieta.org.mx\/index.php\/espejos-de-la-resistencia\/","url_meta":{"origin":8653,"position":4},"title":"Espejos de la resistencia","author":"Admin","date":"24 marzo, 2016","format":false,"excerpt":"2\u00aa. DECLARACI\u00d3N DE LA COMPARTICI\u00d3N CNI- EZLN. SOBRE EL DESPOJO A NUESTROS PUEBLOS, 16 DE AGOSTO 2014 \u201cLa tierra que nos vio nacer, que nos da la vida y finalmente descansamos en ella eternamente. Por eso somos todos los colores que somos, todas las lenguas que hablan nuestros corazones, por\u2026","rel":"","context":"Entrada similar ","block_context":{"text":"Entrada similar ","link":""},"img":{"alt_text":"","src":"https:\/\/i0.wp.com\/www.grieta.org.mx\/wp-content\/uploads\/2021\/06\/13901316_1058071340942172_7269987004380508662_n-1-660x330-600x300-1.jpg?resize=350%2C200","width":350,"height":200,"srcset":"https:\/\/i0.wp.com\/www.grieta.org.mx\/wp-content\/uploads\/2021\/06\/13901316_1058071340942172_7269987004380508662_n-1-660x330-600x300-1.jpg?resize=350%2C200 1x, https:\/\/i0.wp.com\/www.grieta.org.mx\/wp-content\/uploads\/2021\/06\/13901316_1058071340942172_7269987004380508662_n-1-660x330-600x300-1.jpg?resize=525%2C300 1.5x"},"classes":[]},{"id":8644,"url":"http:\/\/www.grieta.org.mx\/index.php\/proyecto-de-propositos-multiples-xalapa\/","url_meta":{"origin":8653,"position":5},"title":"Proyecto de Prop\u00f3sitos M\u00faltiples Xalapa","author":"grieta","date":"30 marzo, 2016","format":false,"excerpt":"Al publicarse en 2010 el Programa de Obras e Inversiones del Sector El\u00e9ctrico 2011-2025, a cargo de la Comisi\u00f3n Federal de Electricidad (CFE), se dieron a conocer 510 proyectos hidroel\u00e9ctricos a nivel nacional, de los cuales 112 corresponden a Veracruz. Entre estas obras se encuentra la construcci\u00f3n de una presa-hidroel\u00e9ctrica\u2026","rel":"","context":"Entrada similar ","block_context":{"text":"Entrada similar ","link":""},"img":{"alt_text":"","src":"https:\/\/i0.wp.com\/www.grieta.org.mx\/wp-content\/uploads\/2018\/03\/14524434_1106112876131411_958039263622046936_o.jpg?resize=350%2C200","width":350,"height":200,"srcset":"https:\/\/i0.wp.com\/www.grieta.org.mx\/wp-content\/uploads\/2018\/03\/14524434_1106112876131411_958039263622046936_o.jpg?resize=350%2C200 1x, https:\/\/i0.wp.com\/www.grieta.org.mx\/wp-content\/uploads\/2018\/03\/14524434_1106112876131411_958039263622046936_o.jpg?resize=525%2C300 1.5x, https:\/\/i0.wp.com\/www.grieta.org.mx\/wp-content\/uploads\/2018\/03\/14524434_1106112876131411_958039263622046936_o.jpg?resize=700%2C400 2x"},"classes":[]}],"_links":{"self":[{"href":"http:\/\/www.grieta.org.mx\/index.php\/wp-json\/wp\/v2\/pages\/8653","targetHints":{"allow":["GET"]}}],"collection":[{"href":"http:\/\/www.grieta.org.mx\/index.php\/wp-json\/wp\/v2\/pages"}],"about":[{"href":"http:\/\/www.grieta.org.mx\/index.php\/wp-json\/wp\/v2\/types\/page"}],"author":[{"embeddable":true,"href":"http:\/\/www.grieta.org.mx\/index.php\/wp-json\/wp\/v2\/users\/2"}],"replies":[{"embeddable":true,"href":"http:\/\/www.grieta.org.mx\/index.php\/wp-json\/wp\/v2\/comments?post=8653"}],"version-history":[{"count":1,"href":"http:\/\/www.grieta.org.mx\/index.php\/wp-json\/wp\/v2\/pages\/8653\/revisions"}],"predecessor-version":[{"id":8655,"href":"http:\/\/www.grieta.org.mx\/index.php\/wp-json\/wp\/v2\/pages\/8653\/revisions\/8655"}],"up":[{"embeddable":true,"href":"http:\/\/www.grieta.org.mx\/index.php\/wp-json\/wp\/v2\/pages\/8572"}],"wp:featuredmedia":[{"embeddable":true,"href":"http:\/\/www.grieta.org.mx\/index.php\/wp-json\/wp\/v2\/media\/21928"}],"wp:attachment":[{"href":"http:\/\/www.grieta.org.mx\/index.php\/wp-json\/wp\/v2\/media?parent=8653"}],"curies":[{"name":"wp","href":"https:\/\/api.w.org\/{rel}","templated":true}]}}