{"id":8647,"date":"2016-03-30T21:35:36","date_gmt":"2016-03-30T21:35:36","guid":{"rendered":"http:\/\/50.22.11.12\/~grietaor\/?page_id=8647"},"modified":"2016-05-07T23:19:32","modified_gmt":"2016-05-07T23:19:32","slug":"acueducto-rio-san-pedro-guerrero","status":"publish","type":"page","link":"http:\/\/www.grieta.org.mx\/index.php\/proyectos-hidricos\/acueducto-rio-san-pedro-guerrero\/","title":{"rendered":"Acueducto R\u00edo San Pedro (Guerrero)"},"content":{"rendered":"<p><img loading=\"lazy\" decoding=\"async\" data-attachment-id=\"8648\" data-permalink=\"http:\/\/www.grieta.org.mx\/index.php\/proyectos-hidricos\/acueducto-rio-san-pedro-guerrero\/guerrero_division_politica-acueducto\/\" data-orig-file=\"http:\/\/www.grieta.org.mx\/wp-content\/uploads\/2016\/03\/Guerrero_divisi\u00f3n_pol\u00edtica-acueducto.jpg\" data-orig-size=\"1100,850\" data-comments-opened=\"0\" data-image-meta=\"{&quot;aperture&quot;:&quot;0&quot;,&quot;credit&quot;:&quot;&quot;,&quot;camera&quot;:&quot;&quot;,&quot;caption&quot;:&quot;&quot;,&quot;created_timestamp&quot;:&quot;0&quot;,&quot;copyright&quot;:&quot;&quot;,&quot;focal_length&quot;:&quot;0&quot;,&quot;iso&quot;:&quot;0&quot;,&quot;shutter_speed&quot;:&quot;0&quot;,&quot;title&quot;:&quot;&quot;,&quot;orientation&quot;:&quot;1&quot;}\" data-image-title=\"Guerrero_divisi\u00f3n_pol\u00edtica-acueducto\" data-image-description=\"\" data-image-caption=\"\" data-medium-file=\"http:\/\/www.grieta.org.mx\/wp-content\/uploads\/2016\/03\/Guerrero_divisi\u00f3n_pol\u00edtica-acueducto-300x232.jpg\" data-large-file=\"http:\/\/www.grieta.org.mx\/wp-content\/uploads\/2016\/03\/Guerrero_divisi\u00f3n_pol\u00edtica-acueducto-1024x791.jpg\" class=\"alignnone wp-image-8648 size-medium alignleft\" src=\"http:\/\/grieta.org.mx\/wp-content\/uploads\/2016\/03\/Guerrero_divisi\u00f3n_pol\u00edtica-acueducto-300x232.jpg\" alt=\"Guerrero_divisi\u00f3n_pol\u00edtica-acueducto\" width=\"300\" height=\"232\" srcset=\"http:\/\/www.grieta.org.mx\/wp-content\/uploads\/2016\/03\/Guerrero_divisi\u00f3n_pol\u00edtica-acueducto-300x232.jpg 300w, http:\/\/www.grieta.org.mx\/wp-content\/uploads\/2016\/03\/Guerrero_divisi\u00f3n_pol\u00edtica-acueducto-768x593.jpg 768w, http:\/\/www.grieta.org.mx\/wp-content\/uploads\/2016\/03\/Guerrero_divisi\u00f3n_pol\u00edtica-acueducto-1024x791.jpg 1024w, http:\/\/www.grieta.org.mx\/wp-content\/uploads\/2016\/03\/Guerrero_divisi\u00f3n_pol\u00edtica-acueducto.jpg 1100w\" sizes=\"auto, (max-width: 300px) 100vw, 300px\" \/><\/p>\n<p>El r\u00edo San Pedro nace cerca del poblado El Coyuil, municipio de Metlat\u00f3noc, y pasa por los poblados: San Pedro, San Isidro, San Mart\u00edn, Huehuet\u00f3noc, Las Minas, Xochistlahuaca, Tlacoachistlahuaca, Tierra Colorada, Plan Fuste, Cosoyoapa, Plan Maguey y Arroyo Nuevo, en el estado de Guerrero.<br \/>\nEl proyecto, impulsado por el gobierno de \u00c1ngel Aguirre Rivero, pretende entubar el r\u00edo para llevarlo a la ciudad de Ometepec por los conductos de una tuber\u00eda de m\u00e1s 40 cm de di\u00e1metro y con una extensi\u00f3n de 18 kil\u00f3metros.<br \/>\nLa operaci\u00f3n la concret\u00f3 Osvaldo S\u00f3crates Salmer\u00f3n, quien fuera presidente municipal de Tlacoachistlahuaca hasta el 2012. Reunido con algunos l\u00edderes de San Pedro Cuitlapa, acord\u00f3 tal acci\u00f3n a espaldas de la comunidad, a cambio de dos camionetas, un hospital y el compromiso de crear un nuevo municipio teniendo a San Pedro Cuitlapa como cabecera municipal.<\/p>\n<p>Con informaci\u00f3n de:<br \/>\nEspejo 19<br \/>\nwww.losangelespress.org\/caciques-privatizan-recursos-naturales-en-costa-chica-guerrero\/<br \/>\ndesinformemonos.org\/2012\/12\/amuzgos-y-mixtecos-amenazados-con-el-despojo-del-rio-san-pedro\/print\/<br \/>\ndiarionuestromundo.com\/notas-de-opinion\/los-ambientalistas-12\/<\/p>\n","protected":false},"excerpt":{"rendered":"<p>El r\u00edo San Pedro nace cerca del poblado El Coyuil, municipio de Metlat\u00f3noc, y pasa por los poblados: San Pedro, San Isidro, San Mart\u00edn, Huehuet\u00f3noc, Las Minas, Xochistlahuaca, Tlacoachistlahuaca, Tierra &hellip; <a href=\"http:\/\/www.grieta.org.mx\/index.php\/proyectos-hidricos\/acueducto-rio-san-pedro-guerrero\/\" class=\"more-link\">Leer m\u00e1s<\/a><\/p>\n","protected":false},"author":2,"featured_media":21928,"parent":8572,"menu_order":0,"comment_status":"closed","ping_status":"closed","template":"","meta":{"ngg_post_thumbnail":0,"footnotes":""},"class_list":["post-8647","page","type-page","status-publish","has-post-thumbnail","hentry","entry"],"jetpack_sharing_enabled":true,"jetpack_shortlink":"https:\/\/wp.me\/P7ZJR4-2ft","jetpack_likes_enabled":false,"jetpack-related-posts":[{"id":56,"url":"http:\/\/www.grieta.org.mx\/index.php\/mineria\/cerro-de-san-pedro\/","url_meta":{"origin":8647,"position":0},"title":"Miner\u00eda en el Cerro de San Pedro","author":"Admin","date":"25 febrero, 2016","format":false,"excerpt":"El sistema que Minera San Xavier, filial en M\u00e9xico de la empresa canadiense New Gold, ha aplicado durante m\u00e1s ocho a\u00f1os para la explotaci\u00f3n y beneficio de mineral en el Cerro de San Pedro, San Luis Potos\u00ed, es el conocido como tajo a cielo abierto y lixiviaci\u00f3n a montones. Es\u2026","rel":"","context":"Entrada similar ","block_context":{"text":"Entrada similar ","link":""},"img":{"alt_text":"","src":"https:\/\/i0.wp.com\/www.grieta.org.mx\/wp-content\/uploads\/2018\/03\/14524434_1106112876131411_958039263622046936_o.jpg?resize=350%2C200","width":350,"height":200,"srcset":"https:\/\/i0.wp.com\/www.grieta.org.mx\/wp-content\/uploads\/2018\/03\/14524434_1106112876131411_958039263622046936_o.jpg?resize=350%2C200 1x, https:\/\/i0.wp.com\/www.grieta.org.mx\/wp-content\/uploads\/2018\/03\/14524434_1106112876131411_958039263622046936_o.jpg?resize=525%2C300 1.5x, https:\/\/i0.wp.com\/www.grieta.org.mx\/wp-content\/uploads\/2018\/03\/14524434_1106112876131411_958039263622046936_o.jpg?resize=700%2C400 2x"},"classes":[]},{"id":7499,"url":"http:\/\/www.grieta.org.mx\/index.php\/parques-eolicos\/parques-eolicos-en-baja-california-norte\/","url_meta":{"origin":8647,"position":1},"title":"Parques E\u00f3licos en Baja California Norte","author":"grieta","date":"29 marzo, 2016","format":false,"excerpt":"A partir de un estudio elaborado en 2003 por el Centro de Investigaci\u00f3n Cient\u00edfica y de Educaci\u00f3n Superior de Ensenada (CICESE) para el gobierno del estado, La Rumorosa fue seleccionada como una de las localidades potenciales para la generaci\u00f3n de energ\u00eda e\u00f3lica en Baja California Norte. Hasta enero de 2015\u2026","rel":"","context":"Entrada similar ","block_context":{"text":"Entrada similar ","link":""},"img":{"alt_text":"","src":"https:\/\/i0.wp.com\/www.grieta.org.mx\/wp-content\/uploads\/2018\/03\/14524434_1106112876131411_958039263622046936_o.jpg?resize=350%2C200","width":350,"height":200,"srcset":"https:\/\/i0.wp.com\/www.grieta.org.mx\/wp-content\/uploads\/2018\/03\/14524434_1106112876131411_958039263622046936_o.jpg?resize=350%2C200 1x, https:\/\/i0.wp.com\/www.grieta.org.mx\/wp-content\/uploads\/2018\/03\/14524434_1106112876131411_958039263622046936_o.jpg?resize=525%2C300 1.5x, https:\/\/i0.wp.com\/www.grieta.org.mx\/wp-content\/uploads\/2018\/03\/14524434_1106112876131411_958039263622046936_o.jpg?resize=700%2C400 2x"},"classes":[]},{"id":8607,"url":"http:\/\/www.grieta.org.mx\/index.php\/proyectos-hidricos\/hidroelectrica-las-cruces-nayarit\/","url_meta":{"origin":8647,"position":2},"title":"Hidroel\u00e9ctrica Las Cruces (Nayarit)","author":"grieta","date":"30 marzo, 2016","format":false,"excerpt":"La Comisi\u00f3n Federal de Electricidad (CFE) propone la construcci\u00f3n de la hidroel\u00e9ctrica \u2018Las Cruces\u2019 en la parte central del Estado de Nayarit (M\u00e9xico), sobre el r\u00edo San Pedro Mezquital, cuya cuenca nace en Durango y desemboca en el coraz\u00f3n de Marismas Nacionales, humedal de importancia internacional. El proyecto se localizar\u00e1\u2026","rel":"","context":"Entrada similar ","block_context":{"text":"Entrada similar ","link":""},"img":{"alt_text":"","src":"https:\/\/i0.wp.com\/www.grieta.org.mx\/wp-content\/uploads\/2018\/03\/14524434_1106112876131411_958039263622046936_o.jpg?resize=350%2C200","width":350,"height":200,"srcset":"https:\/\/i0.wp.com\/www.grieta.org.mx\/wp-content\/uploads\/2018\/03\/14524434_1106112876131411_958039263622046936_o.jpg?resize=350%2C200 1x, https:\/\/i0.wp.com\/www.grieta.org.mx\/wp-content\/uploads\/2018\/03\/14524434_1106112876131411_958039263622046936_o.jpg?resize=525%2C300 1.5x, https:\/\/i0.wp.com\/www.grieta.org.mx\/wp-content\/uploads\/2018\/03\/14524434_1106112876131411_958039263622046936_o.jpg?resize=700%2C400 2x"},"classes":[]},{"id":8614,"url":"http:\/\/www.grieta.org.mx\/index.php\/proyectos-hidricos\/proyecto-hidraulico-monterrey-vi\/","url_meta":{"origin":8647,"position":3},"title":"Proyecto Hidr\u00e1ulico Monterrey VI","author":"grieta","date":"30 marzo, 2016","format":false,"excerpt":"El proyecto hidr\u00e1ulico Monterrey VI consiste en la construcci\u00f3n de un acueducto de 372 kil\u00f3metros, que iniciar\u00e1 en el r\u00edo Tampa\u00f3n, afluente del r\u00edo P\u00e1nuco, en San Luis Potos\u00ed, hasta la presa Cerro Prieto en el municipio de Linares. La obra est\u00e1 dise\u00f1ada para dotar de agua potable a Nuevo\u2026","rel":"","context":"Entrada similar ","block_context":{"text":"Entrada similar ","link":""},"img":{"alt_text":"","src":"https:\/\/i0.wp.com\/www.grieta.org.mx\/wp-content\/uploads\/2018\/03\/14524434_1106112876131411_958039263622046936_o.jpg?resize=350%2C200","width":350,"height":200,"srcset":"https:\/\/i0.wp.com\/www.grieta.org.mx\/wp-content\/uploads\/2018\/03\/14524434_1106112876131411_958039263622046936_o.jpg?resize=350%2C200 1x, https:\/\/i0.wp.com\/www.grieta.org.mx\/wp-content\/uploads\/2018\/03\/14524434_1106112876131411_958039263622046936_o.jpg?resize=525%2C300 1.5x, https:\/\/i0.wp.com\/www.grieta.org.mx\/wp-content\/uploads\/2018\/03\/14524434_1106112876131411_958039263622046936_o.jpg?resize=700%2C400 2x"},"classes":[]},{"id":4579,"url":"http:\/\/www.grieta.org.mx\/index.php\/espejos-de-la-resistencia\/","url_meta":{"origin":8647,"position":4},"title":"Espejos de la resistencia","author":"Admin","date":"24 marzo, 2016","format":false,"excerpt":"2\u00aa. DECLARACI\u00d3N DE LA COMPARTICI\u00d3N CNI- EZLN. SOBRE EL DESPOJO A NUESTROS PUEBLOS, 16 DE AGOSTO 2014 \u201cLa tierra que nos vio nacer, que nos da la vida y finalmente descansamos en ella eternamente. Por eso somos todos los colores que somos, todas las lenguas que hablan nuestros corazones, por\u2026","rel":"","context":"Entrada similar ","block_context":{"text":"Entrada similar ","link":""},"img":{"alt_text":"","src":"https:\/\/i0.wp.com\/www.grieta.org.mx\/wp-content\/uploads\/2021\/06\/13901316_1058071340942172_7269987004380508662_n-1-660x330-600x300-1.jpg?resize=350%2C200","width":350,"height":200,"srcset":"https:\/\/i0.wp.com\/www.grieta.org.mx\/wp-content\/uploads\/2021\/06\/13901316_1058071340942172_7269987004380508662_n-1-660x330-600x300-1.jpg?resize=350%2C200 1x, https:\/\/i0.wp.com\/www.grieta.org.mx\/wp-content\/uploads\/2021\/06\/13901316_1058071340942172_7269987004380508662_n-1-660x330-600x300-1.jpg?resize=525%2C300 1.5x"},"classes":[]},{"id":8650,"url":"http:\/\/www.grieta.org.mx\/index.php\/proyectos-hidricos\/la-parota-guerrero\/","url_meta":{"origin":8647,"position":5},"title":"Hidroel\u00e9ctrica La Parota (Guerrero)","author":"grieta","date":"30 marzo, 2016","format":false,"excerpt":"El proyecto hidroel\u00e9ctrico La Parota se ubica en la cuenca del r\u00edo Papagayo, en los municipios Acapulco, San Marcos, Juan R. Escudero y Tecoanapa, del estado de Guerrero y es uno de los proyectos hidroel\u00e9ctricos m\u00e1s grandes que se plantea construir en el hemisferio. \u00c9ste consiste en una central hidroel\u00e9ctrica\u2026","rel":"","context":"Entrada similar ","block_context":{"text":"Entrada similar ","link":""},"img":{"alt_text":"","src":"https:\/\/i0.wp.com\/www.grieta.org.mx\/wp-content\/uploads\/2018\/03\/14524434_1106112876131411_958039263622046936_o.jpg?resize=350%2C200","width":350,"height":200,"srcset":"https:\/\/i0.wp.com\/www.grieta.org.mx\/wp-content\/uploads\/2018\/03\/14524434_1106112876131411_958039263622046936_o.jpg?resize=350%2C200 1x, https:\/\/i0.wp.com\/www.grieta.org.mx\/wp-content\/uploads\/2018\/03\/14524434_1106112876131411_958039263622046936_o.jpg?resize=525%2C300 1.5x, https:\/\/i0.wp.com\/www.grieta.org.mx\/wp-content\/uploads\/2018\/03\/14524434_1106112876131411_958039263622046936_o.jpg?resize=700%2C400 2x"},"classes":[]}],"_links":{"self":[{"href":"http:\/\/www.grieta.org.mx\/index.php\/wp-json\/wp\/v2\/pages\/8647","targetHints":{"allow":["GET"]}}],"collection":[{"href":"http:\/\/www.grieta.org.mx\/index.php\/wp-json\/wp\/v2\/pages"}],"about":[{"href":"http:\/\/www.grieta.org.mx\/index.php\/wp-json\/wp\/v2\/types\/page"}],"author":[{"embeddable":true,"href":"http:\/\/www.grieta.org.mx\/index.php\/wp-json\/wp\/v2\/users\/2"}],"replies":[{"embeddable":true,"href":"http:\/\/www.grieta.org.mx\/index.php\/wp-json\/wp\/v2\/comments?post=8647"}],"version-history":[{"count":1,"href":"http:\/\/www.grieta.org.mx\/index.php\/wp-json\/wp\/v2\/pages\/8647\/revisions"}],"predecessor-version":[{"id":8649,"href":"http:\/\/www.grieta.org.mx\/index.php\/wp-json\/wp\/v2\/pages\/8647\/revisions\/8649"}],"up":[{"embeddable":true,"href":"http:\/\/www.grieta.org.mx\/index.php\/wp-json\/wp\/v2\/pages\/8572"}],"wp:featuredmedia":[{"embeddable":true,"href":"http:\/\/www.grieta.org.mx\/index.php\/wp-json\/wp\/v2\/media\/21928"}],"wp:attachment":[{"href":"http:\/\/www.grieta.org.mx\/index.php\/wp-json\/wp\/v2\/media?parent=8647"}],"curies":[{"name":"wp","href":"https:\/\/api.w.org\/{rel}","templated":true}]}}