{"id":8561,"date":"2016-03-30T21:00:05","date_gmt":"2016-03-30T21:00:05","guid":{"rendered":"http:\/\/50.22.11.12\/~grietaor\/?page_id=8561"},"modified":"2016-06-10T01:04:45","modified_gmt":"2016-06-10T01:04:45","slug":"recursos-forestales","status":"publish","type":"page","link":"http:\/\/www.grieta.org.mx\/index.php\/recursos-forestales\/","title":{"rendered":"Recursos forestales"},"content":{"rendered":"<p>Seg\u00fan datos presentados por la FAO, M\u00e9xico cuenta con aproximadamente 64 millones de hect\u00e1reas de bosques de clima templado y selvas que abarcan el 32% del territorio nacional. Adicionalmente el pa\u00eds cuenta con 56 millones de hect\u00e1reas de matorrales y cerca de 2 millones de hect\u00e1reas de vegetaci\u00f3n hidr\u00f3fila entre la que destacan los manglares.<\/p>\n<p>M\u00e9xVegetaci\u00f3n en M\u00e9xicoico es uno de los 12 pa\u00edses del mundo considerados como megadiversos. En conjunto, estos 12 pa\u00edses albergan entre el 60 y el 70% de la biodiversidad total del planeta. Las \u00e1reas tropicales y de bosque en M\u00e9xico son las zonas donde se encuentra la mayor parte de la riqueza de diversidad gen\u00e9tica calculada en el 10% del total mundial.<br \/>\nLos bosques m\u00e1s grandes de M\u00e9xico se encuentran en los estados de Durango, Chihuahua, Michoac\u00e1n, Oaxaca y Jalisco. Est\u00e1n constituidos principalmente por pinos, aunque tambi\u00e9n hay encinos, cedros blancos y oyameles. Estas maderas se localizan principalmente en los sistemas monta\u00f1osos de la vertiente del Pac\u00edfico, las Sierras Madre Occidental del Sur y de Chiapas, as\u00ed como en el Eje Volc\u00e1nico.<\/p>\n<p><img loading=\"lazy\" decoding=\"async\" data-attachment-id=\"8564\" data-permalink=\"http:\/\/www.grieta.org.mx\/index.php\/recursos-forestales\/vegetacion-en-mexico\/\" data-orig-file=\"http:\/\/www.grieta.org.mx\/wp-content\/uploads\/2016\/03\/Vegetaci\u00f3n-en-M\u00e9xico.gif\" data-orig-size=\"540,375\" data-comments-opened=\"0\" data-image-meta=\"{&quot;aperture&quot;:&quot;0&quot;,&quot;credit&quot;:&quot;&quot;,&quot;camera&quot;:&quot;&quot;,&quot;caption&quot;:&quot;&quot;,&quot;created_timestamp&quot;:&quot;0&quot;,&quot;copyright&quot;:&quot;&quot;,&quot;focal_length&quot;:&quot;0&quot;,&quot;iso&quot;:&quot;0&quot;,&quot;shutter_speed&quot;:&quot;0&quot;,&quot;title&quot;:&quot;&quot;,&quot;orientation&quot;:&quot;0&quot;}\" data-image-title=\"Vegetaci\u00f3n en M\u00e9xico\" data-image-description=\"\" data-image-caption=\"\" data-medium-file=\"http:\/\/www.grieta.org.mx\/wp-content\/uploads\/2016\/03\/Vegetaci\u00f3n-en-M\u00e9xico-300x208.gif\" data-large-file=\"http:\/\/www.grieta.org.mx\/wp-content\/uploads\/2016\/03\/Vegetaci\u00f3n-en-M\u00e9xico.gif\" class=\"size-full wp-image-8564 alignleft\" src=\"http:\/\/grieta.org.mx\/wp-content\/uploads\/2016\/03\/Vegetaci\u00f3n-en-M\u00e9xico.gif\" alt=\"Vegetaci\u00f3n en M\u00e9xico\" width=\"540\" height=\"375\" \/>Las principales selvas en M\u00e9xico se encuentran localizadas en los estados Campeche, Quintana Roo, Tabasco y Chiapas. En esas regiones se localizan cedro rojo y caoba, tambi\u00e9n llamados de maderas preciosas.<\/p>\n<p>A nivel mundial, M\u00e9xico se ubica entre los pa\u00edses con mayor superficie de manglar, aunque hay discrepancia entre las estimaciones reportadas. De acuerdo con la FAO, en el a\u00f1o 2000 los manglares ocupaban 440,000 ha, cifra que contrasta con las cerca de 890,000 ha, que para la misma fecha report\u00f3 SEMARNAT. Por su parte, la Secretaria de Medio Ambiente y Recursos Naturales, inform\u00f3 en 2007 que el Inventario Nacional de Manglares, elaborado por la Comisi\u00f3n Nacional para el Uso y Conocimiento de la Biodiversidad (Conabio), reportaba 650 mil hect\u00e1reas de estos ecosistemas, 26% menos de lo que se estimaba en 2005. De los 81 sitios de manglar identificados por los especialistas, 10 corresponden a la regi\u00f3n del Pac\u00edfico norte, seis al Pac\u00edfico centro, 13 al Pac\u00edfico sur, 27 al Golfo de M\u00e9xico y 25 a Pen\u00ednsula de Yucat\u00e1n<\/p>\n<p>La producci\u00f3n maderable anual entre 1986 y 2003 promedi\u00f3 una cifra cercana a 8 millones de m3 rollo, aunque mostr\u00f3 un comportamiento variable. En 2003, por ejemplo, no alcanz\u00f3 7 millones, mientras que en 2000 estuvo pr\u00f3xima a 9.5 millones de m3. Los estados de Durango, Chihuahua y Michoac\u00e1n son los que m\u00e1s contribuyen a la industria nacional, la cual est\u00e1 basada sobre todo en madera de pinos y encinos. La mayor parte de la madera industrial en rollo se destina a la \u201cescuadr\u00eda\u201d (tablas, tablones y vigas), que consumi\u00f3 70% de la producci\u00f3n nacional entre 1997 y 2003, seguida del papel con 14.5%.<\/p>\n<p>Los productos forestales no maderables comprenden una importante variedad de productos medicinales, alimenticios, materiales para la construcci\u00f3n, resinas, gomas, tintes, ceras, esencias y aceites, entre otros. Las estimaciones sobre el potencial productivo no maderable de los bosques y selvas rebasan los 1.3 millones de d\u00f3lares anuales.<\/p>\n<p>Seg\u00fan datos del Consejo Empresarial Forestal, 150 mil hect\u00e1reas de bosque que se pierden al a\u00f1o y alrededor de 30 mil corresponden a tala ilegal e incendios forestales. Por su parte, el Instituto de Geograf\u00eda de la UNAM se\u00f1ala que cada a\u00f1o se pierden 500 mil hect\u00e1reas de bosques y selvas, al tiempo que se estima que el 70% del mercado nacional de madera tiene procedencia ilegal. M\u00e9xico ocupa el quinto lugar a nivel mundial en deforestaci\u00f3n. Los estados m\u00e1s afectados por la deforestaci\u00f3n son Michoac\u00e1n, Durango, Oaxaca, Veracruz, Chiapas, Guerrero, Tlaxcala y Puebla<\/p>\n<p>En el caso de los manglares las principales amenazas son la tala motivada por el desarrollo de centros tur\u00edsticos y urbanos, as\u00ed como la construcci\u00f3n de granjas camaron\u00edcolas y la actividad petrolera.<\/p>\n<p>Seg\u00fan datos de la Organizaci\u00f3n de Naciones Unidas para la Agricultura y la Alimentaci\u00f3n (FAO) las p\u00e9rdidas m\u00e1s grandes a nivel mundial en los ecosistemas de manglar de 1980 al 2005 han ocurrido en M\u00e9xico, Honduras, Panam\u00e1, Estados Unidos y las Bahamas. En el caso de M\u00e9xico, el Instituto Nacional de Ecolog\u00eda (INE) estima que se est\u00e1 perdiendo el ecosistema de manglar a una tasa promedio de 2.5 por ciento anual.<\/p>\n<p>Los manglares fueron protegidos por primera vez en 2003, cuando se public\u00f3 la norma oficial NOM 022 que establec\u00eda las disposiciones para impedir su destrucci\u00f3n. Sin embargo, un a\u00f1o despu\u00e9s esa norma fue ilegalmente alterada por la Semarnat a petici\u00f3n de los desarrolladores tur\u00edsticos. En 2006, el proceso de reelaboraci\u00f3n de la NOM 022 fue detenido por los hoteleros mediante una suspensi\u00f3n otorgada por un juez federal. En 2007, la publicaci\u00f3n de una reforma a la Ley General de Vida Silvestre protegi\u00f3 a los manglares y dej\u00f3 inoperante a la NOM 022. Nuevamente, los desarrolladores tur\u00edsticos presionaron al Congreso y a la Semarnat para que modificara la Ley y eliminara la protecci\u00f3n a los manglares.<\/p>\n<p><small><br \/>\n<strong>Con informaci\u00f3n de:<\/strong><\/p>\n<p><a href=\"http:\/\/www.fao.org\/docrep\/006\/j2215s\/j2215s06.htm\" target=\"_blank\">www.fao.org\/docrep\/006\/j2215s\/j2215s06.htm<\/a><br \/>\n<a href=\"http:\/\/www.biodiversidad.gob.mx\/ecosistemas\/manglares2013\/manglares.html\" target=\"_blank\">www.biodiversidad.gob.mx\/ecosistemas\/manglares2013\/manglares.html<\/a><br \/>\n<a href=\"http:\/\/www.biodiversidad.gob.mx\/ecosistemas\/manglares2013\/sitiosPrioritarios.html\" target=\"_blank\">www.biodiversidad.gob.mx\/ecosistemas\/manglares2013\/sitiosPrioritarios.html<\/a><br \/>\n<a href=\"http:\/\/app1.semarnat.gob.mx\/dgeia\/informe_2008\/02_ecosistemas\/cap2_2.html\" target=\"_blank\">app1.semarnat.gob.mx\/dgeia\/informe_2008\/02_ecosistemas\/cap2_2.html<\/a><br \/>\n<a href=\"http:\/\/app1.semarnat.gob.mx\/dgeia\/informe_04\/05_aprovechamiento\/cap5for_1.html\" target=\"_blank\">app1.semarnat.gob.mx\/dgeia\/informe_04\/05_aprovechamiento\/cap5for_1.html<\/a><br \/>\n<a href=\"http:\/\/www.elfinanciero.com.mx\/economia\/tala-ilegal-la-principal-traba-del-sector-forestal.html\" target=\"_blank\">www.elfinanciero.com.mx\/economia\/tala-ilegal-la-principal-traba-del-sector-forestal.html<\/a><br \/>\n<a href=\"http:\/\/www.greenpeace.org\/mexico\/es\/Noticias\/2007\/Octubre\/dramatica-la-destrucci-n-de-m\/\" target=\"_blank\">www.greenpeace.org\/mexico\/es\/Noticias\/2007\/Octubre\/dramatica-la-destrucci-n-de-m\/<\/a><br \/>\n<\/small><\/p>\n<hr \/>\n","protected":false},"excerpt":{"rendered":"<p>Seg\u00fan datos presentados por la FAO, M\u00e9xico cuenta con aproximadamente 64 millones de hect\u00e1reas de bosques de clima templado y selvas que abarcan el 32% del territorio nacional. Adicionalmente el &hellip; <a href=\"http:\/\/www.grieta.org.mx\/index.php\/recursos-forestales\/\" class=\"more-link\">Leer m\u00e1s<\/a><\/p>\n","protected":false},"author":2,"featured_media":21928,"parent":0,"menu_order":0,"comment_status":"closed","ping_status":"closed","template":"recfores_page.php","meta":{"ngg_post_thumbnail":0,"footnotes":""},"class_list":["post-8561","page","type-page","status-publish","has-post-thumbnail","hentry","entry"],"jetpack_sharing_enabled":true,"jetpack_shortlink":"https:\/\/wp.me\/P7ZJR4-2e5","jetpack_likes_enabled":false,"jetpack-related-posts":[{"id":8679,"url":"http:\/\/www.grieta.org.mx\/index.php\/mineria\/mineria-en-el-istmo-de-tehuantepec\/","url_meta":{"origin":8561,"position":0},"title":"Miner\u00eda en el Istmo de Tehuantepec","author":"grieta","date":"30 marzo, 2016","format":false,"excerpt":"El Istmo de Tehuantepec es una regi\u00f3n comprendida entre los estados de Oaxaca, Veracruz, Chiapas y Tabasco. Esta regi\u00f3n es la zona m\u00e1s angosta del territorio mexicano que comunica los dos oc\u00e9anos: Pac\u00edfico y Atl\u00e1ntico. En su punto m\u00e1s estrecho el Istmo tiene tan s\u00f3lo 200 km de distancia entre\u2026","rel":"","context":"Entrada similar ","block_context":{"text":"Entrada similar ","link":""},"img":{"alt_text":"","src":"https:\/\/i0.wp.com\/www.grieta.org.mx\/wp-content\/uploads\/2018\/03\/14524434_1106112876131411_958039263622046936_o.jpg?resize=350%2C200","width":350,"height":200,"srcset":"https:\/\/i0.wp.com\/www.grieta.org.mx\/wp-content\/uploads\/2018\/03\/14524434_1106112876131411_958039263622046936_o.jpg?resize=350%2C200 1x, https:\/\/i0.wp.com\/www.grieta.org.mx\/wp-content\/uploads\/2018\/03\/14524434_1106112876131411_958039263622046936_o.jpg?resize=525%2C300 1.5x, https:\/\/i0.wp.com\/www.grieta.org.mx\/wp-content\/uploads\/2018\/03\/14524434_1106112876131411_958039263622046936_o.jpg?resize=700%2C400 2x"},"classes":[]},{"id":56,"url":"http:\/\/www.grieta.org.mx\/index.php\/mineria\/cerro-de-san-pedro\/","url_meta":{"origin":8561,"position":1},"title":"Miner\u00eda en el Cerro de San Pedro","author":"Admin","date":"25 febrero, 2016","format":false,"excerpt":"El sistema que Minera San Xavier, filial en M\u00e9xico de la empresa canadiense New Gold, ha aplicado durante m\u00e1s ocho a\u00f1os para la explotaci\u00f3n y beneficio de mineral en el Cerro de San Pedro, San Luis Potos\u00ed, es el conocido como tajo a cielo abierto y lixiviaci\u00f3n a montones. Es\u2026","rel":"","context":"Entrada similar ","block_context":{"text":"Entrada similar ","link":""},"img":{"alt_text":"","src":"https:\/\/i0.wp.com\/www.grieta.org.mx\/wp-content\/uploads\/2018\/03\/14524434_1106112876131411_958039263622046936_o.jpg?resize=350%2C200","width":350,"height":200,"srcset":"https:\/\/i0.wp.com\/www.grieta.org.mx\/wp-content\/uploads\/2018\/03\/14524434_1106112876131411_958039263622046936_o.jpg?resize=350%2C200 1x, https:\/\/i0.wp.com\/www.grieta.org.mx\/wp-content\/uploads\/2018\/03\/14524434_1106112876131411_958039263622046936_o.jpg?resize=525%2C300 1.5x, https:\/\/i0.wp.com\/www.grieta.org.mx\/wp-content\/uploads\/2018\/03\/14524434_1106112876131411_958039263622046936_o.jpg?resize=700%2C400 2x"},"classes":[]},{"id":8572,"url":"http:\/\/www.grieta.org.mx\/index.php\/proyectos-hidricos\/","url_meta":{"origin":8561,"position":2},"title":"Proyectos H\u00eddricos","author":"grieta","date":"30 marzo, 2016","format":false,"excerpt":"M\u00e9xico posee 731 cuencas hidrol\u00f3gicas agrupadas en 37 regiones hidrol\u00f3gicas y 13 regiones mayores de tipo administrativo. De las 37 regiones hidrol\u00f3gicas, las m\u00e1s h\u00famedas son la regi\u00f3n 30: Grijalva\u2013Usumacinta, la 29: Coatzacoalcos, la 28: Papaloapan y la 23: Costa de Chiapas. Los r\u00edos y arroyos del pa\u00eds constituyen una\u2026","rel":"","context":"Entrada similar ","block_context":{"text":"Entrada similar ","link":""},"img":{"alt_text":"","src":"https:\/\/i0.wp.com\/www.grieta.org.mx\/wp-content\/uploads\/2018\/03\/14524434_1106112876131411_958039263622046936_o.jpg?resize=350%2C200","width":350,"height":200,"srcset":"https:\/\/i0.wp.com\/www.grieta.org.mx\/wp-content\/uploads\/2018\/03\/14524434_1106112876131411_958039263622046936_o.jpg?resize=350%2C200 1x, https:\/\/i0.wp.com\/www.grieta.org.mx\/wp-content\/uploads\/2018\/03\/14524434_1106112876131411_958039263622046936_o.jpg?resize=525%2C300 1.5x, https:\/\/i0.wp.com\/www.grieta.org.mx\/wp-content\/uploads\/2018\/03\/14524434_1106112876131411_958039263622046936_o.jpg?resize=700%2C400 2x"},"classes":[]},{"id":4811,"url":"http:\/\/www.grieta.org.mx\/index.php\/migrantes\/","url_meta":{"origin":8561,"position":3},"title":"Migrantes","author":"Admin","date":"25 marzo, 2016","format":false,"excerpt":"Desde hace m\u00e1s de un siglo M\u00e9xico se ha caracterizado por ser un exportador de mano de obra a Estados Unidos: 98 por ciento de los mexicanos que viven en el extranjero est\u00e1n en ese pa\u00eds. M\u00e9xico tiene 11 millones de ciudadanos fuera de sus fronteras, lo que representa poco\u2026","rel":"","context":"Entrada similar ","block_context":{"text":"Entrada similar ","link":""},"img":{"alt_text":"","src":"https:\/\/i0.wp.com\/www.grieta.org.mx\/wp-content\/uploads\/2018\/03\/14524434_1106112876131411_958039263622046936_o.jpg?resize=350%2C200","width":350,"height":200,"srcset":"https:\/\/i0.wp.com\/www.grieta.org.mx\/wp-content\/uploads\/2018\/03\/14524434_1106112876131411_958039263622046936_o.jpg?resize=350%2C200 1x, https:\/\/i0.wp.com\/www.grieta.org.mx\/wp-content\/uploads\/2018\/03\/14524434_1106112876131411_958039263622046936_o.jpg?resize=525%2C300 1.5x, https:\/\/i0.wp.com\/www.grieta.org.mx\/wp-content\/uploads\/2018\/03\/14524434_1106112876131411_958039263622046936_o.jpg?resize=700%2C400 2x"},"classes":[]},{"id":8607,"url":"http:\/\/www.grieta.org.mx\/index.php\/proyectos-hidricos\/hidroelectrica-las-cruces-nayarit\/","url_meta":{"origin":8561,"position":4},"title":"Hidroel\u00e9ctrica Las Cruces (Nayarit)","author":"grieta","date":"30 marzo, 2016","format":false,"excerpt":"La Comisi\u00f3n Federal de Electricidad (CFE) propone la construcci\u00f3n de la hidroel\u00e9ctrica \u2018Las Cruces\u2019 en la parte central del Estado de Nayarit (M\u00e9xico), sobre el r\u00edo San Pedro Mezquital, cuya cuenca nace en Durango y desemboca en el coraz\u00f3n de Marismas Nacionales, humedal de importancia internacional. El proyecto se localizar\u00e1\u2026","rel":"","context":"Entrada similar ","block_context":{"text":"Entrada similar ","link":""},"img":{"alt_text":"","src":"https:\/\/i0.wp.com\/www.grieta.org.mx\/wp-content\/uploads\/2018\/03\/14524434_1106112876131411_958039263622046936_o.jpg?resize=350%2C200","width":350,"height":200,"srcset":"https:\/\/i0.wp.com\/www.grieta.org.mx\/wp-content\/uploads\/2018\/03\/14524434_1106112876131411_958039263622046936_o.jpg?resize=350%2C200 1x, https:\/\/i0.wp.com\/www.grieta.org.mx\/wp-content\/uploads\/2018\/03\/14524434_1106112876131411_958039263622046936_o.jpg?resize=525%2C300 1.5x, https:\/\/i0.wp.com\/www.grieta.org.mx\/wp-content\/uploads\/2018\/03\/14524434_1106112876131411_958039263622046936_o.jpg?resize=700%2C400 2x"},"classes":[]},{"id":5279,"url":"http:\/\/www.grieta.org.mx\/index.php\/mineria\/","url_meta":{"origin":8561,"position":5},"title":"Miner\u00eda","author":"grieta","date":"26 marzo, 2016","format":false,"excerpt":"En t\u00e9rminos generales, los minerales se clasifican en met\u00e1licos, no met\u00e1licos y energ\u00e9ticos. El 70% del territorio mexicano tiene potencial geol\u00f3gico minero. M\u00e9xico ocupa el segundo lugar a nivel mundial en la producci\u00f3n de Plata, Bismuto y Fluorita; el quinto lugar en Plomo y Diatomita; el sexto lugar en producci\u00f3n\u2026","rel":"","context":"Entrada similar ","block_context":{"text":"Entrada similar ","link":""},"img":{"alt_text":"","src":"https:\/\/i0.wp.com\/www.grieta.org.mx\/wp-content\/uploads\/2018\/03\/14524434_1106112876131411_958039263622046936_o.jpg?resize=350%2C200","width":350,"height":200,"srcset":"https:\/\/i0.wp.com\/www.grieta.org.mx\/wp-content\/uploads\/2018\/03\/14524434_1106112876131411_958039263622046936_o.jpg?resize=350%2C200 1x, https:\/\/i0.wp.com\/www.grieta.org.mx\/wp-content\/uploads\/2018\/03\/14524434_1106112876131411_958039263622046936_o.jpg?resize=525%2C300 1.5x, https:\/\/i0.wp.com\/www.grieta.org.mx\/wp-content\/uploads\/2018\/03\/14524434_1106112876131411_958039263622046936_o.jpg?resize=700%2C400 2x"},"classes":[]}],"_links":{"self":[{"href":"http:\/\/www.grieta.org.mx\/index.php\/wp-json\/wp\/v2\/pages\/8561","targetHints":{"allow":["GET"]}}],"collection":[{"href":"http:\/\/www.grieta.org.mx\/index.php\/wp-json\/wp\/v2\/pages"}],"about":[{"href":"http:\/\/www.grieta.org.mx\/index.php\/wp-json\/wp\/v2\/types\/page"}],"author":[{"embeddable":true,"href":"http:\/\/www.grieta.org.mx\/index.php\/wp-json\/wp\/v2\/users\/2"}],"replies":[{"embeddable":true,"href":"http:\/\/www.grieta.org.mx\/index.php\/wp-json\/wp\/v2\/comments?post=8561"}],"version-history":[{"count":1,"href":"http:\/\/www.grieta.org.mx\/index.php\/wp-json\/wp\/v2\/pages\/8561\/revisions"}],"predecessor-version":[{"id":13931,"href":"http:\/\/www.grieta.org.mx\/index.php\/wp-json\/wp\/v2\/pages\/8561\/revisions\/13931"}],"wp:featuredmedia":[{"embeddable":true,"href":"http:\/\/www.grieta.org.mx\/index.php\/wp-json\/wp\/v2\/media\/21928"}],"wp:attachment":[{"href":"http:\/\/www.grieta.org.mx\/index.php\/wp-json\/wp\/v2\/media?parent=8561"}],"curies":[{"name":"wp","href":"https:\/\/api.w.org\/{rel}","templated":true}]}}