{"id":4824,"date":"2016-03-25T19:27:12","date_gmt":"2016-03-25T19:27:12","guid":{"rendered":"http:\/\/50.22.11.12\/~grietaor\/?page_id=4824"},"modified":"2016-06-09T23:56:53","modified_gmt":"2016-06-09T23:56:53","slug":"violencia-contra-periodistas","status":"publish","type":"page","link":"http:\/\/www.grieta.org.mx\/index.php\/violencia-contra-periodistas\/","title":{"rendered":"Violencia contra periodistas"},"content":{"rendered":"<p>Seg\u00fan el Estudio Especial sobre la Situaci\u00f3n de las Investigaciones sobre el Asesinato de Periodistas publicado en 2008, entre 1995 y 2005 habr\u00edan sido asesinados 157 periodistas, trabajadores y trabajadoras de medios de comunicaci\u00f3n en 19 Estados Miembros de la OEA por razones posiblemente relacionadas con el ejercicio del periodismo. La Relator\u00eda Especial constat\u00f3 que, en su gran mayor\u00eda, las investigaciones en dichos casos no habr\u00edan sido completas, que s\u00f3lo en pocos casos se habr\u00eda logrado identificar los autores materiales y que en casi la totalidad de los casos no habr\u00edan sido identificados los autores intelectuales. En tan s\u00f3lo 32 de los 157 casos se habr\u00eda dictado una condena de cualquier tipo y solamente en 4 casos, alguno de los autores intelectuales habr\u00eda sido condenado. La informaci\u00f3n recabada por la Relator\u00eda Especial indica que esta situaci\u00f3n de violencia e impunidad se ha agudizado en los \u00faltimos a\u00f1os en algunos lugares de la regi\u00f3n. Seg\u00fan las cifras reportadas, entre el 1 de enero de 2010 y el 1 de noviembre de 2013, al menos 78 periodistas, trabajadores y trabajadoras de medios habr\u00edan sido asesinados; decenas m\u00e1s habr\u00edan sido desaparecidos o desplazados de sus lugares de trabajo y otros cientos recibieron amenazas o fueron hostigados o atacados como respuesta a sus actividades profesionales. Para el caso particular de M\u00e9xico, esta misma comisi\u00f3n reconoce que en la \u00faltima d\u00e9cada han aumentado de manera alarmante las cifras. Entre 2006 y 2013, habr\u00edan sido asesinados en el pa\u00eds 55 periodistas.<\/p>\n<p><img decoding=\"async\" data-attachment-id=\"4830\" data-permalink=\"http:\/\/www.grieta.org.mx\/index.php\/violencia-contra-periodistas\/captura-de-pantalla-2015-03-27-a-las-22-02-48\/\" data-orig-file=\"http:\/\/www.grieta.org.mx\/wp-content\/uploads\/2016\/03\/Captura-de-pantalla-2015-03-27-a-las-22.02.48.png\" data-orig-size=\"1110,1192\" data-comments-opened=\"0\" data-image-meta=\"{&quot;aperture&quot;:&quot;0&quot;,&quot;credit&quot;:&quot;&quot;,&quot;camera&quot;:&quot;&quot;,&quot;caption&quot;:&quot;&quot;,&quot;created_timestamp&quot;:&quot;0&quot;,&quot;copyright&quot;:&quot;&quot;,&quot;focal_length&quot;:&quot;0&quot;,&quot;iso&quot;:&quot;0&quot;,&quot;shutter_speed&quot;:&quot;0&quot;,&quot;title&quot;:&quot;&quot;,&quot;orientation&quot;:&quot;0&quot;}\" data-image-title=\"Captura-de-pantalla-2015-03-27-a-las-22.02.48\" data-image-description=\"\" data-image-caption=\"\" data-medium-file=\"http:\/\/www.grieta.org.mx\/wp-content\/uploads\/2016\/03\/Captura-de-pantalla-2015-03-27-a-las-22.02.48-279x300.png\" data-large-file=\"http:\/\/www.grieta.org.mx\/wp-content\/uploads\/2016\/03\/Captura-de-pantalla-2015-03-27-a-las-22.02.48-954x1024.png\" src=\"http:\/\/grieta.org.mx\/wp-content\/uploads\/2016\/03\/Captura-de-pantalla-2015-03-27-a-las-22.02.48.png\" alt=\"Captura-de-pantalla-2015-03-27-a-las-22.02.48\" width=\"100%\" class=\"aligncenter size-full wp-image-4830\" srcset=\"http:\/\/www.grieta.org.mx\/wp-content\/uploads\/2016\/03\/Captura-de-pantalla-2015-03-27-a-las-22.02.48.png 1110w, http:\/\/www.grieta.org.mx\/wp-content\/uploads\/2016\/03\/Captura-de-pantalla-2015-03-27-a-las-22.02.48-279x300.png 279w, http:\/\/www.grieta.org.mx\/wp-content\/uploads\/2016\/03\/Captura-de-pantalla-2015-03-27-a-las-22.02.48-768x825.png 768w, http:\/\/www.grieta.org.mx\/wp-content\/uploads\/2016\/03\/Captura-de-pantalla-2015-03-27-a-las-22.02.48-954x1024.png 954w\" sizes=\"(max-width: 1110px) 100vw, 1110px\" \/><\/p>\n<p>La organizaci\u00f3n Article 19, en conjunto con la organizaci\u00f3n Nuestra Aparente Rendici\u00f3n present\u00f3 en 2012 un documental titulado \u201cSilencio Forzado\u201d, donde recaba testimonios y datos que muestran que en el periodo de 2009 a 2011 se registraron 565 agresiones contra periodistas en M\u00e9xico, siendo el estado de Veracruz donde se presentaron el mayor n\u00famero de agresiones (72), seguidos por Chihuahua con 60, Oaxaca 52 casos, Coahuila con 46 y Distrito Federal con 41 registros; presentando como a principales presuntos agresores a funcionarios p\u00fablicos, seguidos por el crimen organizado, lo que da pauta a reforzar los testimonios de varios periodistas donde denuncian que el Estado Mexicano tiene responsabilidad en estos altercados, ya sea por causa directa u omisi\u00f3n.<\/p>\n<p><img decoding=\"async\" data-attachment-id=\"4828\" data-permalink=\"http:\/\/www.grieta.org.mx\/index.php\/violencia-contra-periodistas\/captura-de-pantalla-2015-03-27-a-las-18-32-53\/\" data-orig-file=\"http:\/\/www.grieta.org.mx\/wp-content\/uploads\/2016\/03\/Captura-de-pantalla-2015-03-27-a-las-18.32.53.png\" data-orig-size=\"1442,586\" data-comments-opened=\"0\" data-image-meta=\"{&quot;aperture&quot;:&quot;0&quot;,&quot;credit&quot;:&quot;&quot;,&quot;camera&quot;:&quot;&quot;,&quot;caption&quot;:&quot;&quot;,&quot;created_timestamp&quot;:&quot;0&quot;,&quot;copyright&quot;:&quot;&quot;,&quot;focal_length&quot;:&quot;0&quot;,&quot;iso&quot;:&quot;0&quot;,&quot;shutter_speed&quot;:&quot;0&quot;,&quot;title&quot;:&quot;&quot;,&quot;orientation&quot;:&quot;0&quot;}\" data-image-title=\"Captura-de-pantalla-2015-03-27-a-las-18.32.53\" data-image-description=\"\" data-image-caption=\"\" data-medium-file=\"http:\/\/www.grieta.org.mx\/wp-content\/uploads\/2016\/03\/Captura-de-pantalla-2015-03-27-a-las-18.32.53-300x122.png\" data-large-file=\"http:\/\/www.grieta.org.mx\/wp-content\/uploads\/2016\/03\/Captura-de-pantalla-2015-03-27-a-las-18.32.53-1024x416.png\" src=\"http:\/\/grieta.org.mx\/wp-content\/uploads\/2016\/03\/Captura-de-pantalla-2015-03-27-a-las-18.32.53.png\" alt=\"Captura-de-pantalla-2015-03-27-a-las-18.32.53\" width=\"100%\"  class=\"aligncenter size-full wp-image-4828\" srcset=\"http:\/\/www.grieta.org.mx\/wp-content\/uploads\/2016\/03\/Captura-de-pantalla-2015-03-27-a-las-18.32.53.png 1442w, http:\/\/www.grieta.org.mx\/wp-content\/uploads\/2016\/03\/Captura-de-pantalla-2015-03-27-a-las-18.32.53-300x122.png 300w, http:\/\/www.grieta.org.mx\/wp-content\/uploads\/2016\/03\/Captura-de-pantalla-2015-03-27-a-las-18.32.53-768x312.png 768w, http:\/\/www.grieta.org.mx\/wp-content\/uploads\/2016\/03\/Captura-de-pantalla-2015-03-27-a-las-18.32.53-1024x416.png 1024w\" sizes=\"(max-width: 1442px) 100vw, 1442px\" \/><\/p>\n<p>En el informe de Article 19 actualizado para 2014 denominado \u201cEstado de censura\u201d,  se revela que cada 26.7 horas se agrede a un periodista en el pa\u00eds. Es decir, en la actual administraci\u00f3n de Enrique Pe\u00f1a Nieto las agresiones contra la prensa casi se duplicaron, comparado con la de Felipe Calder\u00f3n, en la que se agred\u00eda a un comunicador cada 48.1 horas. Esto se traduce en que durante el sexenio anterior se documentaron 1,092 agresiones con un promedio anual de 182 ataques. En los primeros dos a\u00f1os de Pe\u00f1a Nieto se registraron 656 agresiones \u2013330 en 2013 y 326 en 2014\u2013 con un promedio de 328 ataques al a\u00f1o. El Distrito Federal es donde m\u00e1s se agredi\u00f3 a la prensa, con 85 casos registrados. Le siguen Quintana Roo con 42 agresiones y Veracruz con 41.<\/p>\n<p><img decoding=\"async\" data-attachment-id=\"4829\" data-permalink=\"http:\/\/www.grieta.org.mx\/index.php\/violencia-contra-periodistas\/captura-de-pantalla-2015-03-27-a-las-18-32-20\/\" data-orig-file=\"http:\/\/www.grieta.org.mx\/wp-content\/uploads\/2016\/03\/Captura-de-pantalla-2015-03-27-a-las-18.32.20.png\" data-orig-size=\"1406,792\" data-comments-opened=\"0\" data-image-meta=\"{&quot;aperture&quot;:&quot;0&quot;,&quot;credit&quot;:&quot;&quot;,&quot;camera&quot;:&quot;&quot;,&quot;caption&quot;:&quot;&quot;,&quot;created_timestamp&quot;:&quot;0&quot;,&quot;copyright&quot;:&quot;&quot;,&quot;focal_length&quot;:&quot;0&quot;,&quot;iso&quot;:&quot;0&quot;,&quot;shutter_speed&quot;:&quot;0&quot;,&quot;title&quot;:&quot;&quot;,&quot;orientation&quot;:&quot;0&quot;}\" data-image-title=\"Captura-de-pantalla-2015-03-27-a-las-18.32.20\" data-image-description=\"\" data-image-caption=\"\" data-medium-file=\"http:\/\/www.grieta.org.mx\/wp-content\/uploads\/2016\/03\/Captura-de-pantalla-2015-03-27-a-las-18.32.20-300x169.png\" data-large-file=\"http:\/\/www.grieta.org.mx\/wp-content\/uploads\/2016\/03\/Captura-de-pantalla-2015-03-27-a-las-18.32.20-1024x577.png\" src=\"http:\/\/grieta.org.mx\/wp-content\/uploads\/2016\/03\/Captura-de-pantalla-2015-03-27-a-las-18.32.20.png\" alt=\"Captura-de-pantalla-2015-03-27-a-las-18.32.20\" width=\"100%\"  class=\"aligncenter size-full wp-image-4829\" srcset=\"http:\/\/www.grieta.org.mx\/wp-content\/uploads\/2016\/03\/Captura-de-pantalla-2015-03-27-a-las-18.32.20.png 1406w, http:\/\/www.grieta.org.mx\/wp-content\/uploads\/2016\/03\/Captura-de-pantalla-2015-03-27-a-las-18.32.20-300x169.png 300w, http:\/\/www.grieta.org.mx\/wp-content\/uploads\/2016\/03\/Captura-de-pantalla-2015-03-27-a-las-18.32.20-768x433.png 768w, http:\/\/www.grieta.org.mx\/wp-content\/uploads\/2016\/03\/Captura-de-pantalla-2015-03-27-a-las-18.32.20-1024x577.png 1024w\" sizes=\"(max-width: 1406px) 100vw, 1406px\" \/><\/p>\n<p>En este mismo informe, se menciona que \u201clas fallas en el sistema de justicia se mantiene, en especial cuando se trata de \u00f3rganos estatales como la Fiscal\u00eda Especial para la Atenci\u00f3n de Delitos cometidos en contra de la Libertad de Expresi\u00f3n (FEADLE), el Mecanismo de protecci\u00f3n para personas defensoras de derechos humanos y periodistas de la Segob y la Comisi\u00f3n Nacional de Derechos Humanos (CNDH), que no s\u00f3lo han sido ineficientes sino que siguen el discurso oficial\u201d.<\/p>\n<p>Seg\u00fan la Corte Interamericana de Derechos Humanos (CIDH) , \u201cel ejercicio period\u00edstico s\u00f3lo puede efectuarse libremente cuando las personas que lo realizan no son v\u00edctimas de amenazas ni de agresiones f\u00edsicas, ps\u00edquicas o morales u otros actos de hostigamiento\u201d, por lo que esta misma organizaci\u00f3n recalca que el asesinato de periodistas y miembros de medios de comunicaci\u00f3n constituye la forma de censura m\u00e1s extrema. Actualmente, la organizaci\u00f3n internacional \u201cReporteros sin fronteras\u201d, coloca a M\u00e9xico como el tercer pa\u00eds m\u00e1s peligroso del Mundo para ejercer la profesi\u00f3n de periodista, despu\u00e9s de Irak y Siria.<\/p>\n<p><img decoding=\"async\" data-attachment-id=\"4827\" data-permalink=\"http:\/\/www.grieta.org.mx\/index.php\/violencia-contra-periodistas\/captura-de-pantalla-2015-03-27-a-las-22-02-23\/\" data-orig-file=\"http:\/\/www.grieta.org.mx\/wp-content\/uploads\/2016\/03\/Captura-de-pantalla-2015-03-27-a-las-22.02.23.png\" data-orig-size=\"1286,1220\" data-comments-opened=\"0\" data-image-meta=\"{&quot;aperture&quot;:&quot;0&quot;,&quot;credit&quot;:&quot;&quot;,&quot;camera&quot;:&quot;&quot;,&quot;caption&quot;:&quot;&quot;,&quot;created_timestamp&quot;:&quot;0&quot;,&quot;copyright&quot;:&quot;&quot;,&quot;focal_length&quot;:&quot;0&quot;,&quot;iso&quot;:&quot;0&quot;,&quot;shutter_speed&quot;:&quot;0&quot;,&quot;title&quot;:&quot;&quot;,&quot;orientation&quot;:&quot;0&quot;}\" data-image-title=\"Captura-de-pantalla-2015-03-27-a-las-22.02.23\" data-image-description=\"\" data-image-caption=\"\" data-medium-file=\"http:\/\/www.grieta.org.mx\/wp-content\/uploads\/2016\/03\/Captura-de-pantalla-2015-03-27-a-las-22.02.23-300x285.png\" data-large-file=\"http:\/\/www.grieta.org.mx\/wp-content\/uploads\/2016\/03\/Captura-de-pantalla-2015-03-27-a-las-22.02.23-1024x971.png\" src=\"http:\/\/grieta.org.mx\/wp-content\/uploads\/2016\/03\/Captura-de-pantalla-2015-03-27-a-las-22.02.23.png\" alt=\"Captura-de-pantalla-2015-03-27-a-las-22.02.23\" width=\"100%\" class=\"aligncenter size-full wp-image-4827\" srcset=\"http:\/\/www.grieta.org.mx\/wp-content\/uploads\/2016\/03\/Captura-de-pantalla-2015-03-27-a-las-22.02.23.png 1286w, http:\/\/www.grieta.org.mx\/wp-content\/uploads\/2016\/03\/Captura-de-pantalla-2015-03-27-a-las-22.02.23-300x285.png 300w, http:\/\/www.grieta.org.mx\/wp-content\/uploads\/2016\/03\/Captura-de-pantalla-2015-03-27-a-las-22.02.23-768x729.png 768w, http:\/\/www.grieta.org.mx\/wp-content\/uploads\/2016\/03\/Captura-de-pantalla-2015-03-27-a-las-22.02.23-1024x971.png 1024w\" sizes=\"(max-width: 1286px) 100vw, 1286px\" \/><\/p>\n<p><small><br \/>\nCon informaci\u00f3n de:<\/p>\n<p><a href=\"http:\/\/www.oas.org\/es\/cidh\/expresion\/docs\/informes\/Cap_III_informe_ejecutivo_ESP.pdf\" target=\"_blank\">http:\/\/www.oas.org\/es\/cidh\/expresion\/docs\/informes\/Cap_III_informe_ejecutivo_ESP.pdf<\/a><br \/>\n<a href=\"http:\/\/www.cidh.oas.org\/relatoria\/section\/Asesinato%20de%20Periodsitas.pdf\" target=\"_blank\">http:\/\/www.cidh.oas.org\/relatoria\/section\/Asesinato%20de%20Periodsitas.pdf<\/a><br \/>\n<a href=\"http:\/\/vimeo.com\/38841450\" target=\"_blank\">http:\/\/vimeo.com\/38841450<\/a><br \/>\n<a href=\"http:\/\/www.scribd.com\/doc\/259296791\/Estado-de-censura-Informe-2014-sobre-violencia-contra-la-prensa\" target=\"_blank\">http:\/\/www.scribd.com\/doc\/259296791\/Estado-de-censura-Informe-2014-sobre-violencia-contra-la-prensa<\/a><br \/>\n<a href=\"http:\/\/polemon.mx\/violencia-feroz-contra-periodistas-en-mexico-articulo-19\/\" target=\"_blank\">http:\/\/polemon.mx\/violencia-feroz-contra-periodistas-en-mexico-articulo-19\/<\/a><br \/>\n<a href=\"http:\/\/www.article19.org\/resources.php\/resource\/37906\/es\/m%EF%BF%BD%EF%BF%BDxico:-article-19-lanza-informe-anual-%E2%80%9Cestado-de-censura%E2%80%9D\" target=\"_blank\">http:\/\/www.article19.org\/resources.php\/resource\/37906\/es\/m%EF%BF%BD%EF%BF%BDxico:-article-19-lanza-informe-anual-%E2%80%9Cestado-de-censura%E2%80%9D<\/a><br \/>\n<\/small><\/p>\n<hr \/>\n","protected":false},"excerpt":{"rendered":"<p>Seg\u00fan el Estudio Especial sobre la Situaci\u00f3n de las Investigaciones sobre el Asesinato de Periodistas publicado en 2008, entre 1995 y 2005 habr\u00edan sido asesinados 157 periodistas, trabajadores y trabajadoras &hellip; <a href=\"http:\/\/www.grieta.org.mx\/index.php\/violencia-contra-periodistas\/\" class=\"more-link\">Leer m\u00e1s<\/a><\/p>\n","protected":false},"author":1,"featured_media":21928,"parent":0,"menu_order":0,"comment_status":"closed","ping_status":"closed","template":"viol_periodistas_page.php","meta":{"ngg_post_thumbnail":0,"footnotes":""},"class_list":["post-4824","page","type-page","status-publish","has-post-thumbnail","hentry","entry"],"jetpack_sharing_enabled":true,"jetpack_shortlink":"https:\/\/wp.me\/P7ZJR4-1fO","jetpack_likes_enabled":false,"jetpack-related-posts":[{"id":4820,"url":"http:\/\/www.grieta.org.mx\/index.php\/desaparecidos\/","url_meta":{"origin":4824,"position":0},"title":"Desaparecidos","author":"Admin","date":"25 marzo, 2016","format":false,"excerpt":"Seg\u00fan la ONU se habla de desaparici\u00f3n forzada siempre que: \u00abse arreste, detenga o traslade contra su voluntad a las personas, o que \u00e9stas resulten privadas de su libertad de alguna otra forma por agentes gubernamentales de cualquier sector o nivel, por grupos organizados o por particulares que act\u00faan en\u2026","rel":"","context":"Entrada similar ","block_context":{"text":"Entrada similar ","link":""},"img":{"alt_text":"","src":"https:\/\/i0.wp.com\/www.grieta.org.mx\/wp-content\/uploads\/2020\/05\/desaparecidos-archivos.jpg?resize=350%2C200","width":350,"height":200,"srcset":"https:\/\/i0.wp.com\/www.grieta.org.mx\/wp-content\/uploads\/2020\/05\/desaparecidos-archivos.jpg?resize=350%2C200 1x, https:\/\/i0.wp.com\/www.grieta.org.mx\/wp-content\/uploads\/2020\/05\/desaparecidos-archivos.jpg?resize=525%2C300 1.5x, https:\/\/i0.wp.com\/www.grieta.org.mx\/wp-content\/uploads\/2020\/05\/desaparecidos-archivos.jpg?resize=700%2C400 2x"},"classes":[]},{"id":4811,"url":"http:\/\/www.grieta.org.mx\/index.php\/migrantes\/","url_meta":{"origin":4824,"position":1},"title":"Migrantes","author":"Admin","date":"25 marzo, 2016","format":false,"excerpt":"Desde hace m\u00e1s de un siglo M\u00e9xico se ha caracterizado por ser un exportador de mano de obra a Estados Unidos: 98 por ciento de los mexicanos que viven en el extranjero est\u00e1n en ese pa\u00eds. M\u00e9xico tiene 11 millones de ciudadanos fuera de sus fronteras, lo que representa poco\u2026","rel":"","context":"Entrada similar ","block_context":{"text":"Entrada similar ","link":""},"img":{"alt_text":"","src":"https:\/\/i0.wp.com\/www.grieta.org.mx\/wp-content\/uploads\/2018\/03\/14524434_1106112876131411_958039263622046936_o.jpg?resize=350%2C200","width":350,"height":200,"srcset":"https:\/\/i0.wp.com\/www.grieta.org.mx\/wp-content\/uploads\/2018\/03\/14524434_1106112876131411_958039263622046936_o.jpg?resize=350%2C200 1x, https:\/\/i0.wp.com\/www.grieta.org.mx\/wp-content\/uploads\/2018\/03\/14524434_1106112876131411_958039263622046936_o.jpg?resize=525%2C300 1.5x, https:\/\/i0.wp.com\/www.grieta.org.mx\/wp-content\/uploads\/2018\/03\/14524434_1106112876131411_958039263622046936_o.jpg?resize=700%2C400 2x"},"classes":[]},{"id":4767,"url":"http:\/\/www.grieta.org.mx\/index.php\/feminicidios\/","url_meta":{"origin":4824,"position":2},"title":"Feminicidios","author":"Admin","date":"25 marzo, 2016","format":false,"excerpt":"El feminicidio se refiere, en t\u00e9rminos generales, a los asesinatos de mujeres por razones asociadas a su g\u00e9nero. No toda violencia que ocasiona la muerte de una mujer puede ser considerada como feminicidio, en aquellos casos en los que el g\u00e9nero de la v\u00edctima es irrelevante para la persona que\u2026","rel":"","context":"Entrada similar ","block_context":{"text":"Entrada similar ","link":""},"img":{"alt_text":"","src":"https:\/\/i0.wp.com\/www.grieta.org.mx\/wp-content\/uploads\/2021\/03\/pdp_memorialfeminicidios_palacionacional_8m_mariaruiz01.jpg?resize=350%2C200","width":350,"height":200,"srcset":"https:\/\/i0.wp.com\/www.grieta.org.mx\/wp-content\/uploads\/2021\/03\/pdp_memorialfeminicidios_palacionacional_8m_mariaruiz01.jpg?resize=350%2C200 1x, https:\/\/i0.wp.com\/www.grieta.org.mx\/wp-content\/uploads\/2021\/03\/pdp_memorialfeminicidios_palacionacional_8m_mariaruiz01.jpg?resize=525%2C300 1.5x, https:\/\/i0.wp.com\/www.grieta.org.mx\/wp-content\/uploads\/2021\/03\/pdp_memorialfeminicidios_palacionacional_8m_mariaruiz01.jpg?resize=700%2C400 2x, https:\/\/i0.wp.com\/www.grieta.org.mx\/wp-content\/uploads\/2021\/03\/pdp_memorialfeminicidios_palacionacional_8m_mariaruiz01.jpg?resize=1050%2C600 3x"},"classes":[]},{"id":12119,"url":"http:\/\/www.grieta.org.mx\/index.php\/corredores-industriales\/","url_meta":{"origin":4824,"position":3},"title":"Corredores industriales","author":"Admin","date":"11 mayo, 2016","format":false,"excerpt":"Los corredores industriales son regiones industriales dedicadas fundamentalmente a la producci\u00f3n para la exportaci\u00f3n. Las empresas que operan son en su mayor\u00eda extranjeras, no pagan impuestos y utilizan el territorio mexicano como una plataforma de producci\u00f3n y exportaci\u00f3n por las garant\u00edas que el estado les ofrece de acceso a recursos\u2026","rel":"","context":"Entrada similar ","block_context":{"text":"Entrada similar ","link":""},"img":{"alt_text":"","src":"https:\/\/i0.wp.com\/www.grieta.org.mx\/wp-content\/uploads\/2018\/03\/14524434_1106112876131411_958039263622046936_o.jpg?resize=350%2C200","width":350,"height":200,"srcset":"https:\/\/i0.wp.com\/www.grieta.org.mx\/wp-content\/uploads\/2018\/03\/14524434_1106112876131411_958039263622046936_o.jpg?resize=350%2C200 1x, https:\/\/i0.wp.com\/www.grieta.org.mx\/wp-content\/uploads\/2018\/03\/14524434_1106112876131411_958039263622046936_o.jpg?resize=525%2C300 1.5x, https:\/\/i0.wp.com\/www.grieta.org.mx\/wp-content\/uploads\/2018\/03\/14524434_1106112876131411_958039263622046936_o.jpg?resize=700%2C400 2x"},"classes":[]},{"id":13443,"url":"http:\/\/www.grieta.org.mx\/index.php\/comunicaciones-y-transportes\/nuevo-aeropuerto-de-la-ciudad-de-mexico-mexico\/","url_meta":{"origin":4824,"position":4},"title":"Nuevo Aeropuerto de la Ciudad de M\u00e9xico (M\u00e9xico)","author":"grieta","date":"2 junio, 2016","format":false,"excerpt":"En septiembre de 2014 el gobierno federal anunci\u00f3 la construcci\u00f3n de un Nuevo Aeropuerto de la Ciudad de M\u00e9xico (?NAICM?) en la zona del antiguo lago de Texcoco, con un costo estimado de 169 mil millones de pesos, convirti\u00e9ndola en la obra de infraestructura m\u00e1s grande del pa\u00eds de las\u2026","rel":"","context":"Entrada similar ","block_context":{"text":"Entrada similar ","link":""},"img":{"alt_text":"","src":"https:\/\/i0.wp.com\/www.grieta.org.mx\/wp-content\/uploads\/2018\/03\/14524434_1106112876131411_958039263622046936_o.jpg?resize=350%2C200","width":350,"height":200,"srcset":"https:\/\/i0.wp.com\/www.grieta.org.mx\/wp-content\/uploads\/2018\/03\/14524434_1106112876131411_958039263622046936_o.jpg?resize=350%2C200 1x, https:\/\/i0.wp.com\/www.grieta.org.mx\/wp-content\/uploads\/2018\/03\/14524434_1106112876131411_958039263622046936_o.jpg?resize=525%2C300 1.5x, https:\/\/i0.wp.com\/www.grieta.org.mx\/wp-content\/uploads\/2018\/03\/14524434_1106112876131411_958039263622046936_o.jpg?resize=700%2C400 2x"},"classes":[]},{"id":6940,"url":"http:\/\/www.grieta.org.mx\/index.php\/areas-naturales-protegidas\/","url_meta":{"origin":4824,"position":5},"title":"\u00c1reas Naturales Protegidas","author":"grieta","date":"29 marzo, 2016","format":false,"excerpt":"Las \u00c1reas Naturales Protegidas (ANP) son porciones terrestres o acu\u00e1ticas del territorio nacional representativas de los diversos ecosistemas, en donde el ambiente original no ha sido esencialmente alterado y que producen beneficios ecol\u00f3gicos. \u00c9stas se crean mediante un decreto presidencial o a trav\u00e9s de la certificaci\u00f3n de un \u00e1rea cuyos\u2026","rel":"","context":"Entrada similar ","block_context":{"text":"Entrada similar ","link":""},"img":{"alt_text":"","src":"https:\/\/i0.wp.com\/www.grieta.org.mx\/wp-content\/uploads\/2018\/03\/14524434_1106112876131411_958039263622046936_o.jpg?resize=350%2C200","width":350,"height":200,"srcset":"https:\/\/i0.wp.com\/www.grieta.org.mx\/wp-content\/uploads\/2018\/03\/14524434_1106112876131411_958039263622046936_o.jpg?resize=350%2C200 1x, https:\/\/i0.wp.com\/www.grieta.org.mx\/wp-content\/uploads\/2018\/03\/14524434_1106112876131411_958039263622046936_o.jpg?resize=525%2C300 1.5x, https:\/\/i0.wp.com\/www.grieta.org.mx\/wp-content\/uploads\/2018\/03\/14524434_1106112876131411_958039263622046936_o.jpg?resize=700%2C400 2x"},"classes":[]}],"_links":{"self":[{"href":"http:\/\/www.grieta.org.mx\/index.php\/wp-json\/wp\/v2\/pages\/4824","targetHints":{"allow":["GET"]}}],"collection":[{"href":"http:\/\/www.grieta.org.mx\/index.php\/wp-json\/wp\/v2\/pages"}],"about":[{"href":"http:\/\/www.grieta.org.mx\/index.php\/wp-json\/wp\/v2\/types\/page"}],"author":[{"embeddable":true,"href":"http:\/\/www.grieta.org.mx\/index.php\/wp-json\/wp\/v2\/users\/1"}],"replies":[{"embeddable":true,"href":"http:\/\/www.grieta.org.mx\/index.php\/wp-json\/wp\/v2\/comments?post=4824"}],"version-history":[{"count":1,"href":"http:\/\/www.grieta.org.mx\/index.php\/wp-json\/wp\/v2\/pages\/4824\/revisions"}],"predecessor-version":[{"id":13907,"href":"http:\/\/www.grieta.org.mx\/index.php\/wp-json\/wp\/v2\/pages\/4824\/revisions\/13907"}],"wp:featuredmedia":[{"embeddable":true,"href":"http:\/\/www.grieta.org.mx\/index.php\/wp-json\/wp\/v2\/media\/21928"}],"wp:attachment":[{"href":"http:\/\/www.grieta.org.mx\/index.php\/wp-json\/wp\/v2\/media?parent=4824"}],"curies":[{"name":"wp","href":"https:\/\/api.w.org\/{rel}","templated":true}]}}