{"id":4797,"date":"2016-03-25T19:03:46","date_gmt":"2016-03-25T19:03:46","guid":{"rendered":"http:\/\/50.22.11.12\/~grietaor\/?page_id=4797"},"modified":"2016-06-10T00:05:21","modified_gmt":"2016-06-10T00:05:21","slug":"jornaleros","status":"publish","type":"page","link":"http:\/\/www.grieta.org.mx\/index.php\/jornaleros\/","title":{"rendered":"Jornaleros"},"content":{"rendered":"<p>Los jornaleros agr\u00edcolas son trabajadores temporales del campo que no poseen tierras y que se encargan de la siembra, la cosecha, la recolecci\u00f3n y la preparaci\u00f3n de productos del campo en propiedades ajenas. La contrataci\u00f3n de estos trabajadores est\u00e1 determianda por la estacionalidad en la actividad agr\u00edcola y los factores meteorol\u00f3gicos, imposibles de controlar por el hombre. Durante dichos periodos laborales, el jornalero se emplea todos los d\u00edas, de lunes a s\u00e1bado y en la \u00e9poca pico los siete d\u00edas de la semana en jornadas que oscilan entre nueve y quince horas.<\/p>\n<p>Uno de los factores que influyen y determinan las condiciones de precariedad laboral de estas personas es la percepci\u00f3n de que las labores del campo no requieren de habilidades espec\u00edficas ni de conocimientos t\u00e9cnicos y que el trabajo agr\u00edcola que realizan los jornaleros s\u00f3lo requiere de aplicaci\u00f3n de fuerza f\u00edsica y no de conocimientos y capacidades espec\u00edficas, por lo que dicha actividad la podr\u00eda realizar cualquier persona sin calificaci\u00f3n alguna.<\/p>\n<p>En el empleo formal, la jornada de trabajo supone entre 40 y 48 horas a la semana, mientras que entre los jornaleros, la media semanal para los hombres es de 57.2 horas y para las mujeres de 65.4 horas. Los jornaleros agr\u00edcolas carecen de prestaciones sociales por parte de los productores agr\u00edcolas que los contratan, debido a que los contratos se hacen de manera verbal y a trav\u00e9s de un intermediario que se deslinda y encubre la relaci\u00f3n del asalariado con el capital. La Red de Jornaleros Internos se\u00f1ala que estos trabajadores laboran 15 horas al d\u00eda en promedio, casi el doble de la jornada permitida, y ocho de cada 10 no pueden acudir al m\u00e9dico en caso de enfermedades y accidentes, por no tener prestaciones ni seguridad social.<\/p>\n<p>En M\u00e9xico, la problem\u00e1tica de abusos y explotaci\u00f3n de los jornaleros agr\u00edcolas existe en por lo menos 19 estados del pa\u00eds: Baja California, Baja California Sur, Chihuahua, Chiapas, Guanajuato, Zacatecas, Sinaloa, Sonora, Jalisco, Nayarit, Colima, San Luis Potos\u00ed, Quer\u00e9taro, Veracruz, Morelos, Hidalgo, Michoac\u00e1n, Puebla y Estado de M\u00e9xico. Seg\u00fan datos de la Encuesta Nacional de Jornaleros Agr\u00edcolas 2009, en el pa\u00eds existen al menos 2 millones 40 mil 414 jornaleros agr\u00edcolas; 40% de ellos son ind\u00edgenas, y 762 mil 265 son migrantes. Junto con sus familias, los jornaleros representan una poblaci\u00f3n total de 9 millones 206 mil 429 personas que representa el 7.6% de la poblaci\u00f3n total del pa\u00eds.<\/p>\n<p>Seg\u00fan la misma encuesta, la edad promedio de los jornaleros, era de 36 a\u00f1os, aunque el 43.6% se concentraba entre los 18 a 45 a\u00f1os. Adem\u00e1s, 90% carece de un contrato formal; 48.3% tiene ingresos de tres salarios m\u00ednimos; 37% ganan dos salarios m\u00ednimos y 72.3% gana por jornal o d\u00eda de trabajo, mientras que el 23.8% recibe su pago a destajo. El 60.9% trabaja seis d\u00edas a la semana y casi el 14%, lo que representa a uno de cada siete, trabaja todos los d\u00edas.<\/p>\n<p>Por su parte, el sondeo reporta que hace seis a\u00f1os hab\u00eda mil 352 unidades empleadoras de jornaleros agr\u00edcolas. Los cultivos en los que trabajaban eran de ca\u00f1a, tomate rojo, caf\u00e9, naranja y mango, manzana, calabacita, tomate verde, chile, mel\u00f3n, uva, durazno, pi\u00f1a, pl\u00e1tano y tabaco, siendo los que m\u00e1s empleaban a jornaleros el del tomate rojo (23 mil 305 jornaleros), la uva (13 mil 411) y la ca\u00f1a (8 mil 425).<\/p>\n<p>Finalmente, la encuesta oficial estimaba que para 2009 hab\u00eda al menos un mill\u00f3n 58 mil 63 ni\u00f1os y adolescentes trabajando en el sector agr\u00edcola y que por lo menos 400 mil de ellos recib\u00edan un pago por su trabajo. Asimismo refer\u00eda que el 39.1% de la poblaci\u00f3n jornalera agr\u00edcola era menor de 18 a\u00f1os.<\/p>\n<p><img loading=\"lazy\" decoding=\"async\" data-attachment-id=\"4799\" data-permalink=\"http:\/\/www.grieta.org.mx\/index.php\/jornaleros\/mapajornaleros\/\" data-orig-file=\"http:\/\/www.grieta.org.mx\/wp-content\/uploads\/2016\/03\/mapaJORNALEROS.jpg\" data-orig-size=\"550,1060\" data-comments-opened=\"0\" data-image-meta=\"{&quot;aperture&quot;:&quot;0&quot;,&quot;credit&quot;:&quot;IMAGEN012&quot;,&quot;camera&quot;:&quot;&quot;,&quot;caption&quot;:&quot;&quot;,&quot;created_timestamp&quot;:&quot;1429050467&quot;,&quot;copyright&quot;:&quot;&quot;,&quot;focal_length&quot;:&quot;0&quot;,&quot;iso&quot;:&quot;0&quot;,&quot;shutter_speed&quot;:&quot;0&quot;,&quot;title&quot;:&quot;&quot;,&quot;orientation&quot;:&quot;0&quot;}\" data-image-title=\"mapaJORNALEROS\" data-image-description=\"\" data-image-caption=\"\" data-medium-file=\"http:\/\/www.grieta.org.mx\/wp-content\/uploads\/2016\/03\/mapaJORNALEROS-156x300.jpg\" data-large-file=\"http:\/\/www.grieta.org.mx\/wp-content\/uploads\/2016\/03\/mapaJORNALEROS-531x1024.jpg\" src=\"http:\/\/grieta.org.mx\/wp-content\/uploads\/2016\/03\/mapaJORNALEROS.jpg\" alt=\"mapaJORNALEROS\" width=\"550\" height=\"1060\" class=\"aligncenter size-full wp-image-4799\" srcset=\"http:\/\/www.grieta.org.mx\/wp-content\/uploads\/2016\/03\/mapaJORNALEROS.jpg 550w, http:\/\/www.grieta.org.mx\/wp-content\/uploads\/2016\/03\/mapaJORNALEROS-156x300.jpg 156w, http:\/\/www.grieta.org.mx\/wp-content\/uploads\/2016\/03\/mapaJORNALEROS-531x1024.jpg 531w\" sizes=\"auto, (max-width: 550px) 100vw, 550px\" \/><br \/>\n<small><br \/>\nCon informaci\u00f3n de:<br \/>\n<a href=\"http:\/\/www.cipet.gob.mx\/jornaleros\/\" target=\"_blank\">http:\/\/www.cipet.gob.mx\/jornaleros\/<\/a><br \/>\n<a href=\"http:\/\/www.inegi.gob.mx\/prod_serv\/contenidos\/espanol\/bvinegi\/productos\/encuestas\/hogares\/enoe\/enoe2010\/ENOE_2010.pdf\" target=\"_blank\">http:\/\/www.inegi.gob.mx\/prod_serv\/contenidos\/espanol\/bvinegi\/productos\/encuestas\/hogares\/enoe\/enoe2010\/ENOE_2010.pdf<\/a><br \/>\n<a href=\"http:\/\/www.jornada.unam.mx\/2015\/04\/06\/politica\/016n1pol\" target=\"_blank\">http:\/\/www.jornada.unam.mx\/2015\/04\/06\/politica\/016n1pol<\/a><br \/>\n<\/small><\/p>\n<hr \/>\n<div class=\"margin25\"><\/div>\n","protected":false},"excerpt":{"rendered":"<p>Los jornaleros agr\u00edcolas son trabajadores temporales del campo que no poseen tierras y que se encargan de la siembra, la cosecha, la recolecci\u00f3n y la preparaci\u00f3n de productos del campo &hellip; <a href=\"http:\/\/www.grieta.org.mx\/index.php\/jornaleros\/\" class=\"more-link\">Leer m\u00e1s<\/a><\/p>\n","protected":false},"author":1,"featured_media":21928,"parent":0,"menu_order":0,"comment_status":"closed","ping_status":"closed","template":"jornaleros_page.php","meta":{"ngg_post_thumbnail":0,"footnotes":""},"class_list":["post-4797","page","type-page","status-publish","has-post-thumbnail","hentry","entry"],"jetpack_sharing_enabled":true,"jetpack_shortlink":"https:\/\/wp.me\/P7ZJR4-1fn","jetpack_likes_enabled":false,"jetpack-related-posts":[{"id":4811,"url":"http:\/\/www.grieta.org.mx\/index.php\/migrantes\/","url_meta":{"origin":4797,"position":0},"title":"Migrantes","author":"Admin","date":"25 marzo, 2016","format":false,"excerpt":"Desde hace m\u00e1s de un siglo M\u00e9xico se ha caracterizado por ser un exportador de mano de obra a Estados Unidos: 98 por ciento de los mexicanos que viven en el extranjero est\u00e1n en ese pa\u00eds. M\u00e9xico tiene 11 millones de ciudadanos fuera de sus fronteras, lo que representa poco\u2026","rel":"","context":"Entrada similar ","block_context":{"text":"Entrada similar ","link":""},"img":{"alt_text":"","src":"https:\/\/i0.wp.com\/www.grieta.org.mx\/wp-content\/uploads\/2018\/03\/14524434_1106112876131411_958039263622046936_o.jpg?resize=350%2C200","width":350,"height":200,"srcset":"https:\/\/i0.wp.com\/www.grieta.org.mx\/wp-content\/uploads\/2018\/03\/14524434_1106112876131411_958039263622046936_o.jpg?resize=350%2C200 1x, https:\/\/i0.wp.com\/www.grieta.org.mx\/wp-content\/uploads\/2018\/03\/14524434_1106112876131411_958039263622046936_o.jpg?resize=525%2C300 1.5x, https:\/\/i0.wp.com\/www.grieta.org.mx\/wp-content\/uploads\/2018\/03\/14524434_1106112876131411_958039263622046936_o.jpg?resize=700%2C400 2x"},"classes":[]},{"id":6928,"url":"http:\/\/www.grieta.org.mx\/index.php\/agroindustria\/","url_meta":{"origin":4797,"position":1},"title":"Agroindustria","author":"grieta","date":"27 marzo, 2016","format":false,"excerpt":"Seg\u00fan el Comit\u00e9 de Agricultura (COAG) de la FAO (Organizaci\u00f3n de las Naciones Unidas para la Alimentaci\u00f3n y la Agricultura) Agroindustria se refiere al establecimiento de empresas y cadenas de suministro para el desarrollo, transformaci\u00f3n y distribuci\u00f3n de productos e insumos espec\u00edficos en el sector agr\u00edcola. De manera general, incluye\u2026","rel":"","context":"Entrada similar ","block_context":{"text":"Entrada similar ","link":""},"img":{"alt_text":"","src":"https:\/\/i0.wp.com\/www.grieta.org.mx\/wp-content\/uploads\/2018\/03\/14524434_1106112876131411_958039263622046936_o.jpg?resize=350%2C200","width":350,"height":200,"srcset":"https:\/\/i0.wp.com\/www.grieta.org.mx\/wp-content\/uploads\/2018\/03\/14524434_1106112876131411_958039263622046936_o.jpg?resize=350%2C200 1x, https:\/\/i0.wp.com\/www.grieta.org.mx\/wp-content\/uploads\/2018\/03\/14524434_1106112876131411_958039263622046936_o.jpg?resize=525%2C300 1.5x, https:\/\/i0.wp.com\/www.grieta.org.mx\/wp-content\/uploads\/2018\/03\/14524434_1106112876131411_958039263622046936_o.jpg?resize=700%2C400 2x"},"classes":[]},{"id":12119,"url":"http:\/\/www.grieta.org.mx\/index.php\/corredores-industriales\/","url_meta":{"origin":4797,"position":2},"title":"Corredores industriales","author":"Admin","date":"11 mayo, 2016","format":false,"excerpt":"Los corredores industriales son regiones industriales dedicadas fundamentalmente a la producci\u00f3n para la exportaci\u00f3n. Las empresas que operan son en su mayor\u00eda extranjeras, no pagan impuestos y utilizan el territorio mexicano como una plataforma de producci\u00f3n y exportaci\u00f3n por las garant\u00edas que el estado les ofrece de acceso a recursos\u2026","rel":"","context":"Entrada similar ","block_context":{"text":"Entrada similar ","link":""},"img":{"alt_text":"","src":"https:\/\/i0.wp.com\/www.grieta.org.mx\/wp-content\/uploads\/2018\/03\/14524434_1106112876131411_958039263622046936_o.jpg?resize=350%2C200","width":350,"height":200,"srcset":"https:\/\/i0.wp.com\/www.grieta.org.mx\/wp-content\/uploads\/2018\/03\/14524434_1106112876131411_958039263622046936_o.jpg?resize=350%2C200 1x, https:\/\/i0.wp.com\/www.grieta.org.mx\/wp-content\/uploads\/2018\/03\/14524434_1106112876131411_958039263622046936_o.jpg?resize=525%2C300 1.5x, https:\/\/i0.wp.com\/www.grieta.org.mx\/wp-content\/uploads\/2018\/03\/14524434_1106112876131411_958039263622046936_o.jpg?resize=700%2C400 2x"},"classes":[]},{"id":8631,"url":"http:\/\/www.grieta.org.mx\/index.php\/proyectos-hidricos\/presa-la-maroma-slp\/","url_meta":{"origin":4797,"position":3},"title":"Presa La Maroma (SLP)","author":"grieta","date":"30 marzo, 2016","format":false,"excerpt":"El proyecto consiste en la construcci\u00f3n de una presa de almacenamiento de agua para uso domiciliario y agr\u00edcola que tendr\u00eda una capacidad aproximada de 3Mm3 y que aprovechar\u00eda los escurrimientos superficiales del r\u00edo Jord\u00e1n. El proyecto contempla adem\u00e1s la construcci\u00f3n de un acueducto de 30km de longitud, 0,12m de di\u00e1metro\u2026","rel":"","context":"Entrada similar ","block_context":{"text":"Entrada similar ","link":""},"img":{"alt_text":"","src":"https:\/\/i0.wp.com\/www.grieta.org.mx\/wp-content\/uploads\/2018\/03\/14524434_1106112876131411_958039263622046936_o.jpg?resize=350%2C200","width":350,"height":200,"srcset":"https:\/\/i0.wp.com\/www.grieta.org.mx\/wp-content\/uploads\/2018\/03\/14524434_1106112876131411_958039263622046936_o.jpg?resize=350%2C200 1x, https:\/\/i0.wp.com\/www.grieta.org.mx\/wp-content\/uploads\/2018\/03\/14524434_1106112876131411_958039263622046936_o.jpg?resize=525%2C300 1.5x, https:\/\/i0.wp.com\/www.grieta.org.mx\/wp-content\/uploads\/2018\/03\/14524434_1106112876131411_958039263622046936_o.jpg?resize=700%2C400 2x"},"classes":[]},{"id":22144,"url":"http:\/\/www.grieta.org.mx\/index.php\/militarizacion\/","url_meta":{"origin":4797,"position":4},"title":"Militarizaci\u00f3n","author":"Admin","date":"16 marzo, 2018","format":false,"excerpt":"En los reg\u00edmenes pol\u00edticos caracter\u00edsticos del modo de producci\u00f3n capitalista, el ej\u00e9rcito tiene como funciones reconocidas en las leyes, entre otras: salvaguardar las fronteras nacionales, garantizar la paz y la seguridad interior y contribuir a mantener el estado de derecho. En realidad, como expresi\u00f3n del poder coercitivo del Estado, el\u2026","rel":"","context":"Entrada similar ","block_context":{"text":"Entrada similar ","link":""},"img":{"alt_text":"","src":"https:\/\/i0.wp.com\/www.grieta.org.mx\/wp-content\/uploads\/2021\/04\/amlo-gn.png?resize=350%2C200","width":350,"height":200,"srcset":"https:\/\/i0.wp.com\/www.grieta.org.mx\/wp-content\/uploads\/2021\/04\/amlo-gn.png?resize=350%2C200 1x, https:\/\/i0.wp.com\/www.grieta.org.mx\/wp-content\/uploads\/2021\/04\/amlo-gn.png?resize=525%2C300 1.5x, https:\/\/i0.wp.com\/www.grieta.org.mx\/wp-content\/uploads\/2021\/04\/amlo-gn.png?resize=700%2C400 2x"},"classes":[]},{"id":15708,"url":"http:\/\/www.grieta.org.mx\/index.php\/megaproyectos\/","url_meta":{"origin":4797,"position":5},"title":"\u00bfQu\u00e9 es un megaproyecto?","author":"grieta","date":"2 julio, 2016","format":false,"excerpt":"Un megaproyecto se puede definir como un desarrollo extraordinario en el que se involucran grandes presupuestos estatales junto con enormes capitales privados para modificar de manera radical un territorio en funci\u00f3n de las exigencias de un tipo particular de infraestructura. Las caracter\u00edsticas y dimensiones de los megaproyectos ponen en juego\u2026","rel":"","context":"Entrada similar ","block_context":{"text":"Entrada similar ","link":""},"img":{"alt_text":"","src":"https:\/\/i0.wp.com\/www.grieta.org.mx\/wp-content\/uploads\/2020\/02\/NoMegaproyectos.jpg?resize=350%2C200","width":350,"height":200,"srcset":"https:\/\/i0.wp.com\/www.grieta.org.mx\/wp-content\/uploads\/2020\/02\/NoMegaproyectos.jpg?resize=350%2C200 1x, https:\/\/i0.wp.com\/www.grieta.org.mx\/wp-content\/uploads\/2020\/02\/NoMegaproyectos.jpg?resize=525%2C300 1.5x, https:\/\/i0.wp.com\/www.grieta.org.mx\/wp-content\/uploads\/2020\/02\/NoMegaproyectos.jpg?resize=700%2C400 2x, https:\/\/i0.wp.com\/www.grieta.org.mx\/wp-content\/uploads\/2020\/02\/NoMegaproyectos.jpg?resize=1050%2C600 3x, https:\/\/i0.wp.com\/www.grieta.org.mx\/wp-content\/uploads\/2020\/02\/NoMegaproyectos.jpg?resize=1400%2C800 4x"},"classes":[]}],"_links":{"self":[{"href":"http:\/\/www.grieta.org.mx\/index.php\/wp-json\/wp\/v2\/pages\/4797","targetHints":{"allow":["GET"]}}],"collection":[{"href":"http:\/\/www.grieta.org.mx\/index.php\/wp-json\/wp\/v2\/pages"}],"about":[{"href":"http:\/\/www.grieta.org.mx\/index.php\/wp-json\/wp\/v2\/types\/page"}],"author":[{"embeddable":true,"href":"http:\/\/www.grieta.org.mx\/index.php\/wp-json\/wp\/v2\/users\/1"}],"replies":[{"embeddable":true,"href":"http:\/\/www.grieta.org.mx\/index.php\/wp-json\/wp\/v2\/comments?post=4797"}],"version-history":[{"count":1,"href":"http:\/\/www.grieta.org.mx\/index.php\/wp-json\/wp\/v2\/pages\/4797\/revisions"}],"predecessor-version":[{"id":13914,"href":"http:\/\/www.grieta.org.mx\/index.php\/wp-json\/wp\/v2\/pages\/4797\/revisions\/13914"}],"wp:featuredmedia":[{"embeddable":true,"href":"http:\/\/www.grieta.org.mx\/index.php\/wp-json\/wp\/v2\/media\/21928"}],"wp:attachment":[{"href":"http:\/\/www.grieta.org.mx\/index.php\/wp-json\/wp\/v2\/media?parent=4797"}],"curies":[{"name":"wp","href":"https:\/\/api.w.org\/{rel}","templated":true}]}}