{"id":21789,"date":"2018-02-23T08:47:29","date_gmt":"2018-02-23T14:47:29","guid":{"rendered":"http:\/\/www.grieta.org.mx\/?page_id=21789"},"modified":"2018-02-23T08:47:29","modified_gmt":"2018-02-23T14:47:29","slug":"oaxaca","status":"publish","type":"page","link":"http:\/\/www.grieta.org.mx\/index.php\/oaxaca\/","title":{"rendered":"Oaxaca"},"content":{"rendered":"","protected":false},"excerpt":{"rendered":"","protected":false},"author":1,"featured_media":21928,"parent":0,"menu_order":0,"comment_status":"closed","ping_status":"closed","template":"oaxaca_page.php","meta":{"ngg_post_thumbnail":0,"footnotes":""},"class_list":["post-21789","page","type-page","status-publish","has-post-thumbnail","hentry","entry"],"jetpack_sharing_enabled":true,"jetpack_shortlink":"https:\/\/wp.me\/P7ZJR4-5Fr","jetpack_likes_enabled":false,"jetpack-related-posts":[{"id":8684,"url":"http:\/\/www.grieta.org.mx\/index.php\/comunicaciones-y-transportes\/carreteras-oaxaca-costa-y-oaxaca-istmo-2\/","url_meta":{"origin":21789,"position":0},"title":"Carreteras Oaxaca-Costa y Oaxaca-Istmo","author":"grieta","date":"30 marzo, 2016","format":false,"excerpt":"El proyecto contempla la construcci\u00f3n de cinco ejes carreteros. 1. Oaxaca-Costa, con una longitud de 195 kil\u00f3metros. 2. Oaxaca-Tehuantepec, con 210 kil\u00f3metros de distancia. 3. Eje carretero n\u00famero 15, del tramo Puerto Escondido- Pochutla \u2013 Huatulco, con una extensi\u00f3n de 110 kil\u00f3metros. 4. Acayucan \u2013 La Ventosa.- con una longitud\u2026","rel":"","context":"Entrada similar ","block_context":{"text":"Entrada similar ","link":""},"img":{"alt_text":"","src":"https:\/\/i0.wp.com\/www.grieta.org.mx\/wp-content\/uploads\/2018\/03\/14524434_1106112876131411_958039263622046936_o.jpg?resize=350%2C200","width":350,"height":200,"srcset":"https:\/\/i0.wp.com\/www.grieta.org.mx\/wp-content\/uploads\/2018\/03\/14524434_1106112876131411_958039263622046936_o.jpg?resize=350%2C200 1x, https:\/\/i0.wp.com\/www.grieta.org.mx\/wp-content\/uploads\/2018\/03\/14524434_1106112876131411_958039263622046936_o.jpg?resize=525%2C300 1.5x, https:\/\/i0.wp.com\/www.grieta.org.mx\/wp-content\/uploads\/2018\/03\/14524434_1106112876131411_958039263622046936_o.jpg?resize=700%2C400 2x"},"classes":[]},{"id":13435,"url":"http:\/\/www.grieta.org.mx\/index.php\/comunicaciones-y-transportes\/carreteras-oaxaca-costa-y-oaxaca-istmo\/","url_meta":{"origin":21789,"position":1},"title":"Carreteras Oaxaca-Costa y Oaxaca-Istmo","author":"grieta","date":"2 junio, 2016","format":false,"excerpt":"El proyecto contempla la construcci\u00f3n de cinco ejes carreteros. 1. Oaxaca-Costa, con una longitud de 195 kil\u00f3metros. 2. Oaxaca-Tehuantepec, con 210 kil\u00f3metros de distancia. 3. Eje carretero n\u00famero 15, del tramo Puerto Escondido- Pochutla \u2013 Huatulco, con una extensi\u00f3n de 110 kil\u00f3metros. 4. Acayucan - La Ventosa.- con una longitud\u2026","rel":"","context":"Entrada similar ","block_context":{"text":"Entrada similar ","link":""},"img":{"alt_text":"","src":"https:\/\/i0.wp.com\/www.grieta.org.mx\/wp-content\/uploads\/2018\/03\/14524434_1106112876131411_958039263622046936_o.jpg?resize=350%2C200","width":350,"height":200,"srcset":"https:\/\/i0.wp.com\/www.grieta.org.mx\/wp-content\/uploads\/2018\/03\/14524434_1106112876131411_958039263622046936_o.jpg?resize=350%2C200 1x, https:\/\/i0.wp.com\/www.grieta.org.mx\/wp-content\/uploads\/2018\/03\/14524434_1106112876131411_958039263622046936_o.jpg?resize=525%2C300 1.5x, https:\/\/i0.wp.com\/www.grieta.org.mx\/wp-content\/uploads\/2018\/03\/14524434_1106112876131411_958039263622046936_o.jpg?resize=700%2C400 2x"},"classes":[]},{"id":8656,"url":"http:\/\/www.grieta.org.mx\/index.php\/proyectos-hidricos\/hidorelectrica-paso-de-la-reina-oaxaca\/","url_meta":{"origin":21789,"position":2},"title":"Hidroel\u00e9ctrica Paso de la Reina (Oaxaca)","author":"grieta","date":"30 marzo, 2016","format":false,"excerpt":"El 24 de marzo de 2006 la CFE anunci\u00f3 oficialmente la construcci\u00f3n de la presa denominada \u201cAprovechamiento Hidr\u00e1ulico de Usos M\u00faltiples Paso de la Reina\u201d en el estado de Oaxaca. La presa tendr\u00eda una cortina de 195 metros y afectar\u00eda directamente 3,100 hect\u00e1reas en 6 municipios y m\u00e1s de 40\u2026","rel":"","context":"Entrada similar ","block_context":{"text":"Entrada similar ","link":""},"img":{"alt_text":"","src":"https:\/\/i0.wp.com\/www.grieta.org.mx\/wp-content\/uploads\/2018\/03\/14524434_1106112876131411_958039263622046936_o.jpg?resize=350%2C200","width":350,"height":200,"srcset":"https:\/\/i0.wp.com\/www.grieta.org.mx\/wp-content\/uploads\/2018\/03\/14524434_1106112876131411_958039263622046936_o.jpg?resize=350%2C200 1x, https:\/\/i0.wp.com\/www.grieta.org.mx\/wp-content\/uploads\/2018\/03\/14524434_1106112876131411_958039263622046936_o.jpg?resize=525%2C300 1.5x, https:\/\/i0.wp.com\/www.grieta.org.mx\/wp-content\/uploads\/2018\/03\/14524434_1106112876131411_958039263622046936_o.jpg?resize=700%2C400 2x"},"classes":[]},{"id":8682,"url":"http:\/\/www.grieta.org.mx\/index.php\/proyectos-hidricos\/hidroelectrica-paso-de-la-reina-oaxaca\/","url_meta":{"origin":21789,"position":3},"title":"Hidroel\u00e9ctrica Paso de la Reina (Oaxaca)","author":"grieta","date":"30 marzo, 2016","format":false,"excerpt":"El 24 de marzo de 2006 la CFE anunci\u00f3 oficialmente la construcci\u00f3n de la presa denominada \u201cAprovechamiento Hidr\u00e1ulico de Usos M\u00faltiples Paso de la Reina\u201d en el estado de Oaxaca. La presa tendr\u00eda una cortina de 195 metros y afectar\u00eda directamente 3,100 hect\u00e1reas en 6 municipios y m\u00e1s de 40\u2026","rel":"","context":"Entrada similar ","block_context":{"text":"Entrada similar ","link":""},"img":{"alt_text":"","src":"https:\/\/i0.wp.com\/www.grieta.org.mx\/wp-content\/uploads\/2018\/03\/14524434_1106112876131411_958039263622046936_o.jpg?resize=350%2C200","width":350,"height":200,"srcset":"https:\/\/i0.wp.com\/www.grieta.org.mx\/wp-content\/uploads\/2018\/03\/14524434_1106112876131411_958039263622046936_o.jpg?resize=350%2C200 1x, https:\/\/i0.wp.com\/www.grieta.org.mx\/wp-content\/uploads\/2018\/03\/14524434_1106112876131411_958039263622046936_o.jpg?resize=525%2C300 1.5x, https:\/\/i0.wp.com\/www.grieta.org.mx\/wp-content\/uploads\/2018\/03\/14524434_1106112876131411_958039263622046936_o.jpg?resize=700%2C400 2x"},"classes":[]},{"id":7442,"url":"http:\/\/www.grieta.org.mx\/index.php\/parques-eolicos\/corredor-eolico-del-istmo-de-tehuantepec\/","url_meta":{"origin":21789,"position":4},"title":"Corredor E\u00f3lico del Istmo de Tehuantepec","author":"grieta","date":"29 marzo, 2016","format":false,"excerpt":"El Istmo de Tehuantepec es una regi\u00f3n comprendida entre los estados de Oaxaca, Veracruz, Chiapas y Tabasco. Esta regi\u00f3n es la zona m\u00e1s angosta del territorio mexicano que comunica los dos oc\u00e9anos; Pac\u00edfico y Atl\u00e1ntico. En su punto m\u00e1s estrecho el Istmo tiene tan s\u00f3lo 200 km de distancia entre\u2026","rel":"","context":"Entrada similar ","block_context":{"text":"Entrada similar ","link":""},"img":{"alt_text":"","src":"https:\/\/i0.wp.com\/www.grieta.org.mx\/wp-content\/uploads\/2021\/04\/istmo.jpg?resize=350%2C200","width":350,"height":200,"srcset":"https:\/\/i0.wp.com\/www.grieta.org.mx\/wp-content\/uploads\/2021\/04\/istmo.jpg?resize=350%2C200 1x, https:\/\/i0.wp.com\/www.grieta.org.mx\/wp-content\/uploads\/2021\/04\/istmo.jpg?resize=525%2C300 1.5x, https:\/\/i0.wp.com\/www.grieta.org.mx\/wp-content\/uploads\/2021\/04\/istmo.jpg?resize=700%2C400 2x"},"classes":[]},{"id":13358,"url":"http:\/\/www.grieta.org.mx\/index.php\/comunicaciones-y-transportes\/","url_meta":{"origin":21789,"position":5},"title":"Comunicaciones y Transportes","author":"grieta","date":"1 junio, 2016","format":false,"excerpt":"El Programa Nacional de Infraestructura (PNI) forma parte del Plan Nacional de Desarrollo cuya versi\u00f3n 2014 \u2013 2018 contempla seis sectores estrat\u00e9gicos: 1. Comunicaciones y transportes, 2. Energ\u00eda, 3. Hidr\u00e1ulico, 4. Salud, 5. Desarrollo urbano y vivienda, y 6. Turismo. En materia de Comunicaciones y Transportes \u00e9ste se divide en\u2026","rel":"","context":"Entrada similar ","block_context":{"text":"Entrada similar ","link":""},"img":{"alt_text":"","src":"https:\/\/i0.wp.com\/www.grieta.org.mx\/wp-content\/uploads\/2018\/03\/14524434_1106112876131411_958039263622046936_o.jpg?resize=350%2C200","width":350,"height":200,"srcset":"https:\/\/i0.wp.com\/www.grieta.org.mx\/wp-content\/uploads\/2018\/03\/14524434_1106112876131411_958039263622046936_o.jpg?resize=350%2C200 1x, https:\/\/i0.wp.com\/www.grieta.org.mx\/wp-content\/uploads\/2018\/03\/14524434_1106112876131411_958039263622046936_o.jpg?resize=525%2C300 1.5x, https:\/\/i0.wp.com\/www.grieta.org.mx\/wp-content\/uploads\/2018\/03\/14524434_1106112876131411_958039263622046936_o.jpg?resize=700%2C400 2x"},"classes":[]}],"_links":{"self":[{"href":"http:\/\/www.grieta.org.mx\/index.php\/wp-json\/wp\/v2\/pages\/21789","targetHints":{"allow":["GET"]}}],"collection":[{"href":"http:\/\/www.grieta.org.mx\/index.php\/wp-json\/wp\/v2\/pages"}],"about":[{"href":"http:\/\/www.grieta.org.mx\/index.php\/wp-json\/wp\/v2\/types\/page"}],"author":[{"embeddable":true,"href":"http:\/\/www.grieta.org.mx\/index.php\/wp-json\/wp\/v2\/users\/1"}],"replies":[{"embeddable":true,"href":"http:\/\/www.grieta.org.mx\/index.php\/wp-json\/wp\/v2\/comments?post=21789"}],"version-history":[{"count":1,"href":"http:\/\/www.grieta.org.mx\/index.php\/wp-json\/wp\/v2\/pages\/21789\/revisions"}],"predecessor-version":[{"id":21790,"href":"http:\/\/www.grieta.org.mx\/index.php\/wp-json\/wp\/v2\/pages\/21789\/revisions\/21790"}],"wp:featuredmedia":[{"embeddable":true,"href":"http:\/\/www.grieta.org.mx\/index.php\/wp-json\/wp\/v2\/media\/21928"}],"wp:attachment":[{"href":"http:\/\/www.grieta.org.mx\/index.php\/wp-json\/wp\/v2\/media?parent=21789"}],"curies":[{"name":"wp","href":"https:\/\/api.w.org\/{rel}","templated":true}]}}