{"id":13435,"date":"2016-06-02T04:04:23","date_gmt":"2016-06-02T04:04:23","guid":{"rendered":"http:\/\/www.grieta.org.mx\/?page_id=13435"},"modified":"2019-02-01T14:50:19","modified_gmt":"2019-02-01T20:50:19","slug":"carreteras-oaxaca-costa-y-oaxaca-istmo","status":"publish","type":"page","link":"http:\/\/www.grieta.org.mx\/index.php\/comunicaciones-y-transportes\/carreteras-oaxaca-costa-y-oaxaca-istmo\/","title":{"rendered":"Carreteras Oaxaca-Costa y Oaxaca-Istmo"},"content":{"rendered":"<p>El proyecto contempla la construcci\u00f3n de cinco ejes carreteros.<\/p>\n<p>1. Oaxaca-Costa, con una longitud de 195 kil\u00f3metros.<\/p>\n<p>2. Oaxaca-Tehuantepec, con 210 kil\u00f3metros de distancia.<\/p>\n<p>3. Eje carretero n\u00famero 15, del tramo Puerto Escondido- Pochutla \u2013 Huatulco, con una extensi\u00f3n de 110 kil\u00f3metros.<\/p>\n<p>4. Acayucan &#8211; La Ventosa.- con una longitud de 170 kil\u00f3metros, de ellos, 103 en el estado de Oaxaca.<\/p>\n<p>5. Oaxaca \u2013 Tuxtepec, en proceso de estudio t\u00e9cnico, que pretende reducir el tiempo de traslado a 2.5 horas en un trayecto entre ambos puntos de 240 kil\u00f3metros.<\/p>\n<p><span class=\"justify\">La construcci\u00f3n de las supercarreteras a la Costa y el Istmo est\u00e1 a cargo de la empresa Ingenieros Civiles y Asociados (ICA)<\/span><\/p>\n<p>Con informaci\u00f3n de:<\/p>\n<p><a href=\"http:\/\/www.grieta.org.mx\/index.php\/espejos-de-la-resistencia\/\"><strong><em>Espejo 9<\/em><\/strong><\/a><br \/>\n<a href=\"http:\/\/www.sct.gob.mx\/despliega-noticias\/article\/en-2014-listas-supercarreteras-a-la-costa-y-el-istmo-de-tehuantepec-gabino-cue-dionisio-perez\" target=\"_blank\">http:\/\/www.sct.gob.mx\/despliega-noticias\/article\/en-2014-listas-supercarreteras-a-la-costa-y-el-istmo-de-tehuantepec-gabino-cue-dionisio-perez<\/a><\/p>\n","protected":false},"excerpt":{"rendered":"<p>El proyecto contempla la construcci\u00f3n de cinco ejes carreteros. 1. Oaxaca-Costa, con una longitud de 195 kil\u00f3metros. 2. Oaxaca-Tehuantepec, con 210 kil\u00f3metros de distancia. 3. Eje carretero n\u00famero 15, del &hellip; <a href=\"http:\/\/www.grieta.org.mx\/index.php\/comunicaciones-y-transportes\/carreteras-oaxaca-costa-y-oaxaca-istmo\/\" class=\"more-link\">Leer m\u00e1s<\/a><\/p>\n","protected":false},"author":2,"featured_media":21928,"parent":13358,"menu_order":0,"comment_status":"closed","ping_status":"closed","template":"carreteras-oaxaca-costa-y-oaxaca-istmo_page.php","meta":{"ngg_post_thumbnail":0,"footnotes":""},"class_list":["post-13435","page","type-page","status-publish","has-post-thumbnail","hentry","entry"],"jetpack_sharing_enabled":true,"jetpack_shortlink":"https:\/\/wp.me\/P7ZJR4-3uH","jetpack_likes_enabled":false,"jetpack-related-posts":[{"id":8684,"url":"http:\/\/www.grieta.org.mx\/index.php\/comunicaciones-y-transportes\/carreteras-oaxaca-costa-y-oaxaca-istmo-2\/","url_meta":{"origin":13435,"position":0},"title":"Carreteras Oaxaca-Costa y Oaxaca-Istmo","author":"grieta","date":"30 marzo, 2016","format":false,"excerpt":"El proyecto contempla la construcci\u00f3n de cinco ejes carreteros. 1. Oaxaca-Costa, con una longitud de 195 kil\u00f3metros. 2. Oaxaca-Tehuantepec, con 210 kil\u00f3metros de distancia. 3. Eje carretero n\u00famero 15, del tramo Puerto Escondido- Pochutla \u2013 Huatulco, con una extensi\u00f3n de 110 kil\u00f3metros. 4. Acayucan \u2013 La Ventosa.- con una longitud\u2026","rel":"","context":"Entrada similar ","block_context":{"text":"Entrada similar ","link":""},"img":{"alt_text":"","src":"https:\/\/i0.wp.com\/www.grieta.org.mx\/wp-content\/uploads\/2018\/03\/14524434_1106112876131411_958039263622046936_o.jpg?resize=350%2C200","width":350,"height":200,"srcset":"https:\/\/i0.wp.com\/www.grieta.org.mx\/wp-content\/uploads\/2018\/03\/14524434_1106112876131411_958039263622046936_o.jpg?resize=350%2C200 1x, https:\/\/i0.wp.com\/www.grieta.org.mx\/wp-content\/uploads\/2018\/03\/14524434_1106112876131411_958039263622046936_o.jpg?resize=525%2C300 1.5x, https:\/\/i0.wp.com\/www.grieta.org.mx\/wp-content\/uploads\/2018\/03\/14524434_1106112876131411_958039263622046936_o.jpg?resize=700%2C400 2x"},"classes":[]},{"id":5920,"url":"http:\/\/www.grieta.org.mx\/index.php\/hidrocarburos\/gasoducto-salina-cruz-tapachula\/","url_meta":{"origin":13435,"position":1},"title":"Gasoducto Salina Cruz &#8211; Tapachula","author":"grieta","date":"31 marzo, 2016","format":false,"excerpt":"Este gasoducto mide 20 pulgadas de di\u00e1metro y 440 kil\u00f3metros de longitud. Se pretende que contribuya al desarrollo econ\u00f3mico de los estados de Oaxaca y Chiapas, al atraer inversi\u00f3n para la instalaci\u00f3n de plantas productivas en la regi\u00f3n. El 28 de noviembre de 2014, la SENER determin\u00f3 este gasoducto como\u2026","rel":"","context":"Entrada similar ","block_context":{"text":"Entrada similar ","link":""},"img":{"alt_text":"","src":"https:\/\/i0.wp.com\/www.grieta.org.mx\/wp-content\/uploads\/2021\/06\/sc.jpg?resize=350%2C200","width":350,"height":200,"srcset":"https:\/\/i0.wp.com\/www.grieta.org.mx\/wp-content\/uploads\/2021\/06\/sc.jpg?resize=350%2C200 1x, https:\/\/i0.wp.com\/www.grieta.org.mx\/wp-content\/uploads\/2021\/06\/sc.jpg?resize=525%2C300 1.5x, https:\/\/i0.wp.com\/www.grieta.org.mx\/wp-content\/uploads\/2021\/06\/sc.jpg?resize=700%2C400 2x"},"classes":[]},{"id":7442,"url":"http:\/\/www.grieta.org.mx\/index.php\/parques-eolicos\/corredor-eolico-del-istmo-de-tehuantepec\/","url_meta":{"origin":13435,"position":2},"title":"Corredor E\u00f3lico del Istmo de Tehuantepec","author":"grieta","date":"29 marzo, 2016","format":false,"excerpt":"El Istmo de Tehuantepec es una regi\u00f3n comprendida entre los estados de Oaxaca, Veracruz, Chiapas y Tabasco. Esta regi\u00f3n es la zona m\u00e1s angosta del territorio mexicano que comunica los dos oc\u00e9anos; Pac\u00edfico y Atl\u00e1ntico. En su punto m\u00e1s estrecho el Istmo tiene tan s\u00f3lo 200 km de distancia entre\u2026","rel":"","context":"Entrada similar ","block_context":{"text":"Entrada similar ","link":""},"img":{"alt_text":"","src":"https:\/\/i0.wp.com\/www.grieta.org.mx\/wp-content\/uploads\/2021\/04\/istmo.jpg?resize=350%2C200","width":350,"height":200,"srcset":"https:\/\/i0.wp.com\/www.grieta.org.mx\/wp-content\/uploads\/2021\/04\/istmo.jpg?resize=350%2C200 1x, https:\/\/i0.wp.com\/www.grieta.org.mx\/wp-content\/uploads\/2021\/04\/istmo.jpg?resize=525%2C300 1.5x, https:\/\/i0.wp.com\/www.grieta.org.mx\/wp-content\/uploads\/2021\/04\/istmo.jpg?resize=700%2C400 2x"},"classes":[]},{"id":21789,"url":"http:\/\/www.grieta.org.mx\/index.php\/oaxaca\/","url_meta":{"origin":13435,"position":3},"title":"Oaxaca","author":"Admin","date":"23 febrero, 2018","format":false,"excerpt":"","rel":"","context":"Entrada similar ","block_context":{"text":"Entrada similar ","link":""},"img":{"alt_text":"","src":"https:\/\/i0.wp.com\/www.grieta.org.mx\/wp-content\/uploads\/2018\/03\/14524434_1106112876131411_958039263622046936_o.jpg?resize=350%2C200","width":350,"height":200,"srcset":"https:\/\/i0.wp.com\/www.grieta.org.mx\/wp-content\/uploads\/2018\/03\/14524434_1106112876131411_958039263622046936_o.jpg?resize=350%2C200 1x, https:\/\/i0.wp.com\/www.grieta.org.mx\/wp-content\/uploads\/2018\/03\/14524434_1106112876131411_958039263622046936_o.jpg?resize=525%2C300 1.5x, https:\/\/i0.wp.com\/www.grieta.org.mx\/wp-content\/uploads\/2018\/03\/14524434_1106112876131411_958039263622046936_o.jpg?resize=700%2C400 2x"},"classes":[]},{"id":8572,"url":"http:\/\/www.grieta.org.mx\/index.php\/proyectos-hidricos\/","url_meta":{"origin":13435,"position":4},"title":"Proyectos H\u00eddricos","author":"grieta","date":"30 marzo, 2016","format":false,"excerpt":"M\u00e9xico posee 731 cuencas hidrol\u00f3gicas agrupadas en 37 regiones hidrol\u00f3gicas y 13 regiones mayores de tipo administrativo. De las 37 regiones hidrol\u00f3gicas, las m\u00e1s h\u00famedas son la regi\u00f3n 30: Grijalva\u2013Usumacinta, la 29: Coatzacoalcos, la 28: Papaloapan y la 23: Costa de Chiapas. Los r\u00edos y arroyos del pa\u00eds constituyen una\u2026","rel":"","context":"Entrada similar ","block_context":{"text":"Entrada similar ","link":""},"img":{"alt_text":"","src":"https:\/\/i0.wp.com\/www.grieta.org.mx\/wp-content\/uploads\/2018\/03\/14524434_1106112876131411_958039263622046936_o.jpg?resize=350%2C200","width":350,"height":200,"srcset":"https:\/\/i0.wp.com\/www.grieta.org.mx\/wp-content\/uploads\/2018\/03\/14524434_1106112876131411_958039263622046936_o.jpg?resize=350%2C200 1x, https:\/\/i0.wp.com\/www.grieta.org.mx\/wp-content\/uploads\/2018\/03\/14524434_1106112876131411_958039263622046936_o.jpg?resize=525%2C300 1.5x, https:\/\/i0.wp.com\/www.grieta.org.mx\/wp-content\/uploads\/2018\/03\/14524434_1106112876131411_958039263622046936_o.jpg?resize=700%2C400 2x"},"classes":[]},{"id":8656,"url":"http:\/\/www.grieta.org.mx\/index.php\/proyectos-hidricos\/hidorelectrica-paso-de-la-reina-oaxaca\/","url_meta":{"origin":13435,"position":5},"title":"Hidroel\u00e9ctrica Paso de la Reina (Oaxaca)","author":"grieta","date":"30 marzo, 2016","format":false,"excerpt":"El 24 de marzo de 2006 la CFE anunci\u00f3 oficialmente la construcci\u00f3n de la presa denominada \u201cAprovechamiento Hidr\u00e1ulico de Usos M\u00faltiples Paso de la Reina\u201d en el estado de Oaxaca. La presa tendr\u00eda una cortina de 195 metros y afectar\u00eda directamente 3,100 hect\u00e1reas en 6 municipios y m\u00e1s de 40\u2026","rel":"","context":"Entrada similar ","block_context":{"text":"Entrada similar ","link":""},"img":{"alt_text":"","src":"https:\/\/i0.wp.com\/www.grieta.org.mx\/wp-content\/uploads\/2018\/03\/14524434_1106112876131411_958039263622046936_o.jpg?resize=350%2C200","width":350,"height":200,"srcset":"https:\/\/i0.wp.com\/www.grieta.org.mx\/wp-content\/uploads\/2018\/03\/14524434_1106112876131411_958039263622046936_o.jpg?resize=350%2C200 1x, https:\/\/i0.wp.com\/www.grieta.org.mx\/wp-content\/uploads\/2018\/03\/14524434_1106112876131411_958039263622046936_o.jpg?resize=525%2C300 1.5x, https:\/\/i0.wp.com\/www.grieta.org.mx\/wp-content\/uploads\/2018\/03\/14524434_1106112876131411_958039263622046936_o.jpg?resize=700%2C400 2x"},"classes":[]}],"_links":{"self":[{"href":"http:\/\/www.grieta.org.mx\/index.php\/wp-json\/wp\/v2\/pages\/13435","targetHints":{"allow":["GET"]}}],"collection":[{"href":"http:\/\/www.grieta.org.mx\/index.php\/wp-json\/wp\/v2\/pages"}],"about":[{"href":"http:\/\/www.grieta.org.mx\/index.php\/wp-json\/wp\/v2\/types\/page"}],"author":[{"embeddable":true,"href":"http:\/\/www.grieta.org.mx\/index.php\/wp-json\/wp\/v2\/users\/2"}],"replies":[{"embeddable":true,"href":"http:\/\/www.grieta.org.mx\/index.php\/wp-json\/wp\/v2\/comments?post=13435"}],"version-history":[{"count":1,"href":"http:\/\/www.grieta.org.mx\/index.php\/wp-json\/wp\/v2\/pages\/13435\/revisions"}],"predecessor-version":[{"id":13436,"href":"http:\/\/www.grieta.org.mx\/index.php\/wp-json\/wp\/v2\/pages\/13435\/revisions\/13436"}],"up":[{"embeddable":true,"href":"http:\/\/www.grieta.org.mx\/index.php\/wp-json\/wp\/v2\/pages\/13358"}],"wp:featuredmedia":[{"embeddable":true,"href":"http:\/\/www.grieta.org.mx\/index.php\/wp-json\/wp\/v2\/media\/21928"}],"wp:attachment":[{"href":"http:\/\/www.grieta.org.mx\/index.php\/wp-json\/wp\/v2\/media?parent=13435"}],"curies":[{"name":"wp","href":"https:\/\/api.w.org\/{rel}","templated":true}]}}